{"id":40502,"date":"2021-07-20T03:32:48","date_gmt":"2021-07-20T03:32:48","guid":{"rendered":"https:\/\/oportundev3.wpengine.com\/accessibility\/"},"modified":"2023-03-06T16:34:58","modified_gmt":"2023-03-07T00:34:58","slug":"accesibilidad","status":"publish","type":"page","link":"https:\/\/oportun.com\/es\/accesibilidad\/","title":{"rendered":"Accesibilidad"},"content":{"rendered":"","protected":false},"excerpt":{"rendered":"","protected":false},"author":1,"featured_media":0,"parent":0,"menu_order":0,"comment_status":"closed","ping_status":"closed","template":"templates\/flexible.php","meta":{"_acf_changed":false,"footnotes":""},"folder":[],"class_list":["post-40502","page","type-page","status-publish","hentry"],"acf":{"blocks":[{"acf_fc_layout":"content_block","settings":{"name":"","columns":"1","display":"auto","background":"none","image_placement":"auto","padding":"","ab_component":"","ab_test_type":""},"blocks":[{"acf_fc_layout":"content","content_title":"","block_settings":{"disabled":"No"},"description":"<h1>Accesibilidad<\/h1>\r\nLa misi\u00f3n de Oportun de brindar servicios financieros inclusivos y asequibles que empoderan a nuestros clientes para construir un futuro mejor incluye hacer que nuestros productos y servicios sean accesibles para todos, incluyendo a personas con diferentes capacidades. Estamos comprometidos a hacer accesibles nuestros servicios al mayor p\u00fablico posible y a trabajar continuamente para mejorar la facilidad de uso y el dise\u00f1o.\r\n\r\nSi tiene problemas de accesibilidad debido a una discapacidad o impedimento, comun\u00edquese con el equipo de Servicio al Cliente de Oportun en:\r\n\r\n<a href=\"tel:+18552151192\">(855) 215-1192<\/a>\r\n\r\n<a href=\"mailto:info@oportun.com\" data-event_tracking=\"link click\" data-event_tracking_label=\"info@oportun.com\" data-event_tracking_section=\"intro intro-padding\">info@oportun.com<\/a>\r\n\r\nPara proteger su privacidad, no incluya informaci\u00f3n de identificaci\u00f3n personal, como su n\u00famero de seguridad social, n\u00famero de cuenta u otra informaci\u00f3n confidencial, cuando se comunique con nosotros por correo electr\u00f3nico."}]}]},"_links":{"self":[{"href":"https:\/\/oportun.com\/es\/wp-json\/wp\/v2\/pages\/40502","targetHints":{"allow":["GET"]}}],"collection":[{"href":"https:\/\/oportun.com\/es\/wp-json\/wp\/v2\/pages"}],"about":[{"href":"https:\/\/oportun.com\/es\/wp-json\/wp\/v2\/types\/page"}],"author":[{"embeddable":true,"href":"https:\/\/oportun.com\/es\/wp-json\/wp\/v2\/users\/1"}],"replies":[{"embeddable":true,"href":"https:\/\/oportun.com\/es\/wp-json\/wp\/v2\/comments?post=40502"}],"version-history":[{"count":0,"href":"https:\/\/oportun.com\/es\/wp-json\/wp\/v2\/pages\/40502\/revisions"}],"wp:attachment":[{"href":"https:\/\/oportun.com\/es\/wp-json\/wp\/v2\/media?parent=40502"}],"wp:term":[{"taxonomy":"folder","embeddable":true,"href":"https:\/\/oportun.com\/es\/wp-json\/wp\/v2\/folder?post=40502"}],"curies":[{"name":"wp","href":"https:\/\/api.w.org\/{rel}","templated":true}]}}