{"id":2785140,"date":"2025-03-26T16:39:48","date_gmt":"2025-03-26T23:39:48","guid":{"rendered":"https:\/\/oportundev3.wpengine.com\/?page_id=2785140"},"modified":"2026-04-06T13:32:32","modified_gmt":"2026-04-06T20:32:32","slug":"contactanos","status":"publish","type":"page","link":"https:\/\/oportun.com\/es\/contactanos\/","title":{"rendered":"Contact\u00e1nos"},"content":{"rendered":"","protected":false},"excerpt":{"rendered":"","protected":false},"author":18,"featured_media":0,"parent":0,"menu_order":0,"comment_status":"closed","ping_status":"closed","template":"templates\/flexible.php","meta":{"_acf_changed":false,"footnotes":""},"folder":[],"class_list":["post-2785140","page","type-page","status-publish","hentry"],"acf":{"blocks":[{"acf_fc_layout":"content_block","settings":{"name":"Hero with form","columns":"2","display":"auto","background":"none","image_placement":"auto","padding":"","ab_component":"","ab_test_type":""},"blocks":[{"acf_fc_layout":"content","content_title":"","block_settings":{"disabled":"No"},"description":"<h1>Cont\u00e1ctanos<\/h1>\r\n[ocw_contact_form]"},{"acf_fc_layout":"image","block_settings":{"disabled":"No"},"asset":2783998,"asset_mobile":null,"alt":"","border_radius_enabled":"yes","disabled_img_mobile":"yes","youtube_embed_url":"","image_link_to":null,"lazy_load":false}]},{"acf_fc_layout":"content_block","settings":{"name":"Contact info custom-list","columns":"1","display":"wide","background":"light-gray","image_placement":"auto","padding":"","ab_component":"","ab_test_type":""},"blocks":[{"acf_fc_layout":"list","block_settings":{"disabled":"No"},"settings":{"list_type":"horizontal_list","list_style":"bullet_icon","icon":{"source":""},"title":"","automatic_scrolling":false,"autoscrolling_speed":"mod","card_background":"default","icon_color":"default"},"items":[{"icon":"loans","custom_bullet":"","border_around_icon":"border-desk-mobile-green","custom_bullet_color":"black","title":"","text":"<h4>Pr\u00e9stamos personales<\/h4>\r\n<span>Lun-vie: 8 am\u20148 pm PT<\/span>\r\n<span>S\u00e1b-dom: 9 am\u20147 pm PT<\/span>\r\n\r\nLlamar: <a href=\"tel:8664886090\">(866) 488-6090<\/a>\r\nChat: <a href=\"https:\/\/oportun.com\/?open_chat=true\" data-event_tracking=\"link click\" data-event_tracking_section=\"hero\" data-event_tracking_label=\"chat\">Abrir<\/a>\r\nMensaje de texto: <a href=\"sms:18556422140\">(855) 642-2140<\/a>\r\nCorreo electr\u00f3nico: <a href=\"mailto:hello@oportun.com\">hello@Oportun.com<\/a>\r\nQuejas: <a href=\"mailto:complaints@oportun.com\">complaints@Oportun.com<\/a>\r\nCorreo: PO Box 5609105 \/ The Colony 75056","text_border":"none","stars":"","author":""},{"icon":"savings","custom_bullet":"","border_around_icon":"border-desk-mobile-green","custom_bullet_color":"black","title":"","text":"<h4>Ahorros<\/h4>\r\nLun-vie: 9 am\u20145 pm PT\r\n\r\nCorreo electr\u00f3nico: <a href=\"mailto:help@oportun.com\">help@Oportun.com<\/a>\r\nEncuentra m\u00e1s respuestas: <a href=\"http:\/\/help.oportun.com\/csp\">Help center<\/a>","text_border":"none","stars":"","author":""}],"blocks":null,"icon_settings":{"desktop_aligment":"center","mobile_aligment":"center","if_no_icon_selected_left_space":false}}]},{"acf_fc_layout":"content_block","settings":{"name":"Visit us","columns":"2","display":"auto","background":"none","image_placement":"left","padding":"","ab_component":"","ab_test_type":""},"blocks":[{"acf_fc_layout":"image","block_settings":{"disabled":"No"},"asset":2785262,"asset_mobile":null,"alt":"","border_radius_enabled":"yes","disabled_img_mobile":"no","youtube_embed_url":"","image_link_to":null,"lazy_load":true},{"acf_fc_layout":"content","content_title":"","block_settings":{"disabled":"No"},"description":"<h2>Vis\u00edtanos<\/h2>\r\nEncuentra una sucursal de Oportun cerca de ti.\r\n[ocw_zip_search align=\"left\"]"}]},{"acf_fc_layout":"content_block","settings":{"name":"Text us cover-img","columns":"2","display":"auto","background":"light-gray","image_placement":"right","padding":"","ab_component":"","ab_test_type":""},"blocks":[{"acf_fc_layout":"content","content_title":"","block_settings":{"disabled":"No"},"description":"<h2>Env\u00edanos un mensaje<\/h2>\r\nSi ya eres parte de la familia Oportun, puedes chatear con nuestro asistente virtual y consultar respecto al saldo de tu cuenta, fechas y montos de pago, y realizar pagos usando el n\u00famero de tel\u00e9fono asociado a tu cuenta.\r\n\r\n<a href=\"sms:18556422140\" class=\"button\" data-event_tracking=\"button click\" data-event_tracking_section=\"body\" data-event_tracking_label=\"Text: (855) 642-2140\">Env\u00eda un mensaje de texto al: (855) 642-2140<\/a>"},{"acf_fc_layout":"image","block_settings":{"disabled":"No"},"asset":2750964,"asset_mobile":null,"alt":"","border_radius_enabled":"yes","disabled_img_mobile":"no","youtube_embed_url":"","image_link_to":null,"lazy_load":true}]},{"acf_fc_layout":"content_block","settings":{"name":"What to include in message cover-img","columns":"2","display":"auto","background":"none","image_placement":"left","padding":"","ab_component":"","ab_test_type":""},"blocks":[{"acf_fc_layout":"image","block_settings":{"disabled":"No"},"asset":2785152,"asset_mobile":null,"alt":"","border_radius_enabled":"yes","disabled_img_mobile":"no","youtube_embed_url":"","image_link_to":null,"lazy_load":true},{"acf_fc_layout":"content","content_title":"","block_settings":{"disabled":"No"},"description":"<h2>Si necesitas m\u00e1s ayuda<\/h2>\r\nPor favor incluir\r\n<ul>\r\n \t<li><span>Tu nombre completo<\/span><\/li>\r\n \t<li><span>Tu direcci\u00f3n<\/span><\/li>\r\n \t<li><span>Tu tel\u00e9fono<\/span><\/li>\r\n \t<li>Los \u00faltimos cuatro d\u00edgitos de tu n\u00famero de cuenta (si eres miembro actual de Oportun)<\/li>\r\n \t<li>La raz\u00f3n de tu pregunta, queja, felicitaci\u00f3n o reclamo<\/li>\r\n<\/ul>\r\nPuedes enviar las reclamaciones sobre tus reportes de cr\u00e9dito por escrito a PO Box 5609105, The Colony 75056"}]},{"acf_fc_layout":"content_block","settings":{"name":"Apply loans cover-img","columns":"2","display":"auto","background":"none","image_placement":"right","padding":"","ab_component":"","ab_test_type":""},"blocks":[{"acf_fc_layout":"image","block_settings":{"disabled":"No"},"asset":2782845,"asset_mobile":null,"alt":"","border_radius_enabled":"yes","disabled_img_mobile":"no","youtube_embed_url":"","image_link_to":null,"lazy_load":true},{"acf_fc_layout":"content","content_title":"Loans Section","block_settings":{"disabled":"No"},"description":"<h2>Obt\u00e9n un pr\u00e9stamo<\/h2>\r\n<span>Ya sea una oportunidad que no puedes dejar pasar, un gasto inesperado o cualquier necesidad personal, Oportun est\u00e1 aqu\u00ed con pr\u00e9stamos personales accesibles.<\/span>\r\n\r\n<a href=\"https:\/\/apply.oportun.com\/home?lang=es\" class=\"button\" data-event_tracking=\"button click\" data-event_tracking_section=\"body\" data-event_tracking_label=\"Apply now\">Aplicar ahora<\/a> <a href=\"tel:8664886090\" class=\"white button\" data-event_tracking=\"button click\" data-event_tracking_section=\"body\" data-event_tracking_label=\"(866) 488-6090\">(866) 488-6090<\/a>\r\n\r\n<a href=\"https:\/\/oportun.com\/personal-loans\/\" class=\"link\" data-event_tracking=\"link click\" data-event_tracking_section=\"body\" data-event_tracking_label=\"Learn more\">Leer m\u00e1s<\/a>"}]},{"acf_fc_layout":"content_block","settings":{"name":"Savings download cover-img","columns":"2","display":"auto","background":"none","image_placement":"left","padding":"","ab_component":"","ab_test_type":""},"blocks":[{"acf_fc_layout":"image","block_settings":{"disabled":"No"},"asset":2783785,"asset_mobile":null,"alt":"","border_radius_enabled":"yes","disabled_img_mobile":"no","youtube_embed_url":"","image_link_to":null,"lazy_load":true},{"acf_fc_layout":"content","content_title":"Savings Section ","block_settings":{"disabled":"No"},"description":"<h2>Alcanza tus metas<\/h2>\r\n<span data-contrast=\"auto\">Set &amp; Save<b>\u2122<\/b> te ayuda a alcanzar tus metas de ahorros. Aprendemos tu<\/span><span>s<\/span><span data-contrast=\"auto\">\u00a0ingreso<\/span><span>s<\/span><span data-contrast=\"auto\">\u00a0y<\/span><span>\u00a0<\/span><span data-contrast=\"auto\">h\u00e1bitos de gastos para ahorrar dinero autom\u00e1ticamente por ti. Establece tus metas, y poco a poco las alcanzar\u00e1s\u00a0<\/span><span data-contrast=\"auto\">m\u00e1s r\u00e1pido de lo que piensas.<\/span><span data-ccp-props=\"{}\">\u00a0<\/span>\r\n\r\n[appstore_button class=\"button\" text=\"Obtener la app\"]"}]},{"acf_fc_layout":"content_block","settings":{"name":"#1 savings app","columns":"1","display":"auto","background":"light-gray","image_placement":"auto","padding":"","ab_component":"","ab_test_type":""},"blocks":[{"acf_fc_layout":"list","block_settings":{"disabled":"No"},"settings":{"list_type":"horizontal_list","list_style":"center","icon":{"source":""},"title":"","automatic_scrolling":false,"autoscrolling_speed":"mod","card_background":"default","icon_color":"default"},"items":null,"blocks":null,"icon_settings":{"desktop_aligment":"center","mobile_aligment":"center","if_no_icon_selected_left_space":false}},{"acf_fc_layout":"content","content_title":"","block_settings":{"disabled":"No"},"description":"<div class=\"savings-app-badge\">\r\n<p style=\"display: inline-block; margin: 0;\"><img src=\"https:\/\/oportun.com\/wp-content\/uploads\/2024\/01\/oportun-best-savings-app.png\" alt=\"Graphic showing that Bankrate listed the Oportun app at #1 on a list of the \u201c8 best money savings apps of 2023&quot;\" width=\"372\" height=\"307\" class=\"alignnone wp-image-2608028 aligncenter\" style=\"width: auto; height: 141px; display: inline-block; max-width: unset;\" \/><\/p>\r\n\r\n<h2 style=\"text-align: center;\">La app #1 en ahorros 2025 por <a href=\"https:\/\/www.bankrate.com\/personal-finance\/best-money-saving-apps\/\">Bankrate<\/a><\/h2>\r\n<\/div>"}]}]},"_links":{"self":[{"href":"https:\/\/oportun.com\/es\/wp-json\/wp\/v2\/pages\/2785140","targetHints":{"allow":["GET"]}}],"collection":[{"href":"https:\/\/oportun.com\/es\/wp-json\/wp\/v2\/pages"}],"about":[{"href":"https:\/\/oportun.com\/es\/wp-json\/wp\/v2\/types\/page"}],"author":[{"embeddable":true,"href":"https:\/\/oportun.com\/es\/wp-json\/wp\/v2\/users\/18"}],"replies":[{"embeddable":true,"href":"https:\/\/oportun.com\/es\/wp-json\/wp\/v2\/comments?post=2785140"}],"version-history":[{"count":3,"href":"https:\/\/oportun.com\/es\/wp-json\/wp\/v2\/pages\/2785140\/revisions"}],"predecessor-version":[{"id":2788994,"href":"https:\/\/oportun.com\/es\/wp-json\/wp\/v2\/pages\/2785140\/revisions\/2788994"}],"wp:attachment":[{"href":"https:\/\/oportun.com\/es\/wp-json\/wp\/v2\/media?parent=2785140"}],"wp:term":[{"taxonomy":"folder","embeddable":true,"href":"https:\/\/oportun.com\/es\/wp-json\/wp\/v2\/folder?post=2785140"}],"curies":[{"name":"wp","href":"https:\/\/api.w.org\/{rel}","templated":true}]}}