{"id":2785044,"date":"2025-03-24T12:36:55","date_gmt":"2025-03-24T19:36:55","guid":{"rendered":"https:\/\/oportundev3.wpengine.com\/?page_id=2785044"},"modified":"2025-09-12T11:47:54","modified_gmt":"2025-09-12T18:47:54","slug":"oferta-de-prestamo-asegurado","status":"publish","type":"page","link":"https:\/\/oportun.com\/es\/ofertaprestamo\/","title":{"rendered":"Oferta de pr\u00e9stamo asegurado"},"content":{"rendered":"","protected":false},"excerpt":{"rendered":"","protected":false},"author":25,"featured_media":0,"parent":0,"menu_order":0,"comment_status":"closed","ping_status":"closed","template":"templates\/ad-landing.php","meta":{"_acf_changed":false,"footnotes":""},"folder":[],"class_list":["post-2785044","page","type-page","status-publish","hentry","product-metabank-es"],"acf":{"blocks":[{"acf_fc_layout":"content_block","settings":{"name":"Hero","columns":"2","display":"auto","background":"none","image_placement":"auto","padding":"","section_language_toggle":"no","ab_component":"","ab_test_type":""},"blocks":[{"acf_fc_layout":"content","content_title":"","block_settings":{"disabled":"No"},"description":"<h1>Garantiza tu pr\u00e9stamo, garantiza<span>\u00a0<\/span><em>m\u00e1s fondos<\/em><\/h1>\r\nObt\u00e9n un pr\u00e9stamo personal accesible de $2,525 a $18,500 si usas el t\u00edtulo de tu auto como garant\u00eda. Disfruta de pagos fijos, accesibles y sin penalidades por prepago.\r\n\r\n<a href=\"https:\/\/apply.oportun.com\/home?lang=es\" class=\"button\" data-event_tracking=\"button click\" data-event_tracking_section=\"hero\" data-event_tracking_label=\"Apply now\">Aplicar ahora<\/a>\r\n\r\n<span class=\"see-terms\"><span>En este momento solo est\u00e1n disponibles en ciertos estados. Revisa nuestra calculadora de pr\u00e9stamos debajo para ver si tu estado califica<\/span>. <a href=\"#general-product-terms\">Ver Condiciones<\/a>.<\/span>"},{"acf_fc_layout":"image","block_settings":{"disabled":"No"},"asset":2783108,"asset_mobile":null,"alt":"","border_radius_enabled":"yes","disabled_img_mobile":"no","youtube_embed_url":"","autoplay_video":false,"image_link_to":null,"lazy_load":false}]},{"acf_fc_layout":"content_block","settings":{"name":"Badges ","columns":"1","display":"auto","background":"light-gray","image_placement":"auto","padding":"0","section_language_toggle":"no","ab_component":"","ab_test_type":""},"blocks":[{"acf_fc_layout":"list","block_settings":{"disabled":"No"},"settings":{"list_type":"horizontal_list","list_style":"small-badge","icon":{"source":""},"title":"","automatic_scrolling":false,"autoscrolling_speed":"mod","card_background":"default","icon_color":"default"},"items":null,"blocks":[{"acf_fc_layout":"badge","image":2418602,"label":"[impact name=\"accolade1\" number=\u201dfalse\u201d description=\"true\"]","link":"","alt_text":""},{"acf_fc_layout":"badge","image":2784050,"label":"[impact name=\"Google rating\" number=\u201dfalse\u201d description=\"true\"]","link":"","alt_text":""},{"acf_fc_layout":"badge","image":2608031,"label":"[impact name=\"accolade3\" number=\u201dfalse\u201d description=\"true\"]","link":"","alt_text":""}],"icon_settings":{"desktop_aligment":"center","mobile_aligment":"center","if_no_icon_selected_left_space":false}}]},{"acf_fc_layout":"content_block","settings":{"name":"Loan calculator ","columns":"1","display":"auto","background":"light-gray","image_placement":"auto","padding":"","section_language_toggle":"no","ab_component":"","ab_test_type":""},"blocks":[{"acf_fc_layout":"loan_calculator","block_settings":{"disabled":"No"},"loan_calculator_style":"regular","pre_populate_based_on_location":"no","inside_hero":"no","title":"Calculadora de pr\u00e9stamo","description":"As\u00ed podr\u00edan verse los t\u00e9rminos de tu pr\u00e9stamo personal garantizado","disable_apply":"no","upl_spl_type_selector":"radio","available_states":["AZ","CA","FL","IL","NV","NJ","TX","UT"],"loan_calc_cta_text":"","loan_calc_cta_url":"https:\/\/apply.oportun.com\/home\/?lang=en","loan_calc_initial_loan_amount_title":"","loan_calc_initial_loan_amount":"$18,500","loan_calc_initial_slider_position":"''"}]},{"acf_fc_layout":"content_block","settings":{"name":"Why Oportun","columns":"2","display":"auto","background":"none","image_placement":"left","padding":"","section_language_toggle":"no","ab_component":"","ab_test_type":""},"blocks":[{"acf_fc_layout":"image","block_settings":{"disabled":"No"},"asset":2782990,"asset_mobile":null,"alt":"","border_radius_enabled":"yes","disabled_img_mobile":"no","youtube_embed_url":"","autoplay_video":false,"image_link_to":null,"lazy_load":true},{"acf_fc_layout":"list","block_settings":{"disabled":"No"},"settings":{"list_type":"list","list_style":"bullet","icon":{"source":""},"title":"","automatic_scrolling":false,"autoscrolling_speed":"mod","card_background":"default","icon_color":"default"},"items":[{"icon":"0","custom_bullet":"","border_around_icon":"border-none","custom_bullet_color":"black","title":"","text":"<h2>\u00bfPor qu\u00e9 Oportun?<\/h2>","text_border":"none","stars":"","author":""},{"icon":"savings-bonus","custom_bullet":"","border_around_icon":"border-none","custom_bullet_color":"black","title":"","text":"<strong>Accesible<\/strong>\r\nPaga menos y recibe m\u00e1s, comparado con prestamistas que no son bancos. <a href=\"#true-cost-of-a-loan\">Leer m\u00e1s<\/a>","text_border":"none","stars":"","author":""},{"icon":"depositcheck","custom_bullet":"","border_around_icon":"border-none","custom_bullet_color":"black","title":"","text":"<strong>Fundos r\u00e1pidos<\/strong>\r\nCon dep\u00f3sito directo","text_border":"none","stars":"","author":""},{"icon":"smiley","custom_bullet":"","border_around_icon":"border-none","custom_bullet_color":"black","title":"","text":"<strong>De confianza<\/strong>\r\n[impact name=\"NPS\" number=\"\" description=\"false\"] <span>miembros recomendar\u00edan Oportun a su familia y amigos<\/span>. <a href=\"#nps-terms\">Leer m\u00e1s<\/a>","text_border":"none","stars":"","author":""},{"icon":"0","custom_bullet":"","border_around_icon":"border-none","custom_bullet_color":"black","title":"","text":"&nbsp;\r\n<p style=\"text-align: left;\"><a href=\"https:\/\/apply.oportun.com\/home\/?lang=en\" class=\"button\" data-event_tracking=\"button click\" data-event_tracking_section=\"body\" data-event_tracking_label=\"Apply now\">Aplicar ahora<\/a><\/p>","text_border":"none","stars":"","author":""}],"blocks":null,"icon_settings":{"desktop_aligment":"center","mobile_aligment":"center","if_no_icon_selected_left_space":false}}]},{"acf_fc_layout":"content_block","settings":{"name":"Apply once 2 options","columns":"1","display":"auto","background":"black","image_placement":"auto","padding":"","section_language_toggle":"no","ab_component":"","ab_test_type":""},"blocks":[{"acf_fc_layout":"content","content_title":"","block_settings":{"disabled":"No"},"description":"<h2 style=\"text-align: center;\">Llena una sola solicitud y averigua si calificas para dos opciones de pr\u00e9stamos<\/h2>\r\n<p style=\"text-align: center;\">En una sola aplicaci\u00f3n puedes solicitar tanto un pr\u00e9stamo personal sin garant\u00eda como uno con garant\u00eda y elegir el que m\u00e1s te convenga. Los pr\u00e9stamos personales con garant\u00eda tienen beneficios espec\u00edficos*:<\/p>"},{"acf_fc_layout":"list","block_settings":{"disabled":"No"},"settings":{"list_type":"horizontal_list","list_style":"box","icon":{"source":""},"title":"","automatic_scrolling":false,"autoscrolling_speed":"mod","card_background":"default","icon_color":"default"},"items":null,"blocks":[{"acf_fc_layout":"box","image":2684885,"text_content":"<p style=\"color:black;\">Tasas APR m\u00e1s bajas<\/p>","description":"<p style=\"color:black; text-align: center;\">Comparadas con los pr\u00e9stamos de t\u00edtulo de auto tradicionales<\/p>","link":""},{"acf_fc_layout":"box","image":2684907,"text_content":"<p style=\"color:black;\">Cantidades de pr\u00e9stamo m\u00e1s grande<\/p>","description":"<p style=\"color:black; text-align: center;\">De $2,525 a $18,500 usando el t\u00edtulo de tu auto como garant\u00eda<\/p>","link":""},{"acf_fc_layout":"box","image":2684930,"text_content":"<p style=\"color:black;\">Fondos r\u00e1pidos<\/p>","description":"<p style=\"color:black; text-align: center;\">Con dep\u00f3sito directo<\/p>","link":""}],"icon_settings":{"desktop_aligment":"center","mobile_aligment":"center","if_no_icon_selected_left_space":false}},{"acf_fc_layout":"content","content_title":"","block_settings":{"disabled":"No"},"description":"<p style=\"text-align: center;\"><a href=\"https:\/\/apply.oportun.com\/home\/?lang=en\" class=\"button\" data-event_tracking=\"button click\" data-event_tracking_section=\"body\" data-event_tracking_label=\"Apply now\">Aplicar ahora<\/a><\/p>\r\n<p style=\"text-align: center; font-size: 12px;\">T\u00fa calificas si ya tienes el t\u00edtulo de tu auto y vives en uno de los estados donde ofrecemos pr\u00e9stamos personales garantizados. <a href=\"#spl-eligibility\" class=\"go-to\">Ve la lista de esos estados<\/a>.<\/p>"}]},{"acf_fc_layout":"content_block","settings":{"name":"Social proof","columns":"1","display":"auto","background":"light-gray","image_placement":"auto","padding":"","section_language_toggle":"no","ab_component":"","ab_test_type":""},"blocks":[{"acf_fc_layout":"content","content_title":"","block_settings":{"disabled":"No"},"description":"<h2 style=\"text-align: center;\">No s\u00f3lo lo decimos nosotros<\/h2>\r\n<p style=\"text-align: center;\">[impact name=\"Google rating\" number=\u201dtrue\u201d description=\"false\"] rese\u00f1as de 5 estrellas en Google y Trustpilot<\/p>\r\n<p style=\"text-align: center;\"><a href=\"https:\/\/oportun.com\/es\/resenas\/\">Leer m\u00e1s<\/a><\/p>"},{"acf_fc_layout":"list","block_settings":{"disabled":"No"},"settings":{"list_type":"horizontal_list","list_style":"testimonial","icon":{"source":""},"title":"","automatic_scrolling":false,"autoscrolling_speed":"mod","card_background":"default","icon_color":"default"},"items":null,"blocks":[{"acf_fc_layout":"testimonial","quote":"\u00a1Excelentes empleados! Un proceso f\u00e1cil y r\u00e1pido. \u00a1Gracias, Oportun!","author":"Leticia Yniguez","stars":"5","source":"Google","source_link":"https:\/\/search.google.com\/local\/reviews?placeid=ChIJGRY4orddlIARLbUEsqvhdcU"},{"acf_fc_layout":"testimonial","quote":"\u00a1Los empleados son muy amables y serviciales!!","author":"Sabrina Campos","stars":"5","source":"Google","source_link":"https:\/\/search.google.com\/local\/reviews?placeid=ChIJGxm__pNXwoARXG5sI0DfD8Y"},{"acf_fc_layout":"testimonial","quote":"R\u00e1pidos para ayudar, ponen inter\u00e9s y son atentos.","author":"mobilewarner351","stars":"5","source":"Google","source_link":"https:\/\/search.google.com\/local\/reviews?placeid=ChIJ1Ze-Hy2x3IAROAhkwDb4Wd0"}],"icon_settings":{"desktop_aligment":"center","mobile_aligment":"center","if_no_icon_selected_left_space":false}}]},{"acf_fc_layout":"content_block","settings":{"name":"Contact us","columns":"1","display":"contained","background":"black","image_placement":"auto","padding":"","section_language_toggle":"no","ab_component":"","ab_test_type":""},"blocks":[{"acf_fc_layout":"content","content_title":"","block_settings":{"disabled":"No"},"description":"<h2 style=\"text-align: center;\">\u00bfTodav\u00eda tienes preguntas?<\/h2>"},{"acf_fc_layout":"list","block_settings":{"disabled":"No"},"settings":{"list_type":"horizontal_list","list_style":"center","icon":{"source":""},"title":"","automatic_scrolling":false,"autoscrolling_speed":"mod","card_background":"default","icon_color":"default"},"items":[{"icon":"message-bubble","custom_bullet":"","border_around_icon":"border-none","custom_bullet_color":"black","title":"","text":"<h3>Usa el Chat<\/h3>\r\nHaz tus preguntas en l\u00ednea\r\n<p style=\"text-align: center;\"><a class=\"button\" data-enable_five9=\"true\">Iniciar<\/a><\/p>","text_border":"none","stars":"","author":""},{"icon":"phone-call","custom_bullet":"","border_around_icon":"border-none","custom_bullet_color":"black","title":"","text":"<h3>Llam\u00e1mos<\/h3>\r\nHabla con un miembro del equipo\r\n<p style=\"text-align: center;\"><a href=\"tel:866-488-6090%20\" class=\"button\">(866) 488-6090<\/a><\/p>","text_border":"none","stars":"","author":""},{"icon":"location","custom_bullet":"","border_around_icon":"border-none","custom_bullet_color":"black","title":"","text":"<h3>Vis\u00edtanos<\/h3>\r\nEncuentra tu sucursal m\u00e1s cercana\r\n<p style=\"text-align: center;\"><a href=\"\/es\/sucursales\/\" class=\"button\">Sucursales<\/a><\/p>","text_border":"none","stars":"","author":""}],"blocks":null,"icon_settings":{"desktop_aligment":"center","mobile_aligment":"center","if_no_icon_selected_left_space":false}}]},{"acf_fc_layout":"content_block","settings":{"name":"FAQs","columns":"1","display":"auto","background":"light-gray","image_placement":"right","padding":"","section_language_toggle":"no","ab_component":"","ab_test_type":""},"blocks":[{"acf_fc_layout":"content","content_title":"","block_settings":{"disabled":"No"},"description":"<h2>Esto es todo<\/h2>\r\n<div class=\"oportun-content\">\r\n\r\n<span>\u00bfTodav\u00eda tienes preguntas? Aqu\u00ed hay algunas que ya hemos respondido.<\/span>\r\n\r\n<\/div>\r\n&nbsp;"},{"acf_fc_layout":"faq","select_a_category":[],"font_size_of_categories_list":"normal","select_questions":[14084,14096,14102,14090],"extra_questions":null}]},{"acf_fc_layout":"content_block","settings":{"name":"End of page CTA","columns":"1","display":"auto","background":"black","image_placement":"auto","padding":"","section_language_toggle":"no","ab_component":"","ab_test_type":""},"blocks":[{"acf_fc_layout":"content","content_title":"","block_settings":{"disabled":"No"},"description":"<h2 style=\"text-align: center;\">Nuestros miembros han ahorrado\r\n<span class=\"highlighted\">[impact name=\"Aggregate savings\" number=\u201d\u201d description=\"false\"]<\/span>\r\nen intereses y tarifas<\/h2>\r\n<p style=\"text-align: center;\"><a href=\"#true-cost-of-a-loan\">Ver m\u00e1s<\/a><\/p>\r\n<p style=\"text-align: center;\"><a href=\"https:\/\/apply.oportun.com\/home?lang=es\" class=\"button\" data-event_tracking=\"button click\" data-event_tracking_section=\"body\" data-event_tracking_label=\"Apply now\">Aplicar ahora<\/a><\/p>"}]}]},"_links":{"self":[{"href":"https:\/\/oportun.com\/es\/wp-json\/wp\/v2\/pages\/2785044","targetHints":{"allow":["GET"]}}],"collection":[{"href":"https:\/\/oportun.com\/es\/wp-json\/wp\/v2\/pages"}],"about":[{"href":"https:\/\/oportun.com\/es\/wp-json\/wp\/v2\/types\/page"}],"author":[{"embeddable":true,"href":"https:\/\/oportun.com\/es\/wp-json\/wp\/v2\/users\/25"}],"replies":[{"embeddable":true,"href":"https:\/\/oportun.com\/es\/wp-json\/wp\/v2\/comments?post=2785044"}],"version-history":[{"count":0,"href":"https:\/\/oportun.com\/es\/wp-json\/wp\/v2\/pages\/2785044\/revisions"}],"wp:attachment":[{"href":"https:\/\/oportun.com\/es\/wp-json\/wp\/v2\/media?parent=2785044"}],"wp:term":[{"taxonomy":"folder","embeddable":true,"href":"https:\/\/oportun.com\/es\/wp-json\/wp\/v2\/folder?post=2785044"}],"curies":[{"name":"wp","href":"https:\/\/api.w.org\/{rel}","templated":true}]}}