{"id":2783662,"date":"2024-06-21T14:05:00","date_gmt":"2024-06-21T21:05:00","guid":{"rendered":"https:\/\/oportundev3.wpengine.com\/savings-2\/"},"modified":"2026-04-01T10:23:47","modified_gmt":"2026-04-01T17:23:47","slug":"ahorro-de-dinero","status":"publish","type":"page","link":"https:\/\/oportun.com\/es\/ahorro-de-dinero\/","title":{"rendered":"Savings"},"content":{"rendered":"","protected":false},"excerpt":{"rendered":"","protected":false},"author":3,"featured_media":0,"parent":0,"menu_order":0,"comment_status":"closed","ping_status":"closed","template":"templates\/flexible.php","meta":{"_acf_changed":false,"footnotes":""},"folder":[],"class_list":["post-2783662","page","type-page","status-publish","hentry","product-digit-es"],"acf":{"blocks":[{"acf_fc_layout":"content_block","settings":{"name":"Savings Hero","columns":"2","display":"auto","background":"none","image_placement":"auto","padding":"","ab_component":"","ab_test_type":""},"blocks":[{"acf_fc_layout":"content","content_title":"","block_settings":{"disabled":"No"},"description":"<h1>La app de ahorros hecha a <em>tu medida<\/em><\/h1>\r\n<span data-ccp-props=\"{}\"><\/span><span data-contrast=\"auto\">Set &amp; Save te ayuda a alcanzar tus metas de ahorros. Aprendemos tu<\/span><span>s<\/span><span data-contrast=\"auto\"> ingreso<\/span><span>s<\/span><span data-contrast=\"auto\"> y<\/span><span>\u00a0<\/span><span data-contrast=\"auto\">h\u00e1bitos de gastos para ahorrar dinero autom\u00e1ticamente por ti. Establece tus metas, y poco a poco las alcanzar\u00e1s <\/span><span data-contrast=\"auto\">m\u00e1s r\u00e1pido de lo que piensas.<\/span><span data-ccp-props=\"{}\">\u00a0<\/span>\r\n\r\n[appstore_button text=\"Obtener la app\"]\r\n\r\n<span class=\"bold-text-on-mobile\">Prueba Set &amp; Save gratis por 30 d\u00edas.<\/span>\r\n<span style=\"font-size: 12px;\">$3.99 al mes en plan anual ($47.88 cobrados anualmente) o $5.99 al mes despu\u00e9s de la prueba gratuita. Cancela en cualquier momento.<\/span>"},{"acf_fc_layout":"image","block_settings":{"disabled":"No"},"asset":2783793,"asset_mobile":null,"alt":"","border_radius_enabled":"yes","disabled_img_mobile":"no","youtube_embed_url":"https:\/\/www.youtube.com\/embed\/TaWPXuEIDdU","image_link_to":null,"lazy_load":false}]},{"acf_fc_layout":"content_block","settings":{"name":"Impact numbers","columns":"1","display":"auto","background":"light-gray","image_placement":"auto","padding":"","ab_component":"","ab_test_type":""},"blocks":[{"acf_fc_layout":"list","block_settings":{"disabled":"No"},"settings":{"list_type":"slider","list_style":"center","icon":{"source":""},"title":"","automatic_scrolling":false,"autoscrolling_speed":"mod","card_background":"default","icon_color":"default"},"items":[{"icon":"savings","custom_bullet":"","border_around_icon":"border-none","custom_bullet_color":"black","title":"","text":"<h3>[impact name=\"neobank average savings\" number=\u201dtrue\u201d description=\"false\"] ahorrados al a\u00f1o en promedio<\/h3>","text_border":"none","stars":"","author":""},{"icon":"success","custom_bullet":"","border_around_icon":"border-none","custom_bullet_color":"black","title":"","text":"<h3>M\u00e1s de 15 millones\r\nde metas de ahorros creadas<\/h3>","text_border":"none","stars":"","author":""},{"icon":"smiley","custom_bullet":"","border_around_icon":"border-none","custom_bullet_color":"black","title":"","text":"<h3>M\u00e1s de $10,000 millones<\/h3>\r\n<h3>destinados a metas de ahorros<\/h3>","text_border":"none","stars":"","author":""}],"blocks":null,"icon_settings":{"desktop_aligment":"center","mobile_aligment":"center","if_no_icon_selected_left_space":false}},{"acf_fc_layout":"content","content_title":"","block_settings":{"disabled":"No"},"description":"<p style=\"text-align: center;\"><a href=\"#average-neobank-saves\">Ver m\u00e1s sobre nuestros n\u00fameros<\/a><\/p>"}]},{"acf_fc_layout":"content_block","settings":{"name":"Value Prop: Personalized pace","columns":"2","display":"auto","background":"none","image_placement":"left","padding":"","ab_component":"","ab_test_type":""},"blocks":[{"acf_fc_layout":"image","block_settings":{"disabled":"No"},"asset":2783785,"asset_mobile":null,"alt":"","border_radius_enabled":"no","disabled_img_mobile":"no","youtube_embed_url":"","image_link_to":null,"lazy_load":true},{"acf_fc_layout":"list","block_settings":{"disabled":"No"},"settings":{"list_type":"list","list_style":"bullet","icon":{"source":""},"title":"","automatic_scrolling":false,"autoscrolling_speed":"mod","card_background":"default","icon_color":"default"},"items":[{"icon":"0","custom_bullet":"","border_around_icon":"border-none","custom_bullet_color":"black","title":"","text":"<h2>Ritmo personalizado<\/h2>\r\nUn poco aqu\u00ed, un poco all\u00e1. Aprendemos los momentos exactos para ahorrar por ti, bas\u00e1ndonos en las fechas de pago de tus facturas y los l\u00edmites que establezcas.","text_border":"none","stars":"","author":""}],"blocks":null,"icon_settings":{"desktop_aligment":"center","mobile_aligment":"center","if_no_icon_selected_left_space":false}}]},{"acf_fc_layout":"content_block","settings":{"name":"Value Prop: Goals","columns":"2","display":"auto","background":"none","image_placement":"right","padding":"","ab_component":"","ab_test_type":""},"blocks":[{"acf_fc_layout":"image","block_settings":{"disabled":"No"},"asset":2783787,"asset_mobile":null,"alt":"","border_radius_enabled":"no","disabled_img_mobile":"no","youtube_embed_url":"","image_link_to":null,"lazy_load":true},{"acf_fc_layout":"list","block_settings":{"disabled":"No"},"settings":{"list_type":"list","list_style":"bullet","icon":{"source":""},"title":"","automatic_scrolling":false,"autoscrolling_speed":"mod","card_background":"default","icon_color":"default"},"items":[{"icon":"0","custom_bullet":"","border_around_icon":"border-none","custom_bullet_color":"black","title":"","text":"<h2>Alcanza tus metas<\/h2>\r\nAhorra para emergencias o para lo de cada d\u00eda. Desde tus facturas mensuales hasta el viaje a Haw\u00e1i. Trabajaremos para todas las metas que quieras, de la manera que mejor te funcione.","text_border":"none","stars":"","author":""}],"blocks":null,"icon_settings":{"desktop_aligment":"center","mobile_aligment":"center","if_no_icon_selected_left_space":false}}]},{"acf_fc_layout":"content_block","settings":{"name":"Value Prop: Your rules","columns":"2","display":"auto","background":"none","image_placement":"left","padding":"","ab_component":"","ab_test_type":""},"blocks":[{"acf_fc_layout":"image","block_settings":{"disabled":"No"},"asset":2783789,"asset_mobile":null,"alt":"","border_radius_enabled":"no","disabled_img_mobile":"no","youtube_embed_url":"","image_link_to":null,"lazy_load":true},{"acf_fc_layout":"list","block_settings":{"disabled":"No"},"settings":{"list_type":"list","list_style":"bullet","icon":{"source":""},"title":"","automatic_scrolling":false,"autoscrolling_speed":"mod","card_background":"default","icon_color":"default"},"items":[{"icon":"0","custom_bullet":"","border_around_icon":"border-none","custom_bullet_color":"black","title":"","text":"<h2>Tu dinero, tus reglas<\/h2>\r\nAhorra mucho o poco. Decide el m\u00e1ximo de ahorros diarios o pausa los ahorros por completo. Mant\u00e9n tu dinero en tu cuenta o retira lo que quieras cuando quieras.","text_border":"none","stars":"","author":""}],"blocks":null,"icon_settings":{"desktop_aligment":"center","mobile_aligment":"center","if_no_icon_selected_left_space":false}}]},{"acf_fc_layout":"content_block","settings":{"name":"Value Prop: Balance protection","columns":"2","display":"auto","background":"none","image_placement":"right","padding":"","ab_component":"","ab_test_type":""},"blocks":[{"acf_fc_layout":"image","block_settings":{"disabled":"No"},"asset":2783791,"asset_mobile":null,"alt":"","border_radius_enabled":"no","disabled_img_mobile":"no","youtube_embed_url":"","image_link_to":null,"lazy_load":true},{"acf_fc_layout":"list","block_settings":{"disabled":"No"},"settings":{"list_type":"list","list_style":"bullet","icon":{"source":""},"title":"","automatic_scrolling":false,"autoscrolling_speed":"mod","card_background":"default","icon_color":"default"},"items":[{"icon":"0","custom_bullet":"","border_around_icon":"border-none","custom_bullet_color":"black","title":"","text":"<h2>Protege tu saldo<\/h2>\r\nDefine la cantidad m\u00ednima que quieras tener siempre en tu banco conectado. Si tu saldo baja de esa cantidad, autom\u00e1ticamente moveremos dinero de tu fondo para Emergencias para cubrir la diferencia.","text_border":"none","stars":"","author":""}],"blocks":null,"icon_settings":{"desktop_aligment":"center","mobile_aligment":"center","if_no_icon_selected_left_space":false}}]},{"acf_fc_layout":"content_block","settings":{"name":"How it works","columns":"1","display":"auto","background":"black","image_placement":"auto","padding":"","ab_component":"","ab_test_type":""},"blocks":[{"acf_fc_layout":"content","content_title":"","block_settings":{"disabled":"No"},"description":"<h2 style=\"text-align: center;\">C\u00f3mo funciona nuestra app de ahorros<\/h2>"},{"acf_fc_layout":"list","block_settings":{"disabled":"No"},"settings":{"list_type":"horizontal_list","list_style":"fragment","icon":{"source":""},"title":"","automatic_scrolling":false,"autoscrolling_speed":"mod","card_background":"default","icon_color":"default"},"items":[{"icon":"0","custom_bullet":"","border_around_icon":"border-none","custom_bullet_color":"black","title":"","text":"<h2>1<\/h2>\r\nConecta tu cuenta bancaria a nuestra app de ahorros y config\u00farala en minutos.","text_border":"none","stars":"","author":""},{"icon":"0","custom_bullet":"","border_around_icon":"border-none","custom_bullet_color":"black","title":"","text":"<h2>2<\/h2>\r\n<span data-contrast=\"auto\" xml:lang=\"ES-MX\" lang=\"ES-MX\" class=\"TextRun SCXW37376842 BCX8\"><span class=\"NormalTextRun SCXW37376842 BCX8\">Aprendemos tus <\/span><span class=\"NormalTextRun SCXW37376842 BCX8\">h\u00e1bitos de <\/span><span class=\"NormalTextRun SCXW37376842 BCX8\">gastos <\/span><\/span><span class=\"TrackChangeTextInsertion TrackedChange SCXW37376842 BCX8\"><span data-contrast=\"auto\" xml:lang=\"ES-MX\" lang=\"ES-MX\" class=\"TextRun SCXW37376842 BCX8\"><span class=\"NormalTextRun SCXW37376842 BCX8\">e<\/span><\/span><\/span><span data-contrast=\"auto\" xml:lang=\"ES-MX\" lang=\"ES-MX\" class=\"TextRun SCXW37376842 BCX8\"><span class=\"NormalTextRun SCXW37376842 BCX8\">\u00a0ingreso<\/span><\/span><span class=\"TrackChangeTextInsertion TrackedChange SCXW37376842 BCX8\"><span data-contrast=\"auto\" xml:lang=\"ES-MX\" lang=\"ES-MX\" class=\"TextRun SCXW37376842 BCX8\"><span class=\"NormalTextRun SCXW37376842 BCX8\">s<\/span><\/span><\/span><span data-contrast=\"auto\" xml:lang=\"ES-MX\" lang=\"ES-MX\" class=\"TextRun SCXW37376842 BCX8\"><span class=\"NormalTextRun SCXW37376842 BCX8\"> <\/span><span class=\"NormalTextRun SCXW37376842 BCX8\">para<\/span><span class=\"NormalTextRun SCXW37376842 BCX8\"> encontra<\/span><span class=\"NormalTextRun SCXW37376842 BCX8\">r<\/span><span class=\"NormalTextRun SCXW37376842 BCX8\"> momentos estrat\u00e9gicos en que te es posible ahorrar<\/span><span class=\"NormalTextRun SCXW37376842 BCX8\">.<\/span><span class=\"NormalTextRun SCXW37376842 BCX8\"> <\/span><\/span><span class=\"EOP SCXW37376842 BCX8\" data-ccp-props=\"{}\">\u00a0<\/span>","text_border":"none","stars":"","author":""},{"icon":"0","custom_bullet":"","border_around_icon":"border-none","custom_bullet_color":"black","title":"","text":"<h2>3<\/h2>\r\n<span data-contrast=\"auto\" xml:lang=\"ES-MX\" lang=\"ES-MX\" class=\"TextRun SCXW127547485 BCX8\"><span class=\"NormalTextRun SCXW127547485 BCX8\">Establece tus metas y ahorraremos <\/span><span class=\"NormalTextRun SCXW127547485 BCX8\">para ellas <\/span><span class=\"NormalTextRun SCXW127547485 BCX8\">moviendo<\/span><span class=\"NormalTextRun SCXW127547485 BCX8\"> <\/span><span class=\"NormalTextRun SCXW127547485 BCX8\">autom\u00e1ticamente dinero de tu banco a la <\/span><span class=\"NormalTextRun AdvancedProofingIssueV2Themed SCXW127547485 BCX8\">app<\/span><span class=\"NormalTextRun SCXW127547485 BCX8\">.\u00a0<\/span><\/span><span class=\"EOP SCXW127547485 BCX8\" data-ccp-props=\"{}\">\u00a0<\/span>","text_border":"none","stars":"","author":""}],"blocks":null,"icon_settings":{"desktop_aligment":"center","mobile_aligment":"center","if_no_icon_selected_left_space":false}},{"acf_fc_layout":"content","content_title":"","block_settings":{"disabled":"No"},"description":"<div style=\"height: 30px;\"><\/div>\r\n[appstore_button align=\"center\" text=\"Comienza tu prueba gratis\"]\r\n<p style=\"text-align: center;\">Ve cu\u00e1nto puedes ahorrar durante nuestra prueba gratis de 30 d\u00edas.<\/p>"}]},{"acf_fc_layout":"content_block","settings":{"name":"Pricing","columns":"1","display":"auto","background":"light-green","image_placement":"auto","padding":"","ab_component":"","ab_test_type":""},"blocks":[{"acf_fc_layout":"content","content_title":"","block_settings":{"disabled":"No"},"description":"<h2 style=\"text-align: center;\">La app de ahorros con planes a tu gusto<\/h2>"},{"acf_fc_layout":"list_block","block_settings":{"disabled":"No"},"settings":{"list_type":"horizontal_list","list_style":"stacked","horizontal_style":"pricing-plans","title":"","card_background":"default","icon_color":"default"},"items":[{"icon":false,"custom_bullet":"","border_around_icon":"border-none","custom_bullet_color":"black","badge":"","title":"Plan mensual","text":"Acceso completo, facturaci\u00f3n mensual","original_price":"","current_price":"$5.99 al mes","text_border":"none","image":null,"content":"","description":"","label":"","link":"","alt_text":"","is_featured":false},{"icon":false,"custom_bullet":"","border_around_icon":"border-none","custom_bullet_color":"black","badge":"<oportun-icon name=\"party_pooper\"><\/oportun-icon>Ahorras 33%","title":"Plan anual","text":"Nuestro mejor precio. A largo plazo\r\nahorras m\u00e1s ($47.88 cobrados anualmente)","original_price":"$5.99","current_price":"$3.99 al mes","text_border":"none","image":null,"content":"","description":"","label":"","link":"","alt_text":"","is_featured":true}]},{"acf_fc_layout":"content","content_title":"","block_settings":{"disabled":"No"},"description":"<p style=\"text-align: center;\"><a class=\"button\" href=\"https:\/\/app.oportun.com\/download?utm_source=ocw&amp;utm_medium=web&amp;utm_campaign=ocw_app_download_es-ahorro-de-dinero&amp;tvid=01946667b3750015d779cb824fe40506f003506700978&amp;anonymous_id=01946667b3750015d779cb824fe40506f003506700978&amp;referring_page=https%3A%2F%2Foportun.com%2Fes%2Fahorro-de-dinero%2F&amp;utm_term=oqNZ7KiB0a\">Obtenerla ahora<\/a><\/p>\r\n<p style=\"text-align: center;\"><span class=\"disclaimer-text\">Prueba gratis por 30 d\u00edas. Cancela en cualquier momento.<\/span><\/p>"}]},{"acf_fc_layout":"content_block","settings":{"name":"Use cases","columns":"1","display":"auto","background":"none","image_placement":"auto","padding":"","ab_component":"","ab_test_type":""},"blocks":[{"acf_fc_layout":"content","content_title":"","block_settings":{"disabled":"No"},"description":"<h2><span data-contrast=\"auto\" xml:lang=\"EN-US\" lang=\"EN-US\" class=\"TextRun SCXW200009906 BCX8\"><span class=\"NormalTextRun SCXW200009906 BCX8\">Tu <\/span><span class=\"NormalTextRun SpellingErrorV2Themed SCXW200009906 BCX8\">vida<\/span><span class=\"NormalTextRun SCXW200009906 BCX8\">, <\/span><span class=\"NormalTextRun SpellingErrorV2Themed SCXW200009906 BCX8\">tus<\/span><span class=\"NormalTextRun SCXW200009906 BCX8\"> <\/span><span class=\"NormalTextRun SpellingErrorV2Themed SCXW200009906 BCX8\">metas<\/span><\/span><span class=\"EOP SCXW200009906 BCX8\" data-ccp-props=\"{}\">\u00a0<\/span><\/h2>\r\nTrabaja para metas de ahorro personales o guarda para emergencias. Estas son algunas metas populares para las que ahorran nuestros miembros."},{"acf_fc_layout":"list","block_settings":{"disabled":"No"},"settings":{"list_type":"horizontal_list","list_style":"box","icon":{"source":""},"title":"","automatic_scrolling":false,"autoscrolling_speed":"mod","card_background":"default","icon_color":"default"},"items":null,"blocks":[{"acf_fc_layout":"box","image":2418893,"text_content":"<h3><span>Emergencias<\/span><\/h3>","description":"Prep\u00e1rate para lo imprevisto. Las vueltas de la vida no tienen por qu\u00e9 desviarte. Set & Save mueve dinero poco a poco para que no haya sorpresas. ","link":""},{"acf_fc_layout":"box","image":2418875,"text_content":"<h3><span>Viajes<\/span><\/h3> ","description":"Anda a donde quieras ir, cerca o lejos. Set & Save te ayuda a guardar dinero para grandes aventuras o vacaciones en casa.","link":""},{"acf_fc_layout":"box","image":2684915,"text_content":"&nbsp; <h3><span>Regalos<\/span><\/h3>","description":"Sorprende a tus seres queridos, \u00a1o a ti! Ahora puedes estar preparado econ\u00f3micamente para regalos todo el a\u00f1o. Usa Set & Save para cumplea\u00f1os, feriados, o para darte un gustito.","link":""},{"acf_fc_layout":"box","image":2418873,"text_content":"<h3><span>Pago Inicial<\/span><\/h3> ","description":"Avanza en tus planes grandes. Set & Save es una forma f\u00e1cil de ir guardando para el pago inicial de tu caso o auto so\u00f1ado. ","link":""},{"acf_fc_layout":"box","image":2684879,"text_content":"<h3><span>Pr\u00e9stamos<\/span><\/h3> ","description":"Dile adi\u00f3s al estr\u00e9s de los pagos de tu pr\u00e9stamo. Solo establece la meta de pago y deja que Oportun comience a ahorrar. ","link":""},{"acf_fc_layout":"box","image":2684924,"text_content":"<h3><span>Facturas de tarjetas de cr\u00e9dito <\/span><\/h3> ","description":"Deja que Oportun te ayude a pagar tu tarjeta de cr\u00e9dito. Establece una meta por la cantidad que debes o una meta recurrente para pagar el m\u00ednimo mensual. ","link":""}],"icon_settings":{"desktop_aligment":"center","mobile_aligment":"center","if_no_icon_selected_left_space":false}}]},{"acf_fc_layout":"content_block","settings":{"name":"FAQs","columns":"1","display":"auto","background":"none","image_placement":"auto","padding":"","ab_component":"","ab_test_type":""},"blocks":[{"acf_fc_layout":"content","content_title":"","block_settings":{"disabled":"No"},"description":"<h2>Preguntas frecuentes<\/h2>"},{"acf_fc_layout":"faq","select_a_category":[],"font_size_of_categories_list":"small","select_questions":[82581,2781577,2781582,2781594,2781592],"extra_questions":null}]},{"acf_fc_layout":"content_block","settings":{"name":"Safe and secure","columns":"1","display":"contained","background":"black","image_placement":"auto","padding":"","ab_component":"","ab_test_type":""},"blocks":[{"acf_fc_layout":"content","content_title":"","block_settings":{"disabled":"No"},"description":"<h1 style=\"text-align: center;\">Seguro &amp; protegido<\/h1>"},{"acf_fc_layout":"list","block_settings":{"disabled":"No"},"settings":{"list_type":"horizontal_list","list_style":"center","icon":{"source":""},"title":"","automatic_scrolling":false,"autoscrolling_speed":"mod","card_background":"default","icon_color":"default"},"items":[{"icon":"protection","custom_bullet":"","border_around_icon":"border-none","custom_bullet_color":"black","title":"","text":"Fondos en <a href=\"#banking-fdic-insured\">bancos asegurados por la FDIC<\/a>","text_border":"none","stars":"","author":""},{"icon":"message-bubble","custom_bullet":"","border_around_icon":"border-none","custom_bullet_color":"black","title":"","text":"<span data-contrast=\"auto\">Notificaciones diarias opcionales.<\/span><span data-ccp-props=\"{}\">\u00a0<\/span>\r\n\r\n&nbsp;","text_border":"none","stars":"","author":""},{"icon":"backgroundcheck","custom_bullet":"","border_around_icon":"border-none","custom_bullet_color":"black","title":"","text":"<span data-contrast=\"auto\">Seguridad facial y con huella digital.<\/span><span data-ccp-props=\"{}\">\u00a0<\/span>","text_border":"none","stars":"","author":""}],"blocks":null,"icon_settings":{"desktop_aligment":"center","mobile_aligment":"center","if_no_icon_selected_left_space":false}}]},{"acf_fc_layout":"content_block","settings":{"name":"#1 App - Test 1Savings","columns":"1","display":"auto","background":"light-gray","image_placement":"left","padding":"","ab_component":"","ab_test_type":""},"blocks":[{"acf_fc_layout":"list","block_settings":{"disabled":"Yes"},"settings":{"list_type":"horizontal_list","list_style":"center","icon":{"source":""},"title":"","automatic_scrolling":false,"autoscrolling_speed":"mod","card_background":"default","icon_color":"default"},"items":[{"icon":"0","custom_bullet":"","border_around_icon":"border-none","custom_bullet_color":"black","title":"","text":"<img src=\"https:\/\/oportun.com\/wp-content\/uploads\/2024\/01\/oportun-best-savings-app.png\" alt=\"\" width=\"372\" height=\"307\" class=\"alignnone size-full wp-image-2681441\" style=\"width: 257px; height: 213px;\" \/>","text_border":"none","stars":"","author":""}],"blocks":null,"icon_settings":{"desktop_aligment":"center","mobile_aligment":"center","if_no_icon_selected_left_space":false}},{"acf_fc_layout":"content","content_title":"","block_settings":{"disabled":"No"},"description":"<div class=\"savings-app-badge\">\r\n<p style=\"display: inline-block; margin: 0;\"><img src=\"https:\/\/res.cloudinary.com\/oportun-dev-stg\/images\/v1693342262\/oportundev2\/oportun-best-savings-app\/oportun-best-savings-app.png?_i=AA\" alt=\"Graphic showing that Bankrate listed the Oportun app at #1 on a list of the \u201c8 best money savings apps of 2023&quot;\" width=\"372\" height=\"307\" class=\"alignnone wp-image-2608028\" style=\"width: auto; height: 141px; display: inline-block; max-width: unset;\" \/><\/p>\r\n\r\n<h2 style=\"text-align: center;\">La app #1 en ahorros 2025 por <a href=\"https:\/\/www.bankrate.com\/personal-finance\/best-money-saving-apps\/\">Bankrate<\/a><\/h2>\r\n<\/div>"}]},{"acf_fc_layout":"content_block","settings":{"name":"End of page CTA","columns":"1","display":"auto","background":"black","image_placement":"auto","padding":"","ab_component":"","ab_test_type":""},"blocks":[{"acf_fc_layout":"content","content_title":"","block_settings":{"disabled":"No"},"description":"<h2 style=\"text-align: center;\">Ahorra dinero sin pensarlo<sup><span style=\"font-size: 16px;\"><sup>\u00ae<\/sup><\/span><\/sup><\/h2>\r\n[appstore_button align=\"center\" text=\"Comienza tu prueba gratis\"]\r\n<p style=\"text-align: center;\">Ve cu\u00e1nto puedes ahorrar durante nuestra prueba gratis de 30 d\u00edas.<\/p>"}]}]},"_links":{"self":[{"href":"https:\/\/oportun.com\/es\/wp-json\/wp\/v2\/pages\/2783662","targetHints":{"allow":["GET"]}}],"collection":[{"href":"https:\/\/oportun.com\/es\/wp-json\/wp\/v2\/pages"}],"about":[{"href":"https:\/\/oportun.com\/es\/wp-json\/wp\/v2\/types\/page"}],"author":[{"embeddable":true,"href":"https:\/\/oportun.com\/es\/wp-json\/wp\/v2\/users\/3"}],"replies":[{"embeddable":true,"href":"https:\/\/oportun.com\/es\/wp-json\/wp\/v2\/comments?post=2783662"}],"version-history":[{"count":5,"href":"https:\/\/oportun.com\/es\/wp-json\/wp\/v2\/pages\/2783662\/revisions"}],"predecessor-version":[{"id":2788142,"href":"https:\/\/oportun.com\/es\/wp-json\/wp\/v2\/pages\/2783662\/revisions\/2788142"}],"wp:attachment":[{"href":"https:\/\/oportun.com\/es\/wp-json\/wp\/v2\/media?parent=2783662"}],"wp:term":[{"taxonomy":"folder","embeddable":true,"href":"https:\/\/oportun.com\/es\/wp-json\/wp\/v2\/folder?post=2783662"}],"curies":[{"name":"wp","href":"https:\/\/api.w.org\/{rel}","templated":true}]}}