{"id":2659005,"date":"2023-11-06T12:06:22","date_gmt":"2023-11-06T20:06:22","guid":{"rendered":"https:\/\/oportundev3.wpengine.com\/?page_id=2659005"},"modified":"2026-02-25T22:01:01","modified_gmt":"2026-02-26T06:01:01","slug":"prestamos-para-bodas","status":"publish","type":"page","link":"https:\/\/oportun.com\/es\/prestamos-personales\/prestamos-para-bodas\/","title":{"rendered":"Personal Loans: Wedding Loans"},"content":{"rendered":"","protected":false},"excerpt":{"rendered":"","protected":false},"author":3,"featured_media":0,"parent":12618,"menu_order":0,"comment_status":"closed","ping_status":"closed","template":"templates\/flexible.php","meta":{"_acf_changed":false,"footnotes":""},"folder":[],"class_list":["post-2659005","page","type-page","status-publish","hentry","product-core-es","product-metabank-es"],"acf":{"blocks":[{"acf_fc_layout":"content_block","settings":{"name":"","columns":"2","display":"auto","background":"none","image_placement":"auto","padding":"","ab_component":"","ab_test_type":""},"blocks":[{"acf_fc_layout":"content","content_title":"","block_settings":{"disabled":"No"},"description":"<h1>Pr\u00e9stamos para bodas<\/h1>\r\nDesde el \u201cS\u00ed, acepto\u201d hasta el lugar para la celebraci\u00f3n. Precalifica en minutos sin afectar tu puntaje de cr\u00e9dito.\r\n<p style=\"text-align: left;\"><a href=\"https:\/\/apply.oportun.com\/home\/?lang=es\" class=\"button\" data-event_tracking=\"button click\" data-event_tracking_section=\"hero\" data-event_tracking_label=\"Apply now\">Aplicar ahora<\/a><\/p>\r\n<span style=\"font-size: 12px; color: #808080;\"><a href=\"#general-product-terms\">Ver los t\u00e9rminos<\/a><\/span>"},{"acf_fc_layout":"image","block_settings":{"disabled":"No"},"asset":2782710,"asset_mobile":null,"alt":"","border_radius_enabled":"yes","disabled_img_mobile":"no","youtube_embed_url":"","image_link_to":null,"lazy_load":true}]},{"acf_fc_layout":"content_block","settings":{"name":"","columns":"1","display":"auto","background":"black","image_placement":"auto","padding":"","ab_component":"","ab_test_type":""},"blocks":[{"acf_fc_layout":"content","content_title":"","block_settings":{"disabled":"No"},"description":"<h2 style=\"text-align: center;\">Los pr\u00e9stamos para bodas facilitan la planeaci\u00f3n<\/h2>\r\nYa puedes hacer realidad la boda de tus sue\u00f1os, aunque no hayas podido ahorrar lo suficiente hasta ahora. Un pr\u00e9stamo personal puede ayudarte a pagar las flores, la comida, el traje del novio o el vestido de novia, los m\u00fasicos y mucho m\u00e1s. Despu\u00e9s puedes disfrutar tu luna de miel sabiendo que vas a poder pagar el pr\u00e9stamo en plazos fijos y manejables que se ajustan a tu presupuesto mensual."}]},{"acf_fc_layout":"content_block","settings":{"name":"","columns":"2","display":"auto","background":"none","image_placement":"left","padding":"","ab_component":"","ab_test_type":""},"blocks":[{"acf_fc_layout":"image","block_settings":{"disabled":"No"},"asset":2629952,"asset_mobile":null,"alt":"","border_radius_enabled":"yes","disabled_img_mobile":"no","youtube_embed_url":"","image_link_to":null,"lazy_load":true},{"acf_fc_layout":"list","block_settings":{"disabled":"No"},"settings":{"list_type":"list","list_style":"bullet","icon":{"source":""},"title":"","automatic_scrolling":false,"autoscrolling_speed":"mod","card_background":"default","icon_color":"default"},"items":[{"icon":"0","custom_bullet":"","border_around_icon":"border-none","custom_bullet_color":"black","title":"","text":"<h2>Los pr\u00e9stamos para bodas pueden ayudarte a sonre\u00edr m\u00e1s y estresarte menos<\/h2>","text_border":"none","stars":"","author":""},{"icon":"backgroundcheck","custom_bullet":"","border_around_icon":"border-none","custom_bullet_color":"black","title":"","text":"<h4>Obt\u00e9n el dinero r\u00e1pido<\/h4>\r\nRecibe de $300 a $10,000 r\u00e1pidamente con dep\u00f3sito directo","text_border":"none","stars":"","author":""},{"icon":"depositcheck","custom_bullet":"","border_around_icon":"border-none","custom_bullet_color":"black","title":"","text":"<h4>Pagos fijos que se ajustan a tu presupuesto<\/h4>\r\nLas tasas APR y los pagos nunca cambian, aunque cambie tu apellido","text_border":"none","stars":"","author":""},{"icon":"smiley","custom_bullet":"","border_around_icon":"border-none","custom_bullet_color":"black","title":"","text":"<h4>Beneficioso para tu futuro<\/h4>\r\nPr\u00e9stamos r\u00e1pidos y accesibles que te ayudan a construir tu historial de cr\u00e9dito con tus pagos a tiempo","text_border":"none","stars":"","author":""},{"icon":"0","custom_bullet":"","border_around_icon":"border-none","custom_bullet_color":"black","title":"","text":"&nbsp;\r\n<p style=\"text-align: left;\"><a href=\"https:\/\/apply.oportun.com\/home\/?lang=es\" class=\"button\" data-event_tracking=\"button click\" data-event_tracking_section=\"hero\" data-event_tracking_label=\"Apply now\">Aplicar ahora<\/a><\/p>","text_border":"none","stars":"","author":""}],"blocks":null,"icon_settings":{"desktop_aligment":"center","mobile_aligment":"center","if_no_icon_selected_left_space":false}}]},{"acf_fc_layout":"content_block","settings":{"name":"","columns":"1","display":"auto","background":"light-gray","image_placement":"auto","padding":"","ab_component":"","ab_test_type":""},"blocks":[{"acf_fc_layout":"content","content_title":"","block_settings":{"disabled":"No"},"description":"<h2 style=\"text-align: center;\">Preguntas frecuentes sobre pr\u00e9stamos para bodas<\/h2>"},{"acf_fc_layout":"list","block_settings":{"disabled":"No"},"settings":{"list_type":"accordion","list_style":"stacked","icon":{"source":""},"title":"","automatic_scrolling":false,"autoscrolling_speed":"mod","card_background":"default","icon_color":"default"},"items":[{"icon":"","custom_bullet":"","border_around_icon":"border-none","custom_bullet_color":"black","title":"\u00bfPuedo obtener un pr\u00e9stamo para mi boda?","text":"S\u00ed. Puedes usar un pr\u00e9stamo personal para tu boda. Un pr\u00e9stamo a trav\u00e9s de Oportun ofrece tasas de inter\u00e9s fijas con los t\u00e9rminos que t\u00fa elijas y sin penalidades por prepago. Esto significa que puedes enfocarte en disfrutar tu boda y luego administrar c\u00f3modamente los pagos.","text_border":"none","stars":"","author":""},{"icon":"","custom_bullet":"","border_around_icon":"border-none","custom_bullet_color":"black","title":"\u00bfMe conviene un pr\u00e9stamo para bodas?","text":"Un pr\u00e9stamo personal puede lograr que sea m\u00e1s f\u00e1cil tener la boda de cuento de hadas que deseas. Antes de aplicar, revisa tu presupuesto y aseg\u00farate que te sientes confortable comprometi\u00e9ndote a hacer los pagos completos y a tiempo durante todo el plazo del pr\u00e9stamo. Tener fondos adicionales para preparar tu gran d\u00eda puede ser un gran alivio, pero s\u00f3lo si no te causa estr\u00e9s financiero en el futuro.","text_border":"none","stars":"","author":""},{"icon":"","custom_bullet":"","border_around_icon":"border-none","custom_bullet_color":"black","title":"\u00bfQu\u00e9 tipo de pr\u00e9stamo es mejor para financiar una boda?","text":"Todo depende de tu situaci\u00f3n financiera y de cu\u00e1nto dinero te interesa pedir prestado. Los pr\u00e9stamos personales son una excelente opci\u00f3n porque no requieren garant\u00eda, se pueden gastar seg\u00fan tus necesidades personales, y ofrecen una estructura de pagos fijos. Si necesitas un pr\u00e9stamo mayor y ya tienes el t\u00edtulo de tu auto, tambi\u00e9n puedes considerar un pr\u00e9stamo personal garantizado que usa tu auto como garant\u00eda, pero ofrece los mismos beneficios.","text_border":"none","stars":"","author":""},{"icon":"","custom_bullet":"","border_around_icon":"border-none","custom_bullet_color":"black","title":"\u00bfPuedo usar un pr\u00e9stamo para bodas para mi luna de miel?","text":"Aplicar para un pr\u00e9stamo personal en l\u00ednea es f\u00e1cil. Necesitas proporcionar informaci\u00f3n personal sobre qui\u00e9n eres y c\u00f3mo son tus finanzas, y nosotros revisaremos tu historial de cr\u00e9dito, si tienes uno, y verificaremos la informaci\u00f3n de tu aplicaci\u00f3n. La decisi\u00f3n se toma r\u00e1pidamente, y luego ya podr\u00e1s decidir los t\u00e9rminos de tus pagos que se ajusten mejor a tu presupuesto.","text_border":"none","stars":"","author":""},{"icon":false,"custom_bullet":"","border_around_icon":"border-none","custom_bullet_color":"black","title":"\u00bfC\u00f3mo obtengo un pr\u00e9stamo para bodas?","text":"Todo lo que tienes que hacer es aplicar en l\u00ednea. Si te aprobamos, puedes escoger los t\u00e9rminos de tus pagos, como mejor se ajusten a tu presupuesto, y la forma en que quieres recibir el dinero. \u00bfPodemos sugerirte que sea con dep\u00f3sito directo para que tengas acceso a los fondos de tu pr\u00e9stamo m\u00e1s r\u00e1pidamente?","text_border":"none","stars":"","author":""}],"blocks":null,"icon_settings":{"desktop_aligment":"center","mobile_aligment":"center","if_no_icon_selected_left_space":false}}]},{"acf_fc_layout":"content_block","settings":{"name":"","columns":"1","display":"auto","background":"light-gray","image_placement":"auto","padding":"","ab_component":"","ab_test_type":""},"blocks":[{"acf_fc_layout":"content","content_title":"","block_settings":{"disabled":"No"},"description":"<h2 style=\"text-align: center;\">No solo lo decimos nosotros<\/h2>\r\n<p style=\"text-align: center;\">[impact name=\"Google rating\" number=\u201dtrue\u201d description=\"false\"] rese\u00f1as de 5 estrellas en Google y Trustpilot<\/p>\r\n<p style=\"text-align: center;\"><a href=\"https:\/\/oportun.com\/es\/resenas\/\">Leer m\u00e1s<\/a><\/p>"},{"acf_fc_layout":"testimonial","block_settings":{"disabled":"No"},"testimonials":[{"quote":"Vine durante mi hora de almuerzo a aplicar para un pr\u00e9stamo para mi boda, que es el mes que viene, y todo result\u00f3 r\u00e1pido y me aprobaron en minutos. Gracias.","author":"Alan Espinoza","stars":"5","source":"Google","source_link":"https:\/\/www.google.com\/maps\/reviews\/@36.098665,-115.117098,17z\/data=!3m1!4b1!4m6!14m5!1m4!2m3!1sChZDSUhNMG9nS0VJQ0FnSUQwbGZ2UldBEAE!2m1!1s0x0:0xcc437d117baa356c?hl=en-US&entry=ttu"},{"quote":"Este lugar es formidable para comenzar a establecer cr\u00e9dito. Se lo he recomendado a muchos de mis amigos. Yo misma he pedido unos cuantos pr\u00e9stamos con ellos y el personal siempre ha sido s\u00faper amable.","author":"Cynthia Garcia","stars":"5","source":"Google","source_link":"https:\/\/search.google.com\/local\/reviews?placeid=ChIJ1Ze-Hy2x3IAROAhkwDb4Wd0"},{"quote":"Todo el proceso fue extremadamente f\u00e1cil y agradable. El representante de servicio al cliente me explic\u00f3 muy bien, me ayud\u00f3 mucho y fue paciente. \u00a1Con Oportun pude cubrir la emergencia que ten\u00eda! Se los voy a recomendar a mi familia y amigos. Estoy muy complacida con mi primer pr\u00e9stamo con Oportun.","author":"Claudia Morales","stars":"5","source":"Google","source_link":"https:\/\/search.google.com\/local\/reviews?placeid=ChIJGxm__pNXwoARXG5sI0DfD8Y"}]},{"acf_fc_layout":"list","block_settings":{"disabled":"No"},"settings":{"list_type":"horizontal_list","list_style":"badge","icon":{"source":""},"title":"","automatic_scrolling":false,"autoscrolling_speed":"mod","card_background":"default","icon_color":"default"},"items":null,"blocks":[{"acf_fc_layout":"badge","image":2418602,"label":"[impact name=\"accolade1\" number=\u201dfalse\u201d description=\"true\"]","link":"","alt_text":""},{"acf_fc_layout":"badge","image":2616127,"label":"[impact name=\"accolade2\" number=\u201dfalse\u201d description=\"true\"]","link":"","alt_text":""},{"acf_fc_layout":"badge","image":2608031,"label":"[impact name=\"accolade3\" number=\u201dfalse\u201d description=\"true\"]","link":"","alt_text":""}],"icon_settings":{"desktop_aligment":"center","mobile_aligment":"center","if_no_icon_selected_left_space":false}}]},{"acf_fc_layout":"content_block","settings":{"name":"","columns":"1","display":"contained","background":"black","image_placement":"auto","padding":"","ab_component":"","ab_test_type":""},"blocks":[{"acf_fc_layout":"content","content_title":"","block_settings":{"disabled":"No"},"description":"<h2 style=\"text-align: center;\">\u00bfTodav\u00eda tienes preguntas?<\/h2>"},{"acf_fc_layout":"list_block","block_settings":{"disabled":"No"},"settings":{"list_type":"horizontal_list","list_style":"stacked","horizontal_style":"center","title":"","card_background":"default","icon_color":"default"},"items":[{"icon":"chat","custom_bullet":"","border_around_icon":"border-none","custom_bullet_color":"black","badge":"","title":"","text":"<h3>Usa el Chat<\/h3>\r\nHaz tus preguntas en l\u00ednea\r\n<p style=\"text-align: center;\"><a class=\"button\" data-enable_five9=\"true\">Iniciar<\/a><\/p>","original_price":"","current_price":"","text_border":"none","image":null,"content":"","description":"","label":"","link":"","alt_text":"","is_featured":false},{"icon":"phone-call","custom_bullet":"","border_around_icon":"border-none","custom_bullet_color":"black","badge":"","title":"","text":"<h3>Llama<\/h3>\r\nHabla con un miembro del equipo\r\n<p style=\"text-align: center;\"><a href=\"tel:866-488-6090%20\" class=\"button\">(866) 488-6090<\/a><\/p>","original_price":"","current_price":"","text_border":"none","image":null,"content":"","description":"","label":"","link":"","alt_text":"","is_featured":false},{"icon":"location","custom_bullet":"","border_around_icon":"border-none","custom_bullet_color":"black","badge":"","title":"","text":"<h3>Vis\u00edtanos<\/h3>\r\nEncuentra tu sucursal m\u00e1s cercana\r\n<p style=\"text-align: center;\"><a href=\"\/locations\/\" class=\"button\">Sucursales<\/a><\/p>","original_price":"","current_price":"","text_border":"none","image":null,"content":"","description":"","label":"","link":"","alt_text":"","is_featured":false}]}]},{"acf_fc_layout":"content_block","settings":{"name":"","columns":"1","display":"auto","background":"none","image_placement":"auto","padding":"","ab_component":"","ab_test_type":""},"blocks":[{"acf_fc_layout":"content","content_title":"","block_settings":{"disabled":"No"},"description":"<h2 style=\"text-align: center;\">Vu\u00e9lvete m\u00e1s experto en pr\u00e9stamos para bodas<\/h2>"},{"acf_fc_layout":"featured_posts","block_settings":{"disabled":"No"},"title":"","category":93},{"acf_fc_layout":"content","content_title":"","block_settings":{"disabled":"No"},"description":"<p style=\"text-align: center;\"><a href=\"https:\/\/oportun.com\/es\/educacion-financiera\/\" class=\"button\" data-event_tracking=\"button click\" data-event_tracking_section=\"body\" data-event_tracking_label=\"View financial education\">Ver educaci\u00f3n financiera<\/a><\/p>"}]},{"acf_fc_layout":"content_block","settings":{"name":"","columns":"1","display":"auto","background":"black","image_placement":"auto","padding":"","ab_component":"","ab_test_type":""},"blocks":[{"acf_fc_layout":"content","content_title":"","block_settings":{"disabled":"No"},"description":"<h2 style=\"text-align: center;\">Aplica para un pr\u00e9stamo para bodas hoy mismo<\/h2>\r\n<p style=\"text-align: center;\"><a href=\"https:\/\/apply.oportun.com\/home\/?lang=es\" class=\"button\" data-event_tracking=\"button click\" data-event_tracking_section=\"hero\" data-event_tracking_label=\"Apply now\">Aplicar ahora<\/a><\/p>"}]}]},"_links":{"self":[{"href":"https:\/\/oportun.com\/es\/wp-json\/wp\/v2\/pages\/2659005","targetHints":{"allow":["GET"]}}],"collection":[{"href":"https:\/\/oportun.com\/es\/wp-json\/wp\/v2\/pages"}],"about":[{"href":"https:\/\/oportun.com\/es\/wp-json\/wp\/v2\/types\/page"}],"author":[{"embeddable":true,"href":"https:\/\/oportun.com\/es\/wp-json\/wp\/v2\/users\/3"}],"replies":[{"embeddable":true,"href":"https:\/\/oportun.com\/es\/wp-json\/wp\/v2\/comments?post=2659005"}],"version-history":[{"count":1,"href":"https:\/\/oportun.com\/es\/wp-json\/wp\/v2\/pages\/2659005\/revisions"}],"predecessor-version":[{"id":2787710,"href":"https:\/\/oportun.com\/es\/wp-json\/wp\/v2\/pages\/2659005\/revisions\/2787710"}],"up":[{"embeddable":true,"href":"https:\/\/oportun.com\/es\/wp-json\/wp\/v2\/pages\/12618"}],"wp:attachment":[{"href":"https:\/\/oportun.com\/es\/wp-json\/wp\/v2\/media?parent=2659005"}],"wp:term":[{"taxonomy":"folder","embeddable":true,"href":"https:\/\/oportun.com\/es\/wp-json\/wp\/v2\/folder?post=2659005"}],"curies":[{"name":"wp","href":"https:\/\/api.w.org\/{rel}","templated":true}]}}