{"id":2658954,"date":"2023-11-06T12:05:57","date_gmt":"2023-11-06T20:05:57","guid":{"rendered":"https:\/\/oportundev3.wpengine.com\/?page_id=2658954"},"modified":"2025-02-14T12:53:42","modified_gmt":"2025-02-14T20:53:42","slug":"prestamo-viajes","status":"publish","type":"page","link":"https:\/\/oportun.com\/es\/prestamos-personales\/prestamo-viajes\/","title":{"rendered":"Personal Loans: Vacation Loans"},"content":{"rendered":"","protected":false},"excerpt":{"rendered":"","protected":false},"author":3,"featured_media":0,"parent":12618,"menu_order":0,"comment_status":"closed","ping_status":"closed","template":"templates\/flexible.php","meta":{"_acf_changed":false,"footnotes":""},"folder":[],"class_list":["post-2658954","page","type-page","status-publish","hentry","product-core-es","product-metabank-es"],"acf":{"blocks":[{"acf_fc_layout":"content_block","settings":{"name":"","columns":"2","display":"auto","background":"none","image_placement":"auto","padding":"","ab_component":"","ab_test_type":""},"blocks":[{"acf_fc_layout":"content","content_title":"","block_settings":{"disabled":"No"},"description":"<h1>Pr\u00e9stamos para vacaciones<\/h1>\r\nEl pr\u00e9stamo para poder escaparte. Precalifica en minutos sin afectar tu puntaje de cr\u00e9dito.\r\n<p style=\"text-align: left;\"><a href=\"https:\/\/apply.oportun.com\/home\/?lang=es\" class=\"button\" data-event_tracking=\"button click\" data-event_tracking_section=\"hero\" data-event_tracking_label=\"Apply now\">Aplicar ahora<\/a><\/p>\r\n<span style=\"font-size: 12px; color: #808080;\"><a href=\"#general-product-terms\">Ver los t\u00e9rminos<\/a><\/span>"},{"acf_fc_layout":"image","block_settings":{"disabled":"No"},"asset":2782697,"asset_mobile":null,"alt":"","border_radius_enabled":"yes","disabled_img_mobile":"no","youtube_embed_url":"","image_link_to":null,"lazy_load":true}]},{"acf_fc_layout":"content_block","settings":{"name":"","columns":"1","display":"auto","background":"black","image_placement":"auto","padding":"","ab_component":"","ab_test_type":""},"blocks":[{"acf_fc_layout":"content","content_title":"","block_settings":{"disabled":"No"},"description":"<h2 style=\"text-align: center;\">C\u00f3mo puede ayudar un pr\u00e9stamo para vacaciones a que te relajes<\/h2>\r\nSe supone que las vacaciones son relajantes, y planearlas tambi\u00e9n deber\u00eda serlo. Con un pr\u00e9stamo personal puedes comprar esos boletos de avi\u00f3n o reservar las habitaciones del hotel ahora y pagarlos despu\u00e9s con pagos fijos a lo largo del tiempo."}]},{"acf_fc_layout":"content_block","settings":{"name":"","columns":"2","display":"auto","background":"none","image_placement":"left","padding":"","ab_component":"","ab_test_type":""},"blocks":[{"acf_fc_layout":"image","block_settings":{"disabled":"No"},"asset":2629947,"asset_mobile":null,"alt":"","border_radius_enabled":"yes","disabled_img_mobile":"no","youtube_embed_url":"","image_link_to":null,"lazy_load":true},{"acf_fc_layout":"list","block_settings":{"disabled":"No"},"settings":{"list_type":"list","list_style":"bullet","icon":{"source":""},"title":"","automatic_scrolling":false,"autoscrolling_speed":"mod","card_background":"default","icon_color":"default"},"items":[{"icon":"0","custom_bullet":"","border_around_icon":"border-none","custom_bullet_color":"black","title":"","text":"<h2><strong>Financiamiento para vacaciones a la manera Oportun <\/strong><\/h2>","text_border":"none","stars":"","author":""},{"icon":"backgroundcheck","custom_bullet":"","border_around_icon":"border-none","custom_bullet_color":"black","title":"","text":"<h4><strong>Tus ansias de viajar, \u00a1aprobadas!<\/strong><\/h4>\r\nAplica para un pr\u00e9stamo personal de $300 a $10,000 para tu aventura","text_border":"none","stars":"","author":""},{"icon":"depositcheck","custom_bullet":"","border_around_icon":"border-none","custom_bullet_color":"black","title":"","text":"<h4><strong>Planea tus finanzas<\/strong><\/h4>\r\nPagos fijos que se ajustan a tu presupuesto, sin penalidades por prepago","text_border":"none","stars":"","author":""},{"icon":"smiley","custom_bullet":"","border_around_icon":"border-none","custom_bullet_color":"black","title":"","text":"<h4>Beneficioso para tu futuro<\/h4>\r\nPuede ser bueno para tu futuro cuando haces los pagos a tiempo","text_border":"none","stars":"","author":""},{"icon":"0","custom_bullet":"","border_around_icon":"border-none","custom_bullet_color":"black","title":"","text":"&nbsp;\r\n<p style=\"text-align: left;\"><a href=\"https:\/\/apply.oportun.com\/home\/?lang=es\" class=\"button\" data-event_tracking=\"button click\" data-event_tracking_section=\"hero\" data-event_tracking_label=\"Apply now\">Aplicar ahora<\/a><\/p>","text_border":"none","stars":"","author":""}],"blocks":null,"icon_settings":{"desktop_aligment":"center","mobile_aligment":"center","if_no_icon_selected_left_space":false}}]},{"acf_fc_layout":"content_block","settings":{"name":"","columns":"1","display":"auto","background":"light-gray","image_placement":"auto","padding":"","ab_component":"","ab_test_type":""},"blocks":[{"acf_fc_layout":"content","content_title":"","block_settings":{"disabled":"No"},"description":"<h2 style=\"text-align: center;\">Preguntas frecuentes sobre pr\u00e9stamos para vacaciones<\/h2>"},{"acf_fc_layout":"list","block_settings":{"disabled":"No"},"settings":{"list_type":"accordion","list_style":"stacked","icon":{"source":""},"title":"","automatic_scrolling":false,"autoscrolling_speed":"mod","card_background":"default","icon_color":"default"},"items":[{"icon":"","custom_bullet":"","border_around_icon":"border-none","custom_bullet_color":"black","title":"\u00bfSe puede pedir un pr\u00e9stamo para vacaciones?","text":"S\u00ed. Puedes usar un pr\u00e9stamo personal para vacacionar. Antes de comprometerte con un pr\u00e9stamo, considera tu situaci\u00f3n financiera actual y piensa si vas a poder hacer los pagos de tu pr\u00e9stamo completos, y a tiempo, cuando regreses a casa. Unas vacaciones en este momento no deben volverse una carga financiera que no puedas costear en el futuro.","text_border":"none","stars":"","author":""},{"icon":"","custom_bullet":"","border_around_icon":"border-none","custom_bullet_color":"black","title":"\u00bfCu\u00e1les son las ventajas y los inconvenientes de los pr\u00e9stamos para vacaciones?","text":"La ventaja de los pr\u00e9stamos personales es que son flexibles y pueden usarse para boletos, gasolina, habitaciones de hotel y cualquier otro costo vacacional. La aplicaci\u00f3n es corta y recibes tu dinero r\u00e1pidamente con dep\u00f3sito directo. Los inconvenientes son que te cuestan m\u00e1s que si pagaras las vacaciones sin un pr\u00e9stamo debido a los intereses. Adem\u00e1s, tu puntaje de cr\u00e9dito puede afectarse si no haces los pagos completos y a tiempo.","text_border":"none","stars":"","author":""},{"icon":"","custom_bullet":"","border_around_icon":"border-none","custom_bullet_color":"black","title":"\u00bfSe puede pedir un pr\u00e9stamo para la casa de vacaciones?","text":"Es posible usar un pr\u00e9stamo personal para usarlo en la casa de vacaciones. Sin embargo, probablemente un pr\u00e9stamo personal no ser\u00e1 tan grande como para cubrir el costo completo, y un pr\u00e9stamo personal sin garant\u00eda te costar\u00e1 m\u00e1s que la hipoteca. Podr\u00edas usar un pr\u00e9stamo personal para reparar parte de tu casa de vacaciones o para amueblarla.","text_border":"none","stars":"","author":""},{"icon":"","custom_bullet":"","border_around_icon":"border-none","custom_bullet_color":"black","title":"\u00bfValen la pena los pr\u00e9stamos para vacaciones?","text":"Dependiendo de tu situaci\u00f3n financiera personal, los pr\u00e9stamos para vacaciones pueden ser una excelente forma de hacer realidad ese viaje. Aunque los pr\u00e9stamos personales pueden ayudarte a conseguir lo que necesitas, dejar de hacer uno o m\u00e1s pagos mensuales puede tener efectos negativos en tu puntaje de cr\u00e9dito con el tiempo. Aseg\u00farate de pensar bien c\u00f3mo puede afectar tus metas a largo plazo el hecho de tener una deuda.","text_border":"none","stars":"","author":""},{"icon":false,"custom_bullet":"","border_around_icon":"border-none","custom_bullet_color":"black","title":"\u00bfC\u00f3mo se obtiene un pr\u00e9stamo para vacaciones?","text":"Aplicar en l\u00ednea es f\u00e1cil y seguro. Tambi\u00e9n podemos ofrecerte el servicio en persona en cualquiera de nuestras sucursales o a trav\u00e9s de nuestras tiendas afiliadas DolEx y Barri. Tambi\u00e9n puedes aplicar por tel\u00e9fono. Si te aprobamos, los fondos del pr\u00e9stamo se te entregar\u00e1n r\u00e1pidamente con dep\u00f3sito directo para que puedas comenzar a reservar tus vacaciones.","text_border":"none","stars":"","author":""}],"blocks":null,"icon_settings":{"desktop_aligment":"center","mobile_aligment":"center","if_no_icon_selected_left_space":false}}]},{"acf_fc_layout":"content_block","settings":{"name":"","columns":"1","display":"auto","background":"light-gray","image_placement":"auto","padding":"","ab_component":"","ab_test_type":""},"blocks":[{"acf_fc_layout":"content","content_title":"","block_settings":{"disabled":"No"},"description":"<h2 style=\"text-align: center;\">No solo lo decimos nosotros<\/h2>\r\n<p style=\"text-align: center;\">[impact name=\"Google rating\" number=\u201dtrue\u201d description=\"false\"] rese\u00f1as de 5 estrellas en Google y Trustpilot<\/p>\r\n<p style=\"text-align: center;\"><a href=\"https:\/\/oportun.com\/es\/resenas\/\">Leer m\u00e1s<\/a><\/p>"},{"acf_fc_layout":"list","block_settings":{"disabled":"No"},"settings":{"list_type":"horizontal_list","list_style":"testimonial","icon":{"source":""},"title":"","automatic_scrolling":false,"autoscrolling_speed":"mod","card_background":"default","icon_color":"default"},"items":null,"blocks":[{"acf_fc_layout":"testimonial","quote":"Decid\u00ed pedir un pr\u00e9stamo para irme de vacaciones a visitar a mi familia. Son muy amables y cuidan mucho a sus clientes.","author":"Claudia Schmidt","stars":"5","source":"Google","source_link":"https:\/\/www.google.com\/maps\/reviews\/data=!4m8!14m7!1m6!2m5!1sChZDSUhNMG9nS0VJQ0FnSUMwMHVtTEhnEAE!2m1!1s0x0:0xaca6f3cd0d200b7!3m1!1s2@1:CIHM0ogKEICAgIC00umLHg%7CCgwI__qV7AUQsLf8qgI%7C?hl=en-US"},{"acf_fc_layout":"testimonial","quote":"Este lugar es formidable para comenzar a establecer cr\u00e9dito. Se lo he recomendado a muchos de mis amigos. Yo misma he pedido unos cuantos pr\u00e9stamos con ellos y el personal siempre ha sido s\u00faper amable.","author":"Cynthia Garcia","stars":"5","source":"Google","source_link":"https:\/\/search.google.com\/local\/reviews?placeid=ChIJ1Ze-Hy2x3IAROAhkwDb4Wd0"},{"acf_fc_layout":"testimonial","quote":"Todo el proceso fue extremadamente f\u00e1cil y agradable. El representante de servicio al cliente me explic\u00f3 muy bien, me ayud\u00f3 mucho y fue paciente. \u00a1Con Oportun pude cubrir la emergencia que ten\u00eda! Se los voy a recomendar a mi familia y amigos. Estoy muy complacida con mi primer pr\u00e9stamo con Oportun.","author":"Claudia Morales","stars":"5","source":"Google","source_link":"https:\/\/search.google.com\/local\/reviews?placeid=ChIJGxm__pNXwoARXG5sI0DfD8Y"}],"icon_settings":{"desktop_aligment":"center","mobile_aligment":"center","if_no_icon_selected_left_space":false}},{"acf_fc_layout":"list","block_settings":{"disabled":"No"},"settings":{"list_type":"horizontal_list","list_style":"badge","icon":{"source":""},"title":"","automatic_scrolling":false,"autoscrolling_speed":"mod","card_background":"default","icon_color":"default"},"items":null,"blocks":[{"acf_fc_layout":"badge","image":2418602,"label":"[impact name=\"accolade1\" number=\u201dfalse\u201d description=\"true\"]","link":"","alt_text":""},{"acf_fc_layout":"badge","image":2616127,"label":"[impact name=\"accolade2\" number=\u201dfalse\u201d description=\"true\"]","link":"","alt_text":""},{"acf_fc_layout":"badge","image":2608031,"label":"[impact name=\"accolade3\" number=\u201dfalse\u201d description=\"true\"]","link":"","alt_text":""}],"icon_settings":{"desktop_aligment":"center","mobile_aligment":"center","if_no_icon_selected_left_space":false}}]},{"acf_fc_layout":"content_block","settings":{"name":"","columns":"1","display":"contained","background":"black","image_placement":"auto","padding":"","ab_component":"","ab_test_type":""},"blocks":[{"acf_fc_layout":"content","content_title":"","block_settings":{"disabled":"No"},"description":"<h2 style=\"text-align: center;\">\u00bfTodav\u00eda tienes preguntas?<\/h2>"},{"acf_fc_layout":"list","block_settings":{"disabled":"No"},"settings":{"list_type":"horizontal_list","list_style":"center","icon":{"source":""},"title":"","automatic_scrolling":false,"autoscrolling_speed":"mod","card_background":"default","icon_color":"default"},"items":[{"icon":"chat","custom_bullet":"","border_around_icon":"border-none","custom_bullet_color":"black","title":"","text":"<h3>Usa el Chat<\/h3>\r\nHaz tus preguntas en l\u00ednea\r\n<p style=\"text-align: center;\"><a class=\"button\" data-enable_five9=\"true\">Iniciar<\/a><\/p>","text_border":"none","stars":"","author":""},{"icon":"phone-call","custom_bullet":"","border_around_icon":"border-none","custom_bullet_color":"black","title":"","text":"<h3>Llama<\/h3>\r\nHabla con un miembro del equipo\r\n<p style=\"text-align: center;\"><a href=\"tel:866-488-6090%20\" class=\"button\">(866) 488-6090<\/a><\/p>","text_border":"none","stars":"","author":""},{"icon":"location","custom_bullet":"","border_around_icon":"border-none","custom_bullet_color":"black","title":"","text":"<h3>Vis\u00edtanos<\/h3>\r\nEncuentra tu sucursal m\u00e1s cercana\r\n<p style=\"text-align: center;\"><a href=\"\/locations\/\" class=\"button\">Sucursales<\/a><\/p>","text_border":"none","stars":"","author":""}],"blocks":null,"icon_settings":{"desktop_aligment":"center","mobile_aligment":"center","if_no_icon_selected_left_space":false}}]},{"acf_fc_layout":"content_block","settings":{"name":"","columns":"1","display":"auto","background":"none","image_placement":"auto","padding":"","ab_component":"","ab_test_type":""},"blocks":[{"acf_fc_layout":"content","content_title":"","block_settings":{"disabled":"No"},"description":"<h2 style=\"text-align: center;\">Vu\u00e9lvete m\u00e1s experto en financiamiento para vacaciones<\/h2>"},{"acf_fc_layout":"featured_posts","block_settings":{"disabled":"No"},"title":"","category":93},{"acf_fc_layout":"content","content_title":"","block_settings":{"disabled":"No"},"description":"<p style=\"text-align: center;\"><a href=\"https:\/\/oportun.com\/es\/educacion-financiera\/\" class=\"button\" data-event_tracking=\"button click\" data-event_tracking_section=\"body\" data-event_tracking_label=\"View financial education\">Ver educaci\u00f3n financiera<\/a><\/p>"}]},{"acf_fc_layout":"content_block","settings":{"name":"","columns":"1","display":"auto","background":"black","image_placement":"auto","padding":"","ab_component":"","ab_test_type":""},"blocks":[{"acf_fc_layout":"content","content_title":"","block_settings":{"disabled":"No"},"description":"<h2 style=\"text-align: center;\">Aplica para un pr\u00e9stamo para vacaciones hoy mismo<\/h2>\r\n<p style=\"text-align: center;\"><a href=\"https:\/\/apply.oportun.com\/home\/\" class=\"button\" data-event_tracking=\"button click\" data-event_tracking_section=\"hero\" data-event_tracking_label=\"Apply now\">Aplicar ahora<\/a><\/p>"}]}]},"_links":{"self":[{"href":"https:\/\/oportun.com\/es\/wp-json\/wp\/v2\/pages\/2658954","targetHints":{"allow":["GET"]}}],"collection":[{"href":"https:\/\/oportun.com\/es\/wp-json\/wp\/v2\/pages"}],"about":[{"href":"https:\/\/oportun.com\/es\/wp-json\/wp\/v2\/types\/page"}],"author":[{"embeddable":true,"href":"https:\/\/oportun.com\/es\/wp-json\/wp\/v2\/users\/3"}],"replies":[{"embeddable":true,"href":"https:\/\/oportun.com\/es\/wp-json\/wp\/v2\/comments?post=2658954"}],"version-history":[{"count":0,"href":"https:\/\/oportun.com\/es\/wp-json\/wp\/v2\/pages\/2658954\/revisions"}],"up":[{"embeddable":true,"href":"https:\/\/oportun.com\/es\/wp-json\/wp\/v2\/pages\/12618"}],"wp:attachment":[{"href":"https:\/\/oportun.com\/es\/wp-json\/wp\/v2\/media?parent=2658954"}],"wp:term":[{"taxonomy":"folder","embeddable":true,"href":"https:\/\/oportun.com\/es\/wp-json\/wp\/v2\/folder?post=2658954"}],"curies":[{"name":"wp","href":"https:\/\/api.w.org\/{rel}","templated":true}]}}