{"id":2658953,"date":"2023-11-06T12:05:37","date_gmt":"2023-11-06T20:05:37","guid":{"rendered":"https:\/\/oportundev3.wpengine.com\/?page_id=2658953"},"modified":"2025-02-14T12:52:48","modified_gmt":"2025-02-14T20:52:48","slug":"prestamos-medicos","status":"publish","type":"page","link":"https:\/\/oportun.com\/es\/prestamos-personales\/prestamos-medicos\/","title":{"rendered":"Personal Loans: Medical Loans"},"content":{"rendered":"","protected":false},"excerpt":{"rendered":"","protected":false},"author":3,"featured_media":0,"parent":12618,"menu_order":0,"comment_status":"closed","ping_status":"closed","template":"templates\/flexible.php","meta":{"_acf_changed":false,"footnotes":""},"folder":[],"class_list":["post-2658953","page","type-page","status-publish","hentry","product-core-es","product-metabank-es"],"acf":{"blocks":[{"acf_fc_layout":"content_block","settings":{"name":"","columns":"2","display":"auto","background":"none","image_placement":"auto","padding":"","ab_component":"","ab_test_type":""},"blocks":[{"acf_fc_layout":"content","content_title":"","block_settings":{"disabled":"No"},"description":"<h1>Pr\u00e9stamos para necesidades m\u00e9dicas<\/h1>\r\nHazte cargo de gastos personales que se suman cuando necesitas surtir recetas, pagar citas y otros cuidados de salud que obtienes de un doctor. Precalifica en minutos sin afectar tu puntaje de cr\u00e9dito.\r\n<p style=\"text-align: left;\"><a href=\"https:\/\/apply.oportun.com\/home\/?lang=es\" class=\"button\" data-event_tracking=\"button click\" data-event_tracking_section=\"hero\" data-event_tracking_label=\"Apply now\">Aplicar ahora<\/a><\/p>\r\n<span style=\"font-size: 12px; color: #808080;\"><a href=\"#general-product-terms\">Ver los t\u00e9rminos<\/a><\/span>"},{"acf_fc_layout":"image","block_settings":{"disabled":"No"},"asset":2782691,"asset_mobile":null,"alt":"","border_radius_enabled":"yes","disabled_img_mobile":"no","youtube_embed_url":"","image_link_to":null,"lazy_load":true}]},{"acf_fc_layout":"content_block","settings":{"name":"","columns":"1","display":"auto","background":"black","image_placement":"auto","padding":"","ab_component":"","ab_test_type":""},"blocks":[{"acf_fc_layout":"content","content_title":"","block_settings":{"disabled":"No"},"description":"<h2 style=\"text-align: center;\">Un pr\u00e9stamo para necesidades m\u00e9dicas incluye tranquilidad<\/h2>\r\nLo \u00faltimo que quiere cualquier persona es preocuparse de c\u00f3mo va a costear sus gastos de salud. Un pr\u00e9stamo personal puede ayudarte con los fondos adicionales que necesitas para pagar una cirug\u00eda, un susto relacionado con la salud, la atenci\u00f3n m\u00e9dica regular, las facturas m\u00e9dicas y mucho m\u00e1s, para que as\u00ed puedas enfocarte en tu salud."}]},{"acf_fc_layout":"content_block","settings":{"name":"","columns":"2","display":"auto","background":"none","image_placement":"left","padding":"","ab_component":"","ab_test_type":""},"blocks":[{"acf_fc_layout":"image","block_settings":{"disabled":"No"},"asset":2629942,"asset_mobile":null,"alt":"","border_radius_enabled":"yes","disabled_img_mobile":"no","youtube_embed_url":"","image_link_to":null,"lazy_load":true},{"acf_fc_layout":"list","block_settings":{"disabled":"No"},"settings":{"list_type":"list","list_style":"bullet","icon":{"source":""},"title":"","automatic_scrolling":false,"autoscrolling_speed":"mod","card_background":"default","icon_color":"default"},"items":[{"icon":"0","custom_bullet":"","border_around_icon":"border-none","custom_bullet_color":"black","title":"","text":"<h2>Menos estr\u00e9s financiando tu cuidado de salud<\/h2>","text_border":"none","stars":"","author":""},{"icon":"backgroundcheck","custom_bullet":"","border_around_icon":"border-none","custom_bullet_color":"black","title":"","text":"<h4><span class=\"NormalTextRun SCXW13418762 BCX0\" data-ccp-parastyle=\"heading 3\">Pr\u00e9stamos por cantidades de $300 a $10,000<\/span><\/h4>\r\nPara toda clase de necesidades m\u00e9dicas","text_border":"none","stars":"","author":""},{"icon":"depositcheck","custom_bullet":"","border_around_icon":"border-none","custom_bullet_color":"black","title":"","text":"<h4>Obt\u00e9n el dinero r\u00e1pidamente con dep\u00f3sito directo<\/h4>\r\nLas decisiones sobre el pr\u00e9stamo por lo general se dan el mismo d\u00eda y puedes recibir tu dinero con dep\u00f3sito directo","text_border":"none","stars":"","author":""},{"icon":"smiley","custom_bullet":"","border_around_icon":"border-none","custom_bullet_color":"black","title":"","text":"<h4>Elige tus t\u00e9rminos por adelantado<\/h4>\r\nTu plan de pagos no cambiar\u00e1 durante todo el plazo del pr\u00e9stamo y no hay penalidades por prepago","text_border":"none","stars":"","author":""},{"icon":"0","custom_bullet":"","border_around_icon":"border-none","custom_bullet_color":"black","title":"","text":"&nbsp;\r\n<p style=\"text-align: left;\"><a href=\"https:\/\/apply.oportun.com\/home\/?lang=es\" class=\"button\" data-event_tracking=\"button click\" data-event_tracking_section=\"hero\" data-event_tracking_label=\"Apply now\">Aplicar ahora<\/a><\/p>","text_border":"none","stars":"","author":""}],"blocks":null,"icon_settings":{"desktop_aligment":"center","mobile_aligment":"center","if_no_icon_selected_left_space":false}}]},{"acf_fc_layout":"content_block","settings":{"name":"","columns":"1","display":"auto","background":"light-gray","image_placement":"auto","padding":"","ab_component":"","ab_test_type":""},"blocks":[{"acf_fc_layout":"content","content_title":"","block_settings":{"disabled":"No"},"description":"<h2 style=\"text-align: center;\">Preguntas frecuentes sobre pr\u00e9stamos m\u00e9dicos<\/h2>"},{"acf_fc_layout":"list","block_settings":{"disabled":"No"},"settings":{"list_type":"accordion","list_style":"stacked","icon":{"source":""},"title":"","automatic_scrolling":false,"autoscrolling_speed":"mod","card_background":"default","icon_color":"default"},"items":[{"icon":"","custom_bullet":"","border_around_icon":"border-none","custom_bullet_color":"black","title":"\u00bfPuedo usar un pr\u00e9stamo para facturas m\u00e9dicas?","text":"S\u00ed. Puedes usar un pr\u00e9stamo personal para procedimientos programados o para pagar facturas m\u00e9dicas pendientes. Aunque algunas compa\u00f1\u00edas de seguros de salud y proveedores m\u00e9dicos ofrecen planes de pagos u opciones de asistencia que ayudan a pagar facturas m\u00e9dicas, t\u00fa podr\u00edas encontrar mejores tasas de inter\u00e9s y t\u00e9rminos en un pr\u00e9stamo personal. Averigua o p\u00eddele a un ser querido que te ayude.\r\n\r\nPuedes usar un pr\u00e9stamo personal para cubrir cualquier gasto personal, as\u00ed que los fondos del pr\u00e9stamo tambi\u00e9n pueden pagar las facturas de tus servicios p\u00fablicos o la renta si te requieres de ese dinero extra mientras te recuperas del procedimiento m\u00e9dico.","text_border":"none","stars":"","author":""},{"icon":"","custom_bullet":"","border_around_icon":"border-none","custom_bullet_color":"black","title":"\u00bfLos pr\u00e9stamos pueden cubrir los costos de procedimientos m\u00e9dicos de emergencia?","text":"As\u00ed es. Los pr\u00e9stamos personales pueden usarse para cubrir los costos de procedimientos m\u00e9dicos imprevistos para salvar una vida. Aunque muchos hospitales ofrecen asistencia financiera a trav\u00e9s de Medicare, Medicaid o de otros programas, hay ciertas restricciones con las que los solicitantes se pueden enfrentar para poder calificar para estos programas. Si estas opciones no funcionan para ti, los pr\u00e9stamos personales pueden ser una estupenda manera de pagar las deudas de procedimientos m\u00e9dicos de emergencia, con una estructura de pagos que funcione para ti. Ese dinero tambi\u00e9n puede usarse para cubrir otras obligaciones financieras mientras te recuperas del procedimiento m\u00e9dico.","text_border":"none","stars":"","author":""},{"icon":"","custom_bullet":"","border_around_icon":"border-none","custom_bullet_color":"black","title":"\u00bfPuedo utilizar un pr\u00e9stamo m\u00e9dico para ex\u00e1menes y citas?","text":"Si no tienes seguro de salud o necesitas ayuda con el copago, un pr\u00e9stamo personal podr\u00eda ser adecuado para ti. Pide desde $300 y tendr\u00e1s meses para pagar tu pr\u00e9stamo en pagos iguales.","text_border":"none","stars":"","author":""},{"icon":"","custom_bullet":"","border_around_icon":"border-none","custom_bullet_color":"black","title":"\u00bfSe puede usar el financiamiento m\u00e9dico para tratamientos cosm\u00e9ticos?","text":"El financiamiento m\u00e9dico podr\u00eda ser una forma de ayudarse a pagar procedimientos como Botox, rellenos labiales o tratamientos Lasik.\u00a0 Algunos tratamientos cosm\u00e9ticos pueden calificar para financiamiento m\u00e9dico, como cirug\u00eda reconstructiva despu\u00e9s de un accidente. Tambi\u00e9n podr\u00edan calificar ciertas operaciones con l\u00e1ser para condiciones graves de la piel como cicatrices y quemaduras.","text_border":"none","stars":"","author":""},{"icon":false,"custom_bullet":"","border_around_icon":"border-none","custom_bullet_color":"black","title":"\u00bfPuedo usar un pr\u00e9stamo m\u00e9dico para los costos de las recetas?","text":"S\u00ed. Los pr\u00e9stamos personales son tan flexibles que pueden usarse para cubrir todo tipo de gastos m\u00e9dicos, incluyendo el costo de las medicinas de receta, de art\u00edculos sin receta, y hasta pueden ayudarte a que tengas luz en casa si por tu enfermedad est\u00e1s temporalmente sin trabajo.","text_border":"none","stars":"","author":""}],"blocks":null,"icon_settings":{"desktop_aligment":"center","mobile_aligment":"center","if_no_icon_selected_left_space":false}}]},{"acf_fc_layout":"content_block","settings":{"name":"","columns":"1","display":"auto","background":"light-gray","image_placement":"auto","padding":"","ab_component":"","ab_test_type":""},"blocks":[{"acf_fc_layout":"content","content_title":"","block_settings":{"disabled":"No"},"description":"<h2 style=\"text-align: center;\">No solo lo decimos nosotros<\/h2>\r\n<p style=\"text-align: center;\">[impact name=\"Google rating\" number=\u201dtrue\u201d description=\"false\"] rese\u00f1as de 5 estrellas en Google y Trustpilot<\/p>\r\n<p style=\"text-align: center;\"><a href=\"https:\/\/oportun.com\/es\/resenas\/\">Leer m\u00e1s<\/a><\/p>"},{"acf_fc_layout":"list","block_settings":{"disabled":"No"},"settings":{"list_type":"horizontal_list","list_style":"testimonial","icon":{"source":""},"title":"","automatic_scrolling":false,"autoscrolling_speed":"mod","card_background":"default","icon_color":"default"},"items":null,"blocks":[{"acf_fc_layout":"testimonial","quote":"Esta fue la primera vez que apliqu\u00e9 con Oportun para una emergencia m\u00e9dica familiar y la Srita. Kalia fue muy eficiente con todo el proceso, y tambi\u00e9n muy amable. \u00a1Gracias!","author":"Arquimedes Aviles","stars":"5","source":"Google","source_link":"https:\/\/www.google.com\/maps\/reviews\/@33.0361563,-96.6966166,17z\/data=!3m1!4b1!4m6!14m5!1m4!2m3!1sChdDSUhNMG9nS0VJQ0FnSURod3R1NzBBRRAB!2m1!1s0x0:0xdbacaf416c276235?hl=en-US&entry=ttu"},{"acf_fc_layout":"testimonial","quote":"Este lugar es formidable para comenzar a establecer cr\u00e9dito. Se lo he recomendado a muchos de mis amigos. Yo misma he pedido unos cuantos pr\u00e9stamos con ellos y el personal siempre ha sido s\u00faper amable.","author":"Cynthia Garcia","stars":"5","source":"Google","source_link":"https:\/\/search.google.com\/local\/reviews?placeid=ChIJ1Ze-Hy2x3IAROAhkwDb4Wd0"},{"acf_fc_layout":"testimonial","quote":"Todo el proceso fue extremadamente f\u00e1cil y agradable. El representante de servicio al cliente me explic\u00f3 muy bien, me ayud\u00f3 mucho y fue paciente. \u00a1Con Oportun pude cubrir la emergencia que ten\u00eda! Se los voy a recomendar a mi familia y amigos. Estoy muy complacida con mi primer pr\u00e9stamo con Oportun.","author":"Claudia Morales","stars":"5","source":"Google","source_link":"https:\/\/search.google.com\/local\/reviews?placeid=ChIJGxm__pNXwoARXG5sI0DfD8Y"}],"icon_settings":{"desktop_aligment":"center","mobile_aligment":"center","if_no_icon_selected_left_space":false}},{"acf_fc_layout":"list","block_settings":{"disabled":"No"},"settings":{"list_type":"horizontal_list","list_style":"badge","icon":{"source":""},"title":"","automatic_scrolling":false,"autoscrolling_speed":"mod","card_background":"default","icon_color":"default"},"items":null,"blocks":[{"acf_fc_layout":"badge","image":2418602,"label":"[impact name=\"accolade1\" number=\u201dfalse\u201d description=\"true\"]","link":"","alt_text":""},{"acf_fc_layout":"badge","image":2616127,"label":"[impact name=\"accolade2\" number=\u201dfalse\u201d description=\"true\"]","link":"","alt_text":""},{"acf_fc_layout":"badge","image":2608031,"label":"[impact name=\"accolade3\" number=\u201dfalse\u201d description=\"true\"]","link":"","alt_text":""}],"icon_settings":{"desktop_aligment":"center","mobile_aligment":"center","if_no_icon_selected_left_space":false}}]},{"acf_fc_layout":"content_block","settings":{"name":"","columns":"1","display":"contained","background":"black","image_placement":"auto","padding":"","ab_component":"","ab_test_type":""},"blocks":[{"acf_fc_layout":"content","content_title":"","block_settings":{"disabled":"No"},"description":"<h2 style=\"text-align: center;\">\u00bfTodav\u00eda tienes preguntas?<\/h2>"},{"acf_fc_layout":"list","block_settings":{"disabled":"No"},"settings":{"list_type":"horizontal_list","list_style":"center","icon":{"source":""},"title":"","automatic_scrolling":false,"autoscrolling_speed":"mod","card_background":"default","icon_color":"default"},"items":[{"icon":"chat","custom_bullet":"","border_around_icon":"border-none","custom_bullet_color":"black","title":"","text":"<h3>Usa el Chat<\/h3>\r\nHaz tus preguntas en l\u00ednea\r\n<p style=\"text-align: center;\"><a class=\"button\" data-enable_five9=\"true\">Iniciar<\/a><\/p>","text_border":"none","stars":"","author":""},{"icon":"phone-call","custom_bullet":"","border_around_icon":"border-none","custom_bullet_color":"black","title":"","text":"<h3>Llama<\/h3>\r\nHabla con un miembro del equipo\r\n<p style=\"text-align: center;\"><a href=\"tel:866-488-6090%20\" class=\"button\">(866) 488-6090<\/a><\/p>","text_border":"none","stars":"","author":""},{"icon":"location","custom_bullet":"","border_around_icon":"border-none","custom_bullet_color":"black","title":"","text":"<h3>Vis\u00edtanos<\/h3>\r\nEncuentra tu sucursal m\u00e1s cercana\r\n<p style=\"text-align: center;\"><a href=\"\/locations\/\" class=\"button\">Sucursales<\/a><\/p>","text_border":"none","stars":"","author":""}],"blocks":null,"icon_settings":{"desktop_aligment":"center","mobile_aligment":"center","if_no_icon_selected_left_space":false}}]},{"acf_fc_layout":"content_block","settings":{"name":"","columns":"1","display":"auto","background":"none","image_placement":"auto","padding":"","ab_component":"","ab_test_type":""},"blocks":[{"acf_fc_layout":"content","content_title":"","block_settings":{"disabled":"No"},"description":"<h2 style=\"text-align: center;\">Vu\u00e9lvete m\u00e1s experto en financiamiento m\u00e9dico<\/h2>"},{"acf_fc_layout":"featured_posts","block_settings":{"disabled":"No"},"title":"","category":93},{"acf_fc_layout":"content","content_title":"","block_settings":{"disabled":"No"},"description":"<p style=\"text-align: center;\"><a href=\"https:\/\/oportun.com\/es\/educacion-financiera\/\" class=\"button\" data-event_tracking=\"button click\" data-event_tracking_section=\"body\" data-event_tracking_label=\"View financial education\">Ver educaci\u00f3n financiera<\/a><\/p>"}]},{"acf_fc_layout":"content_block","settings":{"name":"","columns":"1","display":"auto","background":"black","image_placement":"auto","padding":"","ab_component":"","ab_test_type":""},"blocks":[{"acf_fc_layout":"content","content_title":"","block_settings":{"disabled":"No"},"description":"<h2 style=\"text-align: center;\">Aplica para un pr\u00e9stamo m\u00e9dico hoy mismo<\/h2>\r\n<p style=\"text-align: center;\"><a href=\"https:\/\/apply.oportun.com\/home\/?lang=es\" class=\"button\" data-event_tracking=\"button click\" data-event_tracking_section=\"hero\" data-event_tracking_label=\"Apply now\">Aplicar ahora<\/a><\/p>"}]}]},"_links":{"self":[{"href":"https:\/\/oportun.com\/es\/wp-json\/wp\/v2\/pages\/2658953","targetHints":{"allow":["GET"]}}],"collection":[{"href":"https:\/\/oportun.com\/es\/wp-json\/wp\/v2\/pages"}],"about":[{"href":"https:\/\/oportun.com\/es\/wp-json\/wp\/v2\/types\/page"}],"author":[{"embeddable":true,"href":"https:\/\/oportun.com\/es\/wp-json\/wp\/v2\/users\/3"}],"replies":[{"embeddable":true,"href":"https:\/\/oportun.com\/es\/wp-json\/wp\/v2\/comments?post=2658953"}],"version-history":[{"count":0,"href":"https:\/\/oportun.com\/es\/wp-json\/wp\/v2\/pages\/2658953\/revisions"}],"up":[{"embeddable":true,"href":"https:\/\/oportun.com\/es\/wp-json\/wp\/v2\/pages\/12618"}],"wp:attachment":[{"href":"https:\/\/oportun.com\/es\/wp-json\/wp\/v2\/media?parent=2658953"}],"wp:term":[{"taxonomy":"folder","embeddable":true,"href":"https:\/\/oportun.com\/es\/wp-json\/wp\/v2\/folder?post=2658953"}],"curies":[{"name":"wp","href":"https:\/\/api.w.org\/{rel}","templated":true}]}}