{"id":2658952,"date":"2023-11-06T12:05:16","date_gmt":"2023-11-06T20:05:16","guid":{"rendered":"https:\/\/oportundev3.wpengine.com\/?page_id=2658952"},"modified":"2026-02-25T21:28:49","modified_gmt":"2026-02-26T05:28:49","slug":"prestamo-reforma-vivienda","status":"publish","type":"page","link":"https:\/\/oportun.com\/es\/prestamos-personales\/prestamo-reforma-vivienda\/","title":{"rendered":"Personal Loans: Home Improvement Loans"},"content":{"rendered":"","protected":false},"excerpt":{"rendered":"","protected":false},"author":3,"featured_media":0,"parent":12618,"menu_order":0,"comment_status":"closed","ping_status":"closed","template":"templates\/flexible.php","meta":{"_acf_changed":false,"footnotes":""},"folder":[],"class_list":["post-2658952","page","type-page","status-publish","hentry","product-core-es","product-metabank-es"],"acf":{"blocks":[{"acf_fc_layout":"content_block","settings":{"name":"","columns":"2","display":"auto","background":"none","image_placement":"auto","padding":"","ab_component":"","ab_test_type":""},"blocks":[{"acf_fc_layout":"content","content_title":"","block_settings":{"disabled":"No"},"description":"<h1>Pr\u00e9stamos para mejoras del hogar<\/h1>\r\nRenueva tu espacio y eleva tu estilo de vida. Precalifica en minutos sin afectar tu puntaje de cr\u00e9dito.\r\n<p style=\"text-align: left;\"><a href=\"https:\/\/apply.oportun.com\/home\/?lang=es\" class=\"button\" data-event_tracking=\"button click\" data-event_tracking_section=\"hero\" data-event_tracking_label=\"Apply now\">Aplicar ahora<\/a><\/p>\r\n<span style=\"font-size: 12px; color: #808080;\"><a href=\"#general-product-terms\">Ver los t\u00e9rminos<\/a><\/span>"},{"acf_fc_layout":"image","block_settings":{"disabled":"No"},"asset":2782704,"asset_mobile":null,"alt":"","border_radius_enabled":"yes","disabled_img_mobile":"no","youtube_embed_url":"","image_link_to":null,"lazy_load":true}]},{"acf_fc_layout":"content_block","settings":{"name":"","columns":"1","display":"auto","background":"black","image_placement":"auto","padding":"","ab_component":"","ab_test_type":""},"blocks":[{"acf_fc_layout":"content","content_title":"","block_settings":{"disabled":"No"},"description":"<h2 style=\"text-align: center;\">Los beneficios de los pr\u00e9stamos para mejoras del hogar<\/h2>\r\nUsar un pr\u00e9stamo personal para mejorar tu hogar puede ayudarte a corto y largo plazo. Puedes adelantarte a las reparaciones antes de que se conviertan en problemas mayores, comenzar un proyecto de renovaci\u00f3n, aumentar el valor de tu casa y mucho m\u00e1s."}]},{"acf_fc_layout":"content_block","settings":{"name":"","columns":"2","display":"auto","background":"none","image_placement":"left","padding":"","ab_component":"","ab_test_type":""},"blocks":[{"acf_fc_layout":"image","block_settings":{"disabled":"No"},"asset":2629937,"asset_mobile":null,"alt":"","border_radius_enabled":"yes","disabled_img_mobile":"no","youtube_embed_url":"","image_link_to":null,"lazy_load":true},{"acf_fc_layout":"list","block_settings":{"disabled":"No"},"settings":{"list_type":"list","list_style":"bullet","icon":{"source":""},"title":"","automatic_scrolling":false,"autoscrolling_speed":"mod","card_background":"default","icon_color":"default"},"items":[{"icon":"0","custom_bullet":"","border_around_icon":"border-none","custom_bullet_color":"black","title":"","text":"<h2>C\u00f3mo pueden ayudarte a crecer los pr\u00e9stamos para mejoras del hogar<\/h2>","text_border":"none","stars":"","author":""},{"icon":"backgroundcheck","custom_bullet":"","border_around_icon":"border-none","custom_bullet_color":"black","title":"","text":"<h4>Convierte tu casa en un hogar<\/h4>\r\nUsa un pr\u00e9stamo personal sin garant\u00eda o garantizado para financiar el proyecto de renovaci\u00f3n de tu hogar","text_border":"none","stars":"","author":""},{"icon":"depositcheck","custom_bullet":"","border_around_icon":"border-none","custom_bullet_color":"black","title":"","text":"<h4>Adel\u00e1ntate a las reparaciones mayores<\/h4>\r\nRepara esa fuga antes de que se vuelva un problema mayor","text_border":"none","stars":"","author":""},{"icon":"smiley","custom_bullet":"","border_around_icon":"border-none","custom_bullet_color":"black","title":"","text":"<h4>Aumenta el valor de tu hogar<\/h4>\r\nMejora la eficiencia el\u00e9ctrica de tu casa, p\u00edntala o invierte en un nuevo jard\u00edn","text_border":"none","stars":"","author":""},{"icon":"0","custom_bullet":"","border_around_icon":"border-none","custom_bullet_color":"black","title":"","text":"&nbsp;\r\n<p style=\"text-align: left;\"><a href=\"https:\/\/apply.oportun.com\/home\/?lang=es\" class=\"button\" data-event_tracking=\"button click\" data-event_tracking_section=\"hero\" data-event_tracking_label=\"Apply now\">Aplicar ahora<\/a><\/p>","text_border":"none","stars":"","author":""}],"blocks":null,"icon_settings":{"desktop_aligment":"center","mobile_aligment":"center","if_no_icon_selected_left_space":false}}]},{"acf_fc_layout":"content_block","settings":{"name":"","columns":"1","display":"auto","background":"light-gray","image_placement":"auto","padding":"","ab_component":"","ab_test_type":""},"blocks":[{"acf_fc_layout":"content","content_title":"","block_settings":{"disabled":"No"},"description":"<h2 style=\"text-align: center;\">Preguntas frecuentes sobre pr\u00e9stamos para mejoras del hogar<\/h2>"},{"acf_fc_layout":"list","block_settings":{"disabled":"No"},"settings":{"list_type":"accordion","list_style":"stacked","icon":{"source":""},"title":"","automatic_scrolling":false,"autoscrolling_speed":"mod","card_background":"default","icon_color":"default"},"items":[{"icon":"","custom_bullet":"","border_around_icon":"border-none","custom_bullet_color":"black","title":"\u00bfQu\u00e9 es un pr\u00e9stamo para mejoras del hogar y c\u00f3mo funciona?","text":"Un pr\u00e9stamo para mejoras del hogar a trav\u00e9s de Oportun es un pr\u00e9stamo personal sin garant\u00eda que se usa para financiar renovaciones, reparaciones y mejoras para tu hogar. No necesitas ser propietario de tu casa ni revelar su valor para pedir un pr\u00e9stamo. Adem\u00e1s, los pr\u00e9stamos personales ofrecen flexibilidad para gastar los fondos.","text_border":"none","stars":"","author":""},{"icon":"","custom_bullet":"","border_around_icon":"border-none","custom_bullet_color":"black","title":"\u00bfCu\u00e1les son las ventajas e inconvenientes de los pr\u00e9stamos para mejoras del hogar?","text":"Las ventajas de los pr\u00e9stamos personales es que ofrecen solicitudes r\u00e1pidas, los fondos se reciben r\u00e1pidamente con dep\u00f3sito directo, los pagos tienen tasas de inter\u00e9s APR fijas y se tiene la facilidad de gastar el dinero en cualquier cosa que necesite tu hogar. Un posible inconveniente es que los pr\u00e9stamos personales que no requieren garant\u00eda puedan ser m\u00e1s caros que los pr\u00e9stamos garantizados.","text_border":"none","stars":"","author":""}],"blocks":null,"icon_settings":{"desktop_aligment":"center","mobile_aligment":"center","if_no_icon_selected_left_space":false}}]},{"acf_fc_layout":"content_block","settings":{"name":"","columns":"1","display":"auto","background":"light-gray","image_placement":"auto","padding":"","ab_component":"","ab_test_type":""},"blocks":[{"acf_fc_layout":"content","content_title":"","block_settings":{"disabled":"No"},"description":"<h2 style=\"text-align: center;\">No solo lo decimos nosotros<\/h2>\r\n<p style=\"text-align: center;\">[impact name=\"Google rating\" number=\u201dtrue\u201d description=\"false\"] rese\u00f1as de 5 estrellas en Google y Trustpilot<\/p>\r\n<p style=\"text-align: center;\"><a href=\"https:\/\/oportun.com\/es\/resenas\/\">Leer m\u00e1s<\/a><\/p>"},{"acf_fc_layout":"testimonial","block_settings":{"disabled":"No"},"testimonials":[{"quote":"Cuando necesit\u00e9 ayuda para reparar las tuber\u00edas de agua subterr\u00e1neas de mi casa, fue como si todas las instituciones financieras donde apliqu\u00e9 se hubieran unido para negarme la ayuda. \u00a1Pero no Oportun! \u00a1Ellos me dieron la oportunidad de seguir siendo propietario de mi casa!","author":"Dr. Dee Ann Waite","stars":"5","source":"Google","source_link":"https:\/\/www.google.com\/maps\/reviews\/data=!4m8!14m7!1m6!2m5!1sChdDSUhNMG9nS0VJQ0FnSUQtMEx6Rl93RRAB!2m1!1s0x0:0x309533fde325e109!3m1!1s2@1:CIHM0ogKEICAgID-0LzF_wE%7CCgsIofzgmwYQ8MaOTA%7C?hl=en-US"},{"quote":"Yo necesitaba un pr\u00e9stamo para resolver r\u00e1pido un proyecto para mi casa. \u00a1Fue r\u00e1pido y f\u00e1cil y mucho m\u00e1s econ\u00f3mico que si lo hubiera pagado con mi tarjeta de cr\u00e9dito!","author":"Christina Irigoyen","stars":"5","source":"Google","source_link":"https:\/\/www.google.com\/maps\/reviews\/@31.7840917,-106.4242974,17z\/data=!3m1!4b1!4m6!14m5!1m4!2m3!1sChZDSUhNMG9nS0VJQ0FnSUN1MWV1VUF3EAE!2m1!1s0x0:0xffcc35c4638b1951?hl=en-US&entry=ttu"},{"quote":"Todo el proceso fue extremadamente f\u00e1cil y agradable. El representante de servicio al cliente me explic\u00f3 muy bien, me ayud\u00f3 mucho y fue paciente. \u00a1Con Oportun pude cubrir la emergencia que ten\u00eda! Se los voy a recomendar a mi familia y amigos. Estoy muy complacida con mi primer pr\u00e9stamo con Oportun.","author":"Claudia Morales","stars":"5","source":"Google","source_link":"https:\/\/search.google.com\/local\/reviews?placeid=ChIJGxm__pNXwoARXG5sI0DfD8Y"}]},{"acf_fc_layout":"list","block_settings":{"disabled":"No"},"settings":{"list_type":"horizontal_list","list_style":"badge","icon":{"source":""},"title":"","automatic_scrolling":false,"autoscrolling_speed":"mod","card_background":"default","icon_color":"default"},"items":null,"blocks":[{"acf_fc_layout":"badge","image":2418602,"label":"[impact name=\"accolade1\" number=\u201dfalse\u201d description=\"true\"]","link":"","alt_text":""},{"acf_fc_layout":"badge","image":2616127,"label":"[impact name=\"accolade2\" number=\u201dfalse\u201d description=\"true\"]","link":"","alt_text":""},{"acf_fc_layout":"badge","image":2608031,"label":"[impact name=\"accolade3\" number=\u201dfalse\u201d description=\"true\"]","link":"","alt_text":""}],"icon_settings":{"desktop_aligment":"center","mobile_aligment":"center","if_no_icon_selected_left_space":false}}]},{"acf_fc_layout":"content_block","settings":{"name":"","columns":"1","display":"contained","background":"black","image_placement":"auto","padding":"","ab_component":"","ab_test_type":""},"blocks":[{"acf_fc_layout":"content","content_title":"","block_settings":{"disabled":"No"},"description":"<h2 style=\"text-align: center;\">\u00bfTodav\u00eda tienes preguntas?<\/h2>"},{"acf_fc_layout":"list_block","block_settings":{"disabled":"No"},"settings":{"list_type":"horizontal_list","list_style":"stacked","horizontal_style":"center","title":"","card_background":"default","icon_color":"default"},"items":[{"icon":"chat","custom_bullet":"","border_around_icon":"border-none","custom_bullet_color":"black","badge":"","title":"","text":"<h3>Usa el Chat<\/h3>\r\nHaz tus preguntas en l\u00ednea\r\n<p style=\"text-align: center;\"><a class=\"button\" data-enable_five9=\"true\">Iniciar<\/a><\/p>","original_price":"","current_price":"","text_border":"none","image":null,"content":"","description":"","label":"","link":"","alt_text":"","is_featured":false},{"icon":"phone-call","custom_bullet":"","border_around_icon":"border-none","custom_bullet_color":"black","badge":"","title":"","text":"<h3>Llama<\/h3>\r\nHabla con un miembro del equipo\r\n<p style=\"text-align: center;\"><a href=\"tel:866-488-6090%20\" class=\"button\">(866) 488-6090<\/a><\/p>","original_price":"","current_price":"","text_border":"none","image":null,"content":"","description":"","label":"","link":"","alt_text":"","is_featured":false},{"icon":"location","custom_bullet":"","border_around_icon":"border-none","custom_bullet_color":"black","badge":"","title":"","text":"<h3>Vis\u00edtanos<\/h3>\r\nEncuentra tu sucursal m\u00e1s cercana\r\n<p style=\"text-align: center;\"><a href=\"\/locations\/\" class=\"button\">Sucursales<\/a><\/p>","original_price":"","current_price":"","text_border":"none","image":null,"content":"","description":"","label":"","link":"","alt_text":"","is_featured":false}]}]},{"acf_fc_layout":"content_block","settings":{"name":"","columns":"1","display":"auto","background":"none","image_placement":"auto","padding":"","ab_component":"","ab_test_type":""},"blocks":[{"acf_fc_layout":"content","content_title":"","block_settings":{"disabled":"No"},"description":"<h2 style=\"text-align: center;\">Vu\u00e9lvete m\u00e1s experto en pr\u00e9stamos para las mejoras de tu hogar<\/h2>"},{"acf_fc_layout":"featured_posts","block_settings":{"disabled":"No"},"title":"","category":93},{"acf_fc_layout":"content","content_title":"","block_settings":{"disabled":"No"},"description":"<p style=\"text-align: center;\"><a href=\"https:\/\/oportun.com\/es\/educacion-financiera\/\" class=\"button\" data-event_tracking=\"button click\" data-event_tracking_section=\"body\" data-event_tracking_label=\"View financial education\">Ver educaci\u00f3n financiera<\/a><\/p>"}]},{"acf_fc_layout":"content_block","settings":{"name":"","columns":"1","display":"auto","background":"black","image_placement":"auto","padding":"","ab_component":"","ab_test_type":""},"blocks":[{"acf_fc_layout":"content","content_title":"","block_settings":{"disabled":"No"},"description":"<h2 style=\"text-align: center;\">Aplica para financiar las mejoras de tu hogar hoy mismo<\/h2>\r\n<p style=\"text-align: center;\"><a href=\"https:\/\/apply.oportun.com\/home\/?lang=es\" class=\"button\" data-event_tracking=\"button click\" data-event_tracking_section=\"hero\" data-event_tracking_label=\"Apply now\">Aplicar ahora<\/a><\/p>"}]}]},"_links":{"self":[{"href":"https:\/\/oportun.com\/es\/wp-json\/wp\/v2\/pages\/2658952","targetHints":{"allow":["GET"]}}],"collection":[{"href":"https:\/\/oportun.com\/es\/wp-json\/wp\/v2\/pages"}],"about":[{"href":"https:\/\/oportun.com\/es\/wp-json\/wp\/v2\/types\/page"}],"author":[{"embeddable":true,"href":"https:\/\/oportun.com\/es\/wp-json\/wp\/v2\/users\/3"}],"replies":[{"embeddable":true,"href":"https:\/\/oportun.com\/es\/wp-json\/wp\/v2\/comments?post=2658952"}],"version-history":[{"count":1,"href":"https:\/\/oportun.com\/es\/wp-json\/wp\/v2\/pages\/2658952\/revisions"}],"predecessor-version":[{"id":2787708,"href":"https:\/\/oportun.com\/es\/wp-json\/wp\/v2\/pages\/2658952\/revisions\/2787708"}],"up":[{"embeddable":true,"href":"https:\/\/oportun.com\/es\/wp-json\/wp\/v2\/pages\/12618"}],"wp:attachment":[{"href":"https:\/\/oportun.com\/es\/wp-json\/wp\/v2\/media?parent=2658952"}],"wp:term":[{"taxonomy":"folder","embeddable":true,"href":"https:\/\/oportun.com\/es\/wp-json\/wp\/v2\/folder?post=2658952"}],"curies":[{"name":"wp","href":"https:\/\/api.w.org\/{rel}","templated":true}]}}