{"id":2658950,"date":"2023-11-06T12:04:42","date_gmt":"2023-11-06T20:04:42","guid":{"rendered":"https:\/\/oportundev3.wpengine.com\/?page_id=2658950"},"modified":"2026-02-25T21:10:12","modified_gmt":"2026-02-26T05:10:12","slug":"prestamos-reparacion-autos","status":"publish","type":"page","link":"https:\/\/oportun.com\/es\/prestamos-personales\/prestamos-reparacion-autos\/","title":{"rendered":"Personal Loans: Auto Repair Loans"},"content":{"rendered":"","protected":false},"excerpt":{"rendered":"","protected":false},"author":3,"featured_media":0,"parent":12618,"menu_order":0,"comment_status":"closed","ping_status":"closed","template":"templates\/flexible.php","meta":{"_acf_changed":false,"footnotes":""},"folder":[],"class_list":["post-2658950","page","type-page","status-publish","hentry","product-core-es","product-metabank-es"],"acf":{"blocks":[{"acf_fc_layout":"content_block","settings":{"name":"","columns":"2","display":"auto","background":"none","image_placement":"auto","padding":"","ab_component":"","ab_test_type":""},"blocks":[{"acf_fc_layout":"content","content_title":"","block_settings":{"disabled":"No"},"description":"<h1>Pr\u00e9stamos para reparaci\u00f3n de autos<\/h1>\r\nFinanciamiento para la reparaci\u00f3n de tu auto para que sigas adelante. A dondequiera que te conduzca el camino estamos contigo en caso de que surja una emergencia. Precalifica en minutos sin afectar tu puntaje de cr\u00e9dito.\r\n<p style=\"text-align: left;\"><a href=\"https:\/\/apply.oportun.com\/home\/?lang=es\" class=\"button\" data-event_tracking=\"button click\" data-event_tracking_section=\"hero\" data-event_tracking_label=\"Apply now\">Aplicar ahora<\/a><\/p>\r\n<span style=\"font-size: 12px; color: #808080;\"><a href=\"#general-product-terms\">Ver los t\u00e9rminos<\/a><\/span>"},{"acf_fc_layout":"image","block_settings":{"disabled":"No"},"asset":2782679,"asset_mobile":null,"alt":"","border_radius_enabled":"yes","disabled_img_mobile":"no","youtube_embed_url":"","autoplay_video":false,"image_link_to":null,"lazy_load":true}]},{"acf_fc_layout":"content_block","settings":{"name":"","columns":"1","display":"auto","background":"black","image_placement":"auto","padding":"","ab_component":"","ab_test_type":""},"blocks":[{"acf_fc_layout":"content","content_title":"","block_settings":{"disabled":"No"},"description":"<h2 style=\"text-align: center;\">Pr\u00e9stamos para reparaci\u00f3n de autos para que sigas detr\u00e1s del volante<\/h2>\r\nNo te desesperes s\u00f3lo porque necesitas frenos nuevos. Desde un simple cambio de aceite hasta arreglar la transmisi\u00f3n, los pr\u00e9stamos personales a trav\u00e9s de Oportun podr\u00edan ayudarte a pagar el mantenimiento y las reparaciones de tu auto.\r\n\r\nCon un pr\u00e9stamo personal, obtienes pagos fijos y plazos manejables para devolver el pr\u00e9stamo, por lo que tus pagos podr\u00edan ser m\u00e1s peque\u00f1os y m\u00e1s accesibles. As\u00ed te ser\u00e1 m\u00e1s f\u00e1cil volver a ponerte en marcha."}]},{"acf_fc_layout":"content_block","settings":{"name":"","columns":"2","display":"auto","background":"none","image_placement":"left","padding":"","ab_component":"","ab_test_type":""},"blocks":[{"acf_fc_layout":"image","block_settings":{"disabled":"No"},"asset":2629926,"asset_mobile":null,"alt":"","border_radius_enabled":"yes","disabled_img_mobile":"no","youtube_embed_url":"","autoplay_video":false,"image_link_to":null,"lazy_load":true},{"acf_fc_layout":"list","block_settings":{"disabled":"No"},"settings":{"list_type":"list","list_style":"bullet","icon":{"source":""},"title":"","automatic_scrolling":false,"autoscrolling_speed":"mod","card_background":"default","icon_color":"default"},"items":[{"icon":"0","custom_bullet":"","border_around_icon":"border-none","custom_bullet_color":"black","title":"","text":"<h2>Contin\u00faa con tu vida con un pr\u00e9stamo para reparar tu auto<\/h2>","text_border":"none","stars":"","author":""},{"icon":"backgroundcheck","custom_bullet":"","border_around_icon":"border-none","custom_bullet_color":"black","title":"","text":"Precalifica r\u00e1pidamente\r\n\r\nEnt\u00e9rate enseguida para cu\u00e1nto puedes calificar sin afectar tu puntaje de cr\u00e9dito","text_border":"none","stars":"","author":""},{"icon":"depositcheck","custom_bullet":"","border_around_icon":"border-none","custom_bullet_color":"black","title":"","text":"<h4>Recibe tus fondos r\u00e1pidamente<\/h4>\r\nEstablece dep\u00f3sito directo para recibir tus fondos","text_border":"none","stars":"","author":""},{"icon":"smiley","custom_bullet":"","border_around_icon":"border-none","custom_bullet_color":"black","title":"","text":"<h4>Mantente avanzando<\/h4>\r\nCon pr\u00e9stamos r\u00e1pidos y accesibles que ayudan a construir tu cr\u00e9dito cuando pagas a tiempo","text_border":"none","stars":"","author":""},{"icon":"0","custom_bullet":"","border_around_icon":"border-none","custom_bullet_color":"black","title":"","text":"&nbsp;\r\n<p style=\"text-align: left;\"><a href=\"https:\/\/apply.oportun.com\/home\/?lang=es\" class=\"button\" data-event_tracking=\"button click\" data-event_tracking_section=\"hero\" data-event_tracking_label=\"Apply now\">Aplicar ahora<\/a><\/p>","text_border":"none","stars":"","author":""}],"blocks":null,"icon_settings":{"desktop_aligment":"center","mobile_aligment":"center","if_no_icon_selected_left_space":false}}]},{"acf_fc_layout":"content_block","settings":{"name":"","columns":"1","display":"auto","background":"light-gray","image_placement":"auto","padding":"","ab_component":"","ab_test_type":""},"blocks":[{"acf_fc_layout":"content","content_title":"","block_settings":{"disabled":"No"},"description":"<h2 style=\"text-align: center;\">Preguntas frecuentes sobre pr\u00e9stamos para reparaci\u00f3n de autos<\/h2>"},{"acf_fc_layout":"list","block_settings":{"disabled":"No"},"settings":{"list_type":"accordion","list_style":"stacked","icon":{"source":""},"title":"","automatic_scrolling":false,"autoscrolling_speed":"mod","card_background":"default","icon_color":"default"},"items":[{"icon":"","custom_bullet":"","border_around_icon":"border-none","custom_bullet_color":"black","title":"\u00bfC\u00f3mo es un pr\u00e9stamo para reparaci\u00f3n de autos?","text":"Un pr\u00e9stamo para reparaci\u00f3n de autos es un pr\u00e9stamo personal que se usa para financiar las reparaciones del auto. Estos pr\u00e9stamos pueden ayudarte a pagar el mantenimiento y las reparaciones (tanto las previstas como las imprevistas). Tambi\u00e9n podr\u00edas usar el dinero para otros gastos personales.","text_border":"none","stars":"","author":""},{"icon":"","custom_bullet":"","border_around_icon":"border-none","custom_bullet_color":"black","title":"\u00bfQu\u00e9 cubre la financiaci\u00f3n para reparaci\u00f3n de autos?","text":"El financiamiento para reparaci\u00f3n de autos puede cubrir cualquier reparaci\u00f3n de tu auto personal. Dependiendo de la cantidad para la que calificas, estos pr\u00e9stamos personales pueden usarse para problemas mayores como son el motor, la transmisi\u00f3n, el sistema el\u00e9ctrico, o para peque\u00f1as reparaciones como los frenos, llantas y amortiguadores.","text_border":"none","stars":"","author":""},{"icon":"","custom_bullet":"","border_around_icon":"border-none","custom_bullet_color":"black","title":"\u00bfCu\u00e1l es la diferencia entre usar un pr\u00e9stamo personal sin garant\u00eda y uno con garant\u00eda para la reparaci\u00f3n de mi auto?","text":"Con los <a href=\"\/es\/prestamos-personales\/\r\n\"><span>pr\u00e9stamos personales sin garant\u00eda<\/span><\/a> no tienes que preocuparte de poner tu auto, tu casa u otros objetos de valor como garant\u00eda. A la larga, estos pr\u00e9stamos cuestan un poco m\u00e1s que los pr\u00e9stamos garantizados, pero tienen sus beneficios. Los <a href=\"\/es\/prestamo-personal-con-garantia\/\"><span>pr\u00e9stamos garantizados<\/span><\/a> a trav\u00e9s de Oportun pueden ser por cantidades mayores y pueden tener tasas de inter\u00e9s m\u00e1s bajas que los pr\u00e9stamos personales sin garant\u00eda. Para cualquiera de las dos opciones, t\u00fa escoges el plazo para pagarlo que se ajuste mejor a tu presupuesto, por lo que te ser\u00e1 posible pagarle al mec\u00e1nico los gastos necesarios de reparaci\u00f3n y luego cubrir los pagos fijos durante todo el plazo.","text_border":"none","stars":"","author":""},{"icon":"","custom_bullet":"","border_around_icon":"border-none","custom_bullet_color":"black","title":"\u00bfC\u00f3mo aplico para un pr\u00e9stamo para reparaci\u00f3n de autos?","text":"Aplicar en l\u00ednea para un pr\u00e9stamo personal es f\u00e1cil. Necesitas proporcionar informaci\u00f3n personal sobre qui\u00e9n eres y sobre tus finanzas, y nosotros revisaremos tu historial de cr\u00e9dito, si lo tienes, y verificaremos la informaci\u00f3n de tu aplicaci\u00f3n. La decisi\u00f3n se toma r\u00e1pidamente, y, si te aprobamos, podr\u00e1s decidir los t\u00e9rminos de tus pagos que se ajusten mejor a tu presupuesto.","text_border":"none","stars":"","author":""}],"blocks":null,"icon_settings":{"desktop_aligment":"center","mobile_aligment":"center","if_no_icon_selected_left_space":false}}]},{"acf_fc_layout":"content_block","settings":{"name":"","columns":"1","display":"auto","background":"light-gray","image_placement":"auto","padding":"","ab_component":"","ab_test_type":""},"blocks":[{"acf_fc_layout":"content","content_title":"","block_settings":{"disabled":"No"},"description":"<h2 style=\"text-align: center;\">No solo lo decimos nosotros<\/h2>\r\n<p style=\"text-align: center;\">[impact name=\"Google rating\" number=\u201dtrue\u201d description=\"false\"] rese\u00f1as de 5 estrellas en Google y Trustpilot<\/p>\r\n<p style=\"text-align: center;\"><a href=\"\/es\/resenas\/\">Leer m\u00e1s<\/a><\/p>"},{"acf_fc_layout":"testimonial","block_settings":{"disabled":"No"},"testimonials":[{"quote":"Me encant\u00f3 este lugar. Tienen mejores tarifas que las tiendas de pr\u00e9stamos de d\u00eda de pago, adem\u00e1s de pagos convenientes. El personal es magn\u00edfico tambi\u00e9n.","author":"Joaquin Bojorquez","stars":"5","source":"Google","source_link":"https:\/\/search.google.com\/local\/reviews?placeid=ChIJGRY4orddlIARLbUEsqvhdcU"},{"quote":"Este lugar es formidable para comenzar a establecer cr\u00e9dito. Se lo he recomendado a muchos de mis amigos. Yo misma he pedido unos cuantos pr\u00e9stamos con ellos y el personal siempre ha sido s\u00faper amable.","author":"Cynthia Garcia","stars":"5","source":"Google","source_link":"https:\/\/search.google.com\/local\/reviews?placeid=ChIJ1Ze-Hy2x3IAROAhkwDb4Wd0"},{"quote":"Todo el proceso fue extremadamente f\u00e1cil y agradable. El representante de servicio al cliente me explic\u00f3 muy bien, me ayud\u00f3 mucho y fue paciente. \u00a1Con Oportun pude cubrir la emergencia que ten\u00eda! Se los voy a recomendar a mi familia y amigos. Estoy muy complacida con mi primer pr\u00e9stamo con Oportun.","author":"Claudia Morales","stars":"5","source":"Google","source_link":"https:\/\/search.google.com\/local\/reviews?placeid=ChIJGxm__pNXwoARXG5sI0DfD8Y"}]},{"acf_fc_layout":"list","block_settings":{"disabled":"No"},"settings":{"list_type":"horizontal_list","list_style":"badge","icon":{"source":""},"title":"","automatic_scrolling":false,"autoscrolling_speed":"mod","card_background":"default","icon_color":"default"},"items":null,"blocks":[{"acf_fc_layout":"badge","image":2418602,"label":"[impact name=\"accolade1\" number=\u201dfalse\u201d description=\"true\"]","link":"","alt_text":""},{"acf_fc_layout":"badge","image":2616127,"label":"[impact name=\"accolade2\" number=\u201dfalse\u201d description=\"true\"]","link":"","alt_text":""},{"acf_fc_layout":"badge","image":2608031,"label":"[impact name=\"accolade3\" number=\u201dfalse\u201d description=\"true\"]","link":"","alt_text":""}],"icon_settings":{"desktop_aligment":"center","mobile_aligment":"center","if_no_icon_selected_left_space":false}}]},{"acf_fc_layout":"content_block","settings":{"name":"","columns":"1","display":"contained","background":"black","image_placement":"auto","padding":"","ab_component":"","ab_test_type":""},"blocks":[{"acf_fc_layout":"content","content_title":"","block_settings":{"disabled":"No"},"description":"<h2 style=\"text-align: center;\">\u00bfTodav\u00eda tienes preguntas?<\/h2>"},{"acf_fc_layout":"list_block","block_settings":{"disabled":"No"},"settings":{"list_type":"horizontal_list","list_style":"stacked","horizontal_style":"center","title":"","card_background":"default","icon_color":"default"},"items":[{"icon":"chat","custom_bullet":"","border_around_icon":"border-none","custom_bullet_color":"black","badge":"","title":"","text":"<h3>Usa el Chat<\/h3>\r\nHaz tus preguntas en l\u00ednea\r\n<p style=\"text-align: center;\"><a class=\"button\" data-enable_five9=\"true\">Iniciar<\/a><\/p>","text_border":"none","image":null,"content":"","description":"","label":"","link":"","alt_text":"","original_price":"","current_price":"","is_featured":false},{"icon":"phone-call","custom_bullet":"","border_around_icon":"border-none","custom_bullet_color":"black","badge":"","title":"","text":"<h3>Llama<\/h3>\r\nHabla con un miembro del equipo\r\n<p style=\"text-align: center;\"><a href=\"tel:866-488-6090%20\" class=\"button\">(866) 488-6090<\/a><\/p>","text_border":"none","image":null,"content":"","description":"","label":"","link":"","alt_text":"","original_price":"","current_price":"","is_featured":false},{"icon":"location","custom_bullet":"","border_around_icon":"border-none","custom_bullet_color":"black","badge":"","title":"","text":"<h3>Vis\u00edtanos<\/h3>\r\nEncuentra tu sucursal m\u00e1s cercana\r\n<p style=\"text-align: center;\"><a href=\"\/es\/sucursales\/\" class=\"button\">Sucursales<\/a><\/p>","text_border":"none","image":null,"content":"","description":"","label":"","link":"","alt_text":"","original_price":"","current_price":"","is_featured":false}]}]},{"acf_fc_layout":"content_block","settings":{"name":"","columns":"1","display":"auto","background":"none","image_placement":"auto","padding":"","ab_component":"","ab_test_type":""},"blocks":[{"acf_fc_layout":"content","content_title":"","block_settings":{"disabled":"No"},"description":"<h2 style=\"text-align: center;\">Vu\u00e9lvete m\u00e1s experto en pr\u00e9stamos para reparaci\u00f3n de autos<\/h2>"},{"acf_fc_layout":"featured_posts","block_settings":{"disabled":"No"},"title":"","category":93},{"acf_fc_layout":"content","content_title":"","block_settings":{"disabled":"No"},"description":"<p style=\"text-align: center;\"><a href=\"\/es\/educacion-financiera\/\" class=\"button\" data-event_tracking=\"button click\" data-event_tracking_section=\"body\" data-event_tracking_label=\"View financial education\">Ver educaci\u00f3n financiera<\/a><\/p>"}]},{"acf_fc_layout":"content_block","settings":{"name":"","columns":"1","display":"auto","background":"black","image_placement":"auto","padding":"","ab_component":"","ab_test_type":""},"blocks":[{"acf_fc_layout":"content","content_title":"","block_settings":{"disabled":"No"},"description":"<h2 style=\"text-align: center;\">Aplica para financiar la reparaci\u00f3n de tu auto hoy mismo<\/h2>\r\n<p style=\"text-align: center;\"><a href=\"https:\/\/apply.oportun.com\/home\/?lang=es\" class=\"button\" data-event_tracking=\"button click\" data-event_tracking_section=\"hero\" data-event_tracking_label=\"Apply now\">Aplicar ahora<\/a><\/p>"}]}]},"_links":{"self":[{"href":"https:\/\/oportun.com\/es\/wp-json\/wp\/v2\/pages\/2658950","targetHints":{"allow":["GET"]}}],"collection":[{"href":"https:\/\/oportun.com\/es\/wp-json\/wp\/v2\/pages"}],"about":[{"href":"https:\/\/oportun.com\/es\/wp-json\/wp\/v2\/types\/page"}],"author":[{"embeddable":true,"href":"https:\/\/oportun.com\/es\/wp-json\/wp\/v2\/users\/3"}],"replies":[{"embeddable":true,"href":"https:\/\/oportun.com\/es\/wp-json\/wp\/v2\/comments?post=2658950"}],"version-history":[{"count":1,"href":"https:\/\/oportun.com\/es\/wp-json\/wp\/v2\/pages\/2658950\/revisions"}],"predecessor-version":[{"id":2787706,"href":"https:\/\/oportun.com\/es\/wp-json\/wp\/v2\/pages\/2658950\/revisions\/2787706"}],"up":[{"embeddable":true,"href":"https:\/\/oportun.com\/es\/wp-json\/wp\/v2\/pages\/12618"}],"wp:attachment":[{"href":"https:\/\/oportun.com\/es\/wp-json\/wp\/v2\/media?parent=2658950"}],"wp:term":[{"taxonomy":"folder","embeddable":true,"href":"https:\/\/oportun.com\/es\/wp-json\/wp\/v2\/folder?post=2658950"}],"curies":[{"name":"wp","href":"https:\/\/api.w.org\/{rel}","templated":true}]}}