{"id":2586999,"date":"2023-07-31T11:55:09","date_gmt":"2023-07-31T18:55:09","guid":{"rendered":"https:\/\/oportundev3.wpengine.com\/savings-banks\/"},"modified":"2025-10-08T10:47:12","modified_gmt":"2025-10-08T17:47:12","slug":"savings-banks","status":"publish","type":"page","link":"https:\/\/oportun.com\/es\/instituciones-de-ahorro\/","title":{"rendered":"Savings institutions"},"content":{"rendered":"","protected":false},"excerpt":{"rendered":"","protected":false},"author":3,"featured_media":0,"parent":0,"menu_order":0,"comment_status":"closed","ping_status":"closed","template":"templates\/flexible.php","meta":{"_acf_changed":false,"footnotes":""},"folder":[],"class_list":["post-2586999","page","type-page","status-publish","hentry"],"acf":{"blocks":[{"acf_fc_layout":"content_block","settings":{"name":"","columns":"1","display":"auto","background":"none","image_placement":"auto","padding":"","ab_component":"","ab_test_type":""},"blocks":[{"acf_fc_layout":"content","content_title":"","block_settings":{"disabled":"No"},"description":"<h1>Instituciones de ahorro<\/h1>\r\n\r\nOportun es una empresa de tecnolog\u00eda financiera, no un banco asegurado por la FDIC. Sin embargo, Oportun mantiene sus dep\u00f3sitos en cuentas establecidas por Oportun en Wells Fargo Bank, N.A., JPMorgan Chase Bank, N.A. y\/o Citibank, N.A., que son miembros de la FDIC (en conjunto, las \u201cinstituciones depositarias\u201d).\r\n\r\nEsos dep\u00f3sitos son elegibles para el seguro de la FDIC sobre una base de transferencia hasta un total de $250 000, junto con alg\u00fan otro dep\u00f3sito que usted tenga en una instituci\u00f3n depositaria determinada. Deben cumplirse ciertas condiciones para que se aplique la cobertura del seguro de dep\u00f3sitos de transferencia. El seguro de dep\u00f3sitos solo cubre la insolvencia de una instituci\u00f3n depositaria.\r\n\r\n&nbsp;\r\n\r\n&nbsp;\r\n\r\n&nbsp;\r\n\r\n&nbsp;"}]}]},"_links":{"self":[{"href":"https:\/\/oportun.com\/es\/wp-json\/wp\/v2\/pages\/2586999","targetHints":{"allow":["GET"]}}],"collection":[{"href":"https:\/\/oportun.com\/es\/wp-json\/wp\/v2\/pages"}],"about":[{"href":"https:\/\/oportun.com\/es\/wp-json\/wp\/v2\/types\/page"}],"author":[{"embeddable":true,"href":"https:\/\/oportun.com\/es\/wp-json\/wp\/v2\/users\/3"}],"replies":[{"embeddable":true,"href":"https:\/\/oportun.com\/es\/wp-json\/wp\/v2\/comments?post=2586999"}],"version-history":[{"count":0,"href":"https:\/\/oportun.com\/es\/wp-json\/wp\/v2\/pages\/2586999\/revisions"}],"wp:attachment":[{"href":"https:\/\/oportun.com\/es\/wp-json\/wp\/v2\/media?parent=2586999"}],"wp:term":[{"taxonomy":"folder","embeddable":true,"href":"https:\/\/oportun.com\/es\/wp-json\/wp\/v2\/folder?post=2586999"}],"curies":[{"name":"wp","href":"https:\/\/api.w.org\/{rel}","templated":true}]}}