{"id":2524218,"date":"2023-03-15T07:56:43","date_gmt":"2023-03-15T14:56:43","guid":{"rendered":"https:\/\/oportundev3.wpengine.com\/?page_id=2524218"},"modified":"2025-12-16T09:58:45","modified_gmt":"2025-12-16T17:58:45","slug":"prestamos","status":"publish","type":"page","link":"https:\/\/oportun.com\/es\/prestamos\/","title":{"rendered":"Ad Landing Page: CLM Borrow ES"},"content":{"rendered":"","protected":false},"excerpt":{"rendered":"","protected":false},"author":3,"featured_media":0,"parent":0,"menu_order":0,"comment_status":"closed","ping_status":"closed","template":"templates\/ad-landing.php","meta":{"_acf_changed":false,"footnotes":""},"folder":[],"class_list":["post-2524218","page","type-page","status-publish","hentry","product-core-es","product-metabank-es"],"acf":{"blocks":[{"acf_fc_layout":"content_block","settings":{"name":"AdBlock","columns":"2","display":"auto","background":"none","image_placement":"right","padding":"","ab_component":"","ab_test_type":""},"blocks":[{"acf_fc_layout":"content","content_title":"","block_settings":{"disabled":"No"},"description":"<h1>Pr\u00e9stamos <strong>personales accesibles<\/strong><\/h1>"},{"acf_fc_layout":"image","block_settings":{"disabled":"No"},"asset":2482072,"asset_mobile":null,"alt":"","border_radius_enabled":"yes","disabled_img_mobile":"no","youtube_embed_url":"","image_link_to":null,"lazy_load":true},{"acf_fc_layout":"adblock","locations":["AL","AK","AZ","AR","CA","CO","CT","DE","FL","GA","GU","HI","ID","IL","IN","IA","KS","KY","LA","ME","MD","MA","MI","MN","MS","MO","MT","NE","NV","NH","NJ","NM","NY","NC","ND","OH","OK","OR","PA","RI","SC","SD","TN","TX","UT","VT","VA","WA","WV","WI","WY"],"city_list_1":["AL","AK","AZ","AR","CA","DE","FL","IL","IN","IA","KY","LA","ME","MD","MN","MT","NE","NH","NJ","NM","NY","NC","ND","OH","OK","OR","PA","RI","SC","SD","TN","TX","UT","VT","VA","WA","WV","WI"],"city_list_2":["MS","NV"],"city_list_3":["AL","AK","AZ","AR","CA","DE","FL","GA","HI","ID","IL","IN","KS","KY","LA","MD","MI","MN","MS","MO","MT","NE","NV","NH","NJ","NM","NY","NC","ND","OH","OK","OR","PA","RI","SC","SD","TN","TX","UT","VT","VA","WA","WI","WY"],"default_location":"California","labels":{"apply_now_text":"Aplica ahora","no_service":"Lo sentimos, pero en este momento no estamos ofreciendo pr\u00e9stamos personales en tu estado. Vuelve a intentarlo pronto Oportun.com","referral_code_label":"Utiliza este c\u00f3digo de referencia en tu solicitud:","lives_in":"\u00bfD\u00f3nde vives?","apply_now_link":"https:\/\/apply.oportun.com\/"}}]},{"acf_fc_layout":"content_block","settings":{"name":"","columns":"1","display":"auto","background":"light-gray","image_placement":"auto","padding":"","ab_component":"","ab_test_type":""},"blocks":[{"acf_fc_layout":"list","block_settings":{"disabled":"No"},"settings":{"list_type":"horizontal_list","list_style":"badge","icon":{"source":""},"title":"","automatic_scrolling":false,"autoscrolling_speed":"mod","card_background":"default","icon_color":"default"},"items":null,"blocks":[{"acf_fc_layout":"badge","image":2418602,"label":"[impact name=\"accolade1\" number=\u201dfalse\u201d description=\"true\"]","link":"","alt_text":""},{"acf_fc_layout":"badge","image":2608029,"label":"[impact name=\"accolade2\" number=\u201dfalse\u201d description=\"true\"]","link":"","alt_text":""},{"acf_fc_layout":"badge","image":2608031,"label":"[impact name=\"accolade3\" number=\u201dfalse\u201d description=\"true\"]","link":"","alt_text":""}],"icon_settings":{"desktop_aligment":"center","mobile_aligment":"center","if_no_icon_selected_left_space":false}}]},{"acf_fc_layout":"content_block","settings":{"name":"","columns":"2","display":"auto","background":"none","image_placement":"right","padding":"","ab_component":"","ab_test_type":""},"blocks":[{"acf_fc_layout":"image","block_settings":{"disabled":"No"},"asset":2418655,"asset_mobile":null,"alt":"","border_radius_enabled":"yes","disabled_img_mobile":"no","youtube_embed_url":"","image_link_to":null,"lazy_load":true},{"acf_fc_layout":"content","content_title":"","block_settings":{"disabled":"No"},"description":"Aplica para un pr\u00e9stamo personal de hasta $12,000 con pagos fijos y accesibles, y sin penalidades por prepago.\r\n\r\n&nbsp;\r\n\r\n<a href=\"https:\/\/apply.oportun.com\/home?lang=es\" class=\"button\" data-event_tracking=\"button click\" data-event_tracking_section=\"body\" data-event_tracking_label=\"Apply now\">Aplica ahora<\/a>"}]},{"acf_fc_layout":"content_block","settings":{"name":"","columns":"2","display":"auto","background":"none","image_placement":"left","padding":"","ab_component":"","ab_test_type":""},"blocks":[{"acf_fc_layout":"image","block_settings":{"disabled":"No"},"asset":2418678,"asset_mobile":null,"alt":"","border_radius_enabled":"yes","disabled_img_mobile":"no","youtube_embed_url":"","image_link_to":null,"lazy_load":true},{"acf_fc_layout":"list","block_settings":{"disabled":"No"},"settings":{"list_type":"list","list_style":"bullet","icon":{"source":""},"title":"","automatic_scrolling":false,"autoscrolling_speed":"mod","card_background":"default","icon_color":"default"},"items":[{"icon":"0","custom_bullet":"","border_around_icon":"border-none","custom_bullet_color":"black","title":"","text":"<h2>\u00bfPor qu\u00e9 Oportun?<\/h2>","text_border":"none","stars":"","author":""},{"icon":"savings-bonus","custom_bullet":"","border_around_icon":"border-none","custom_bullet_color":"black","title":"","text":"<strong>Accesible<\/strong>\r\nPaga menos y recibe m\u00e1s, comparado con prestamistas que no son bancos. <a href=\"#true-cost-of-a-loan\">Leer m\u00e1s<\/a>","text_border":"none","stars":"","author":""},{"icon":"depositcheck","custom_bullet":"","border_around_icon":"border-none","custom_bullet_color":"black","title":"","text":"<strong>Fundos r\u00e1pidos<\/strong>\r\nCon dep\u00f3sito directo","text_border":"none","stars":"","author":""},{"icon":"smiley","custom_bullet":"","border_around_icon":"border-none","custom_bullet_color":"black","title":"","text":"<strong>De confianza<\/strong>\r\n[impact name=\"NPS\" number=\u201d\u201d description=\"false\"] miembros recomendar\u00edan Oportun a su familia y amigos. <a href=\"#nps-terms\">Leer m\u00e1s<\/a>","text_border":"none","stars":"","author":""},{"icon":"0","custom_bullet":"","border_around_icon":"border-none","custom_bullet_color":"black","title":"","text":"&nbsp;\r\n<p style=\"text-align: center;\"><a href=\"https:\/\/apply.oportun.com\/home?lang=es\" class=\"button\" data-event_tracking=\"button click\" data-event_tracking_section=\"body\" data-event_tracking_label=\"Apply now\">Aplica ahora<\/a><\/p>","text_border":"none","stars":"","author":""}],"blocks":null,"icon_settings":{"desktop_aligment":"center","mobile_aligment":"center","if_no_icon_selected_left_space":false}}]},{"acf_fc_layout":"content_block","settings":{"name":"","columns":"1","display":"auto","background":"none","image_placement":"auto","padding":"","ab_component":"","ab_test_type":""},"blocks":[{"acf_fc_layout":"content","content_title":"","block_settings":{"disabled":"No"},"description":"<h2 style=\"text-align: center;\">Aplicar es simple<\/h2>"},{"acf_fc_layout":"list","block_settings":{"disabled":"No"},"settings":{"list_type":"horizontal_list","list_style":"stacked","icon":{"source":""},"title":"FAQ","automatic_scrolling":false,"autoscrolling_speed":"mod","card_background":"default","icon_color":"default"},"items":[{"icon":"0","custom_bullet":"","border_around_icon":"border-none","custom_bullet_color":"black","title":"\u00bfQu\u00e9 es un pr\u00e9stamo personal?","text":"<h2 style=\"text-align: center;\">1<\/h2>\r\n<h3 class=\"h4 \" style=\"text-align: center;\"><b>Obt\u00e9n la precalificaci\u00f3n<\/b><\/h3>\r\n<p style=\"text-align: center;\"><span>Usa el c\u00f3digo de referencia para aplicar, sin tarifa y no necesitas puntaje de cr\u00e9dito<\/span><\/p>","text_border":"none","stars":"","author":""},{"icon":"0","custom_bullet":"","border_around_icon":"border-none","custom_bullet_color":"black","title":"\u00bfQu\u00e9 factores consideran al otorgar un pr\u00e9stamo?","text":"<h2 style=\"text-align: center;\">2<\/h2>\r\n<h3 class=\"h4 \" style=\"text-align: center;\"><b>Completa tu aplicaci\u00f3n<\/b><\/h3>\r\n<p style=\"text-align: center;\"><span>Todo lo que necesitas es una identificaci\u00f3n v\u00e1lida con foto, comprobante de ingresos y comprobante de domicilio<\/span><\/p>","text_border":"none","stars":"","author":""},{"icon":"0","custom_bullet":"","border_around_icon":"border-none","custom_bullet_color":"black","title":"","text":"<h2 style=\"text-align: center;\">3<\/h2>\r\n<h3 class=\"h4 \" style=\"text-align: center;\"><b>Recibe tu dinero r\u00e1pido<\/b><\/h3>\r\n<p style=\"text-align: center;\"><span>Fondos entregados r\u00e1pidamente con dep\u00f3sito directo<\/span><\/p>","text_border":"none","stars":"","author":""}],"blocks":null,"icon_settings":{"desktop_aligment":"center","mobile_aligment":"center","if_no_icon_selected_left_space":false}}]},{"acf_fc_layout":"content_block","settings":{"name":"","columns":"1","display":"auto","background":"light-gray","image_placement":"auto","padding":"","ab_component":"","ab_test_type":""},"blocks":[{"acf_fc_layout":"content","content_title":"","block_settings":{"disabled":"No"},"description":"<h2 style=\"text-align: center;\">\u00bfQuieres saber lo que piensan otros?<\/h2>\r\n<p style=\"text-align: center;\">[impact name=\"Google rating\" number=\u201d\u201d description=\"true\"]<\/p>\r\n<p style=\"text-align: center;\"><a href=\"https:\/\/oportun.com\/es\/resenas\/\" data-event_tracking=\"link click\" data-event_tracking_section=\"body\" data-event_tracking_label=\"Read more\">Leer m\u00e1s<\/a><\/p>"},{"acf_fc_layout":"list","block_settings":{"disabled":"No"},"settings":{"list_type":"horizontal_list","list_style":"testimonial","icon":{"source":""},"title":"","automatic_scrolling":false,"autoscrolling_speed":"mod","card_background":"default","icon_color":"default"},"items":null,"blocks":[{"acf_fc_layout":"testimonial","quote":"\u00a1Los empleados son muy amables y serviciales!","author":"Leticia Yniguez","stars":"5","source":"Google","source_link":"https:\/\/search.google.com\/local\/reviews?placeid=ChIJGRY4orddlIARLbUEsqvhdcU"},{"acf_fc_layout":"testimonial","quote":"\u00a1Los empleados son muy amables y serviciales!","author":"Sabrina Campos","stars":"5","source":"Google","source_link":"https:\/\/search.google.com\/local\/reviews?placeid=ChIJGxm__pNXwoARXG5sI0DfD8Y"},{"acf_fc_layout":"testimonial","quote":"R\u00e1pidos para ayudar, ponen inter\u00e9s y son atentos.","author":"mobilewarner351","stars":"5","source":"Google","source_link":"https:\/\/search.google.com\/local\/reviews?placeid=ChIJ1Ze-Hy2x3IAROAhkwDb4Wd0"}],"icon_settings":{"desktop_aligment":"center","mobile_aligment":"center","if_no_icon_selected_left_space":false}}]},{"acf_fc_layout":"content_block","settings":{"name":"","columns":"1","display":"auto","background":"none","image_placement":"right","padding":"","ab_component":"","ab_test_type":""},"blocks":[{"acf_fc_layout":"content","content_title":"","block_settings":{"disabled":"No"},"description":"<h2>Esto es todo<\/h2>\r\n<span>\u00bfTodav\u00eda tienes preguntas? Aqu\u00ed hay algunas que ya hemos respondido.<\/span>"},{"acf_fc_layout":"list","block_settings":{"disabled":"No"},"settings":{"list_type":"accordion","list_style":"stacked","icon":{"source":""},"title":"FAQ","automatic_scrolling":false,"autoscrolling_speed":"mod","card_background":"default","icon_color":"default"},"items":[{"icon":false,"custom_bullet":"","border_around_icon":"border-none","custom_bullet_color":"black","title":"\u00bfQu\u00e9 es un pr\u00e9stamo personal?","text":"<span>Un pr\u00e9stamo personal te proporciona cierto monto de dinero que se paga en determinado periodo de tiempo. El dinero puede usarse para una gran cantidad de gastos personales.<\/span>","text_border":"none","stars":"","author":""},{"icon":false,"custom_bullet":"","border_around_icon":"border-none","custom_bullet_color":"black","title":"\u00bfQu\u00e9 factores consideran al otorgar un pr\u00e9stamo?","text":"<span>Sabemos que Ud. es m\u00e1s que un conjunto de n\u00fameros o un puntaje de cr\u00e9dito. Si cuenta con historial de cr\u00e9dito, nos fijaremos en eso, pero tambi\u00e9n tomamos en cuenta otra informaci\u00f3n. Incluso podemos aprobarlo aunque haya pasado por una quiebra.<\/span>","text_border":"none","stars":"","author":""}],"blocks":null,"icon_settings":{"desktop_aligment":"center","mobile_aligment":"center","if_no_icon_selected_left_space":false}}]},{"acf_fc_layout":"content_block","settings":{"name":"","columns":"1","display":"auto","background":"black","image_placement":"auto","padding":"","ab_component":"","ab_test_type":""},"blocks":[{"acf_fc_layout":"content","content_title":"","block_settings":{"disabled":"No"},"description":"<h2 style=\"text-align: center;\">Nuestros miembros han ahorrado\r\n<span class=\"highlighted\">[impact name=\"Aggregate savings\" number=\u201d\u201d description=\"false\"]<\/span>\r\nen intereses y tarifas<\/h2>\r\n<p style=\"text-align: center;\"><a href=\"https:\/\/apply.oportun.com\/home?lang=es\" class=\"button\" data-event_tracking=\"button click\" data-event_tracking_section=\"body\" data-event_tracking_label=\"Apply now\">Aplica ahora<\/a><\/p>"}]}]},"_links":{"self":[{"href":"https:\/\/oportun.com\/es\/wp-json\/wp\/v2\/pages\/2524218","targetHints":{"allow":["GET"]}}],"collection":[{"href":"https:\/\/oportun.com\/es\/wp-json\/wp\/v2\/pages"}],"about":[{"href":"https:\/\/oportun.com\/es\/wp-json\/wp\/v2\/types\/page"}],"author":[{"embeddable":true,"href":"https:\/\/oportun.com\/es\/wp-json\/wp\/v2\/users\/3"}],"replies":[{"embeddable":true,"href":"https:\/\/oportun.com\/es\/wp-json\/wp\/v2\/comments?post=2524218"}],"version-history":[{"count":0,"href":"https:\/\/oportun.com\/es\/wp-json\/wp\/v2\/pages\/2524218\/revisions"}],"wp:attachment":[{"href":"https:\/\/oportun.com\/es\/wp-json\/wp\/v2\/media?parent=2524218"}],"wp:term":[{"taxonomy":"folder","embeddable":true,"href":"https:\/\/oportun.com\/es\/wp-json\/wp\/v2\/folder?post=2524218"}],"curies":[{"name":"wp","href":"https:\/\/api.w.org\/{rel}","templated":true}]}}