{"id":2468150,"date":"2023-03-02T11:19:56","date_gmt":"2023-03-02T19:19:56","guid":{"rendered":"https:\/\/oportundev3.wpengine.com\/?page_id=2468150"},"modified":"2024-05-17T10:36:38","modified_gmt":"2024-05-17T17:36:38","slug":"divulgaciones-ley-firmas-electronicas-pagos-automaticos","status":"publish","type":"page","link":"https:\/\/oportun.com\/es\/divulgaciones-ley-firmas-electronicas-pagos-automaticos\/","title":{"rendered":"T\u00e9rminos y condiciones de los pagos autom\u00e1ticos"},"content":{"rendered":"","protected":false},"excerpt":{"rendered":"","protected":false},"author":3,"featured_media":0,"parent":0,"menu_order":0,"comment_status":"closed","ping_status":"closed","template":"templates\/flexible.php","meta":{"_acf_changed":false,"footnotes":""},"folder":[],"class_list":["post-2468150","page","type-page","status-publish","hentry"],"acf":{"blocks":[{"acf_fc_layout":"content_block","settings":{"name":"","columns":"1","display":"auto","background":"none","image_placement":"auto","padding":"","ab_component":"","ab_test_type":""},"blocks":[{"acf_fc_layout":"content","content_title":"","block_settings":{"disabled":"No"},"description":"<h1>T\u00e9rminos y condiciones de los pagos autom\u00e1ticos<\/h1>\r\nAl inscribirse a los pagos autom\u00e1ticos con Oportun, usted acepta lo siguiente:\r\n<ol>\r\n \t<li>El titular de la cuenta (\u201custed\u201d) autoriza a Oportun, Inc. y a sus afiliados (\u201cnosotros\u201d, \u201cnos\u201d y \u201cnuestro\u201d) a retirar autom\u00e1ticamente los pagos de su pr\u00e9stamo de su cuenta de dep\u00f3sito especificada (\u201cCuenta\u201d) a trav\u00e9s de d\u00e9bitos electr\u00f3nicos recurrentes por ACH por el monto y en la frecuencia establecidos durante el proceso de inscripci\u00f3n (la \u201cAutorizaci\u00f3n\u201d). La fecha de entrada en vigencia de la Autorizaci\u00f3n es la primera fecha programada en que se retiran los pagos. Estos d\u00e9bitos continuar\u00e1n hasta que el monto adeudado de su pr\u00e9stamo se pague en su totalidad o hasta que se cancele la Autorizaci\u00f3n. Usted tambi\u00e9n nos autoriza a iniciar d\u00e9bitos o cr\u00e9ditos por ACH a su Cuenta, seg\u00fan sea necesario, para corregir transacciones equivocadas.<\/li>\r\n \t<li>Usted tiene el derecho de recibir una notificaci\u00f3n por escrito de parte de nosotros, con 10 d\u00edas de anticipaci\u00f3n, sobre el monto y fecha de cualquier d\u00e9bito que difiera del monto a debitar programado. Sin embargo, si debitamos de su Cuenta cualquier monto entre $1 hasta el monto a debitar programado, usted acepta que no tenemos que enviarle dicha notificaci\u00f3n previa por escrito, excepto que la ley as\u00ed lo exija. No debitaremos de su cuenta un monto superior al monto a debitar programado indicado anteriormente.<\/li>\r\n \t<li>Si cualquier fecha de pago cae en fin de semana o d\u00eda festivo, el d\u00e9bito ser\u00e1 procesado el siguiente d\u00eda h\u00e1bil. Si su Banco rechaza cualquier d\u00e9bito porque usted no tiene una cuenta con ese Banco, cancelaremos estos d\u00e9bitos recurrentes. Si su Banco rechaza cualquier d\u00e9bito porque no hay suficiente dinero en su Cuenta, suspenderemos estos d\u00e9bitos recurrentes y daremos de baja su suscripci\u00f3n a los pagos recurrentes hasta que usted haya efectuado todos los pagos atrasados y haya pagado cualquier cargo por pago rechazado u otros cargos debidos seg\u00fan su pagar\u00e9. Cuando su Cuenta vuelva a estar al d\u00eda, volveremos a inscribirlo a los pagos recurrentes por ACH acorde a su Autorizaci\u00f3n, excepto que nos indique que no desea volver a inscribirse; en ese caso, cancelaremos los pagos recurrentes por ACH.<\/li>\r\n \t<li>Usted declara que es un firmante autorizado de la Cuenta. Usted acuerda notificarnos de inmediato cualquier cambio en la Cuenta y debe proporcionarnos un aviso con siete (7) d\u00edas de anticipaci\u00f3n sobre cualquier cambio en la Cuenta. Reconoce que (1) las transacciones por ACH de su Cuenta deben cumplir con las leyes de los Estados Unidos, (2) esta Autorizaci\u00f3n es voluntaria y no es obligatoria como condici\u00f3n para obtener su pr\u00e9stamo, y (3) la traducci\u00f3n al espa\u00f1ol se brinda solo como cortes\u00eda y la versi\u00f3n en ingl\u00e9s es la versi\u00f3n legalmente vigente.<\/li>\r\n \t<li><strong>C\u00f3mo cancelar<\/strong>. Usted puede cancelar esta Autorizaci\u00f3n llam\u00e1ndonos a la l\u00ednea gratuita <a href=\"tel:+18887521207\">888-752-1207<\/a> durante nuestro horario de oficina. Debe notificarnos sobre la cancelaci\u00f3n por lo menos <strong><u>3 d\u00edas h\u00e1biles<\/u><\/strong>\u00a0antes de la fecha de vencimiento del pago. Tambi\u00e9n puede cancelar estos pagos recurrentes por ACH siguiendo los procedimientos de su Banco para detener pagos, pero su Banco puede cobrarle un cargo. Aun si usted los cancela, debe seguir realizando los pagos del pr\u00e9stamo a tiempo.<\/li>\r\n<\/ol>\r\n<u>IMPORTANTE<\/u>\r\n\r\nPara evitar cualquier cargo por pago rechazado, usted acuerda contar con suficiente dinero en su Cuenta para cubrir el monto del d\u00e9bito programado. Los d\u00e9bitos por ACH pueden demorar hasta <strong><u>5 d\u00edas h\u00e1biles<\/u><\/strong> en debitarse de su Cuenta."}]}]},"_links":{"self":[{"href":"https:\/\/oportun.com\/es\/wp-json\/wp\/v2\/pages\/2468150","targetHints":{"allow":["GET"]}}],"collection":[{"href":"https:\/\/oportun.com\/es\/wp-json\/wp\/v2\/pages"}],"about":[{"href":"https:\/\/oportun.com\/es\/wp-json\/wp\/v2\/types\/page"}],"author":[{"embeddable":true,"href":"https:\/\/oportun.com\/es\/wp-json\/wp\/v2\/users\/3"}],"replies":[{"embeddable":true,"href":"https:\/\/oportun.com\/es\/wp-json\/wp\/v2\/comments?post=2468150"}],"version-history":[{"count":0,"href":"https:\/\/oportun.com\/es\/wp-json\/wp\/v2\/pages\/2468150\/revisions"}],"wp:attachment":[{"href":"https:\/\/oportun.com\/es\/wp-json\/wp\/v2\/media?parent=2468150"}],"wp:term":[{"taxonomy":"folder","embeddable":true,"href":"https:\/\/oportun.com\/es\/wp-json\/wp\/v2\/folder?post=2468150"}],"curies":[{"name":"wp","href":"https:\/\/api.w.org\/{rel}","templated":true}]}}