{"id":2464534,"date":"2023-02-22T16:15:37","date_gmt":"2023-02-23T00:15:37","guid":{"rendered":"https:\/\/oportundev3.wpengine.com\/download\/"},"modified":"2026-01-29T09:41:10","modified_gmt":"2026-01-29T17:41:10","slug":"descargar","status":"publish","type":"page","link":"https:\/\/oportun.com\/es\/descargar\/","title":{"rendered":"Download"},"content":{"rendered":"<p><script>function hideFooter(){\n        document.querySelectorAll('div.footer').forEach(function(element){\n            element.style.display = \"none\";\n        });\n    }\n    if(document.readyState === \"interactive\" || document.readyState === \"complete\"){\n        hideFooter();\n    }else{\n        document.addEventListener('DOMContentLoaded', function(event) {\n            hideFooter();\n        });\n    }\n<\/script><\/p>\n","protected":false},"excerpt":{"rendered":"","protected":false},"author":3,"featured_media":0,"parent":0,"menu_order":0,"comment_status":"closed","ping_status":"closed","template":"templates\/ad-landing.php","meta":{"_acf_changed":false,"footnotes":""},"folder":[],"class_list":["post-2464534","page","type-page","status-publish","hentry"],"acf":{"blocks":[{"acf_fc_layout":"content_block","settings":{"name":"","columns":"1","display":"auto","background":"none","image_placement":"auto","padding":"","ab_component":"","ab_test_type":""},"blocks":[{"acf_fc_layout":"content","content_title":"","block_settings":{"disabled":"No"},"description":"<h1 style=\"text-align: center;\">Obt\u00e9n la aplicaci\u00f3n de Oportun<\/h1>\r\n<div class=\"content\" style=\"text-align: center;\">\r\n<div class=\"intro\">Escanea el c\u00f3digo QR con la c\u00e1mara de tu tel\u00e9fono para descargar la aplicaci\u00f3n. Inscribirse es f\u00e1cil y en menos de 5 minutos estar\u00e1 todo listo.<\/div>\r\n&nbsp;\r\n<div class=\"qrcode\" style=\"display: inline-flex;\">[DownloadQRCode width=\"150\" height=\"150\"]<\/div>\r\n<\/div>\r\n&nbsp;\r\n<p style=\"text-align: center;\">Descargarla y manejar tu pr\u00e9stamo personal es gratis. Nuestra herramienta de ahorro, Set &amp; Save<sup>TM<\/sup>, es gratis por 30 dias y $5 al mes despu\u00e9s.<\/p>\r\n&nbsp;\r\n<p style=\"text-align: center;\">Disponible en Apple y Android.<\/p>\r\n<p style=\"text-align: center; padding-top: 0; padding-bottom: 0;\"><span style=\"font-size: 12px; color: #808080;\">Aplican tarifas est\u00e1ndar de datos y mensajer\u00eda por llamadas, mensajes de texto o descargas. Usar la app para manejar la cuenta de su pr\u00e9stamo es gratis. La funci\u00f3n opcional de ahorros cuesta $5 al mes despu\u00e9s del periodo de prueba y usted puede cancelar en cualquier momento. Esta aplicaci\u00f3n de Oportun y los servicios relacionados son opcionales.<\/span><\/p>"}]}]},"_links":{"self":[{"href":"https:\/\/oportun.com\/es\/wp-json\/wp\/v2\/pages\/2464534","targetHints":{"allow":["GET"]}}],"collection":[{"href":"https:\/\/oportun.com\/es\/wp-json\/wp\/v2\/pages"}],"about":[{"href":"https:\/\/oportun.com\/es\/wp-json\/wp\/v2\/types\/page"}],"author":[{"embeddable":true,"href":"https:\/\/oportun.com\/es\/wp-json\/wp\/v2\/users\/3"}],"replies":[{"embeddable":true,"href":"https:\/\/oportun.com\/es\/wp-json\/wp\/v2\/comments?post=2464534"}],"version-history":[{"count":0,"href":"https:\/\/oportun.com\/es\/wp-json\/wp\/v2\/pages\/2464534\/revisions"}],"wp:attachment":[{"href":"https:\/\/oportun.com\/es\/wp-json\/wp\/v2\/media?parent=2464534"}],"wp:term":[{"taxonomy":"folder","embeddable":true,"href":"https:\/\/oportun.com\/es\/wp-json\/wp\/v2\/folder?post=2464534"}],"curies":[{"name":"wp","href":"https:\/\/api.w.org\/{rel}","templated":true}]}}