{"id":15373,"date":"2021-11-15T16:28:47","date_gmt":"2021-11-15T16:28:47","guid":{"rendered":"https:\/\/oportundev3.wpengine.com\/aura\/"},"modified":"2025-12-16T12:38:08","modified_gmt":"2025-12-16T20:38:08","slug":"aura","status":"publish","type":"page","link":"https:\/\/oportun.com\/es\/aura\/","title":{"rendered":"Aura"},"content":{"rendered":"","protected":false},"excerpt":{"rendered":"","protected":false},"author":3,"featured_media":0,"parent":0,"menu_order":0,"comment_status":"closed","ping_status":"closed","template":"templates\/flexible.php","meta":{"_acf_changed":false,"footnotes":""},"folder":[],"class_list":["post-15373","page","type-page","status-publish","hentry","product-core-es"],"acf":{"blocks":[{"acf_fc_layout":"content_block","settings":{"name":"","columns":"2","display":"auto","background":"none","image_placement":"auto","padding":"","ab_component":"","ab_test_type":""},"blocks":[{"acf_fc_layout":"content","content_title":"","block_settings":{"disabled":"No"},"description":"<h1>A\u00fan mejor <em>en Oportun<\/em><\/h1>\r\n<h3>Aura cerr\u00f3 sus puertas, pero Oportun est\u00e1 aqu\u00ed para servirte. Ofrecemos los mismos productos, adem\u00e1s de otros m\u00e1s.<\/h3>\r\nPr\u00e9stamos personales<sup>1<\/sup> $300 a $6,000\r\n<ul>\r\n \t<li>35.99% de APR o menos<\/li>\r\n \t<li>12 a 48 meses para pagar<\/li>\r\n \t<li>Pagos fijos y accesibles, y sin penalidades por prepago<\/li>\r\n<\/ul>\r\n<a href=\"https:\/\/apply.oportun.com\/home\/?lang=es\" class=\"button\" data-event_tracking=\"button click\" data-event_tracking_section=\"hero\" data-event_tracking_label=\"Apply online\">Aplica ahora<\/a>\r\n\r\n<a href=\"\/es\/sucursales\/\" class=\"button\" data-event_tracking=\"button click\" data-event_tracking_section=\"hero\" data-event_tracking_label=\"Apply in person\">Aplica en persona<\/a>"},{"acf_fc_layout":"image","block_settings":{"disabled":"No"},"asset":"","asset_mobile":null,"alt":"","border_radius_enabled":"yes","disabled_img_mobile":"no","youtube_embed_url":"","autoplay_video":false,"image_link_to":null,"lazy_load":true}]},{"acf_fc_layout":"content_block","settings":{"name":"","columns":"1","display":"auto","background":"light-gray","image_placement":"auto","padding":"","ab_component":"","ab_test_type":""},"blocks":[{"acf_fc_layout":"list","block_settings":{"disabled":"No"},"settings":{"list_type":"horizontal_list","list_style":"badge","icon":{"source":""},"title":"","automatic_scrolling":false,"autoscrolling_speed":"mod","card_background":"default","icon_color":"default"},"items":null,"blocks":[{"acf_fc_layout":"badge","image":2418602,"label":"[impact name=\"accolade1\" number=\u201dfalse\u201d description=\"true\"]","link":"","alt_text":""},{"acf_fc_layout":"badge","image":2608029,"label":"[impact name=\"accolade2\" number=\u201dfalse\u201d description=\"true\"]","link":"","alt_text":""},{"acf_fc_layout":"badge","image":2608031,"label":"[impact name=\"accolade3\" number=\u201dfalse\u201d description=\"true\"]","link":"","alt_text":""}],"icon_settings":{"desktop_aligment":"center","mobile_aligment":"center","if_no_icon_selected_left_space":false}}]},{"acf_fc_layout":"content_block","settings":{"name":"","columns":"2","display":"auto","background":"none","image_placement":"left","padding":"","ab_component":"","ab_test_type":""},"blocks":[{"acf_fc_layout":"image","block_settings":{"disabled":"No"},"asset":2418694,"asset_mobile":null,"alt":"","border_radius_enabled":"yes","disabled_img_mobile":"no","youtube_embed_url":"","autoplay_video":false,"image_link_to":null,"lazy_load":true},{"acf_fc_layout":"list","block_settings":{"disabled":"No"},"settings":{"list_type":"list","list_style":"bullet","icon":{"source":""},"title":"FAQ","automatic_scrolling":false,"autoscrolling_speed":"mod","card_background":"default","icon_color":"default"},"items":[{"icon":"0","custom_bullet":"","border_around_icon":"border-none","custom_bullet_color":"black","title":"\u00bfQu\u00e9 es un pr\u00e9stamo personal?","text":"<h2>\u00bfPor qu\u00e9 Oportun?<\/h2>","text_border":"none","stars":"","author":""},{"icon":"savings-bonus","custom_bullet":"","border_around_icon":"border-none","custom_bullet_color":"black","title":"\u00bfQu\u00e9 factores consideran al otorgar un pr\u00e9stamo?","text":"<strong>Accesible<\/strong>\r\nPaga menos y recibe m\u00e1s, comparado con prestamistas que no son bancos<sup>10<\/sup>","text_border":"none","stars":"","author":""},{"icon":"depositcheck","custom_bullet":"","border_around_icon":"border-none","custom_bullet_color":"black","title":"","text":"<strong>Fundos r\u00e1pidos<\/strong>\r\nCon dep\u00f3sito directo","text_border":"none","stars":"","author":""},{"icon":"smiley","custom_bullet":"","border_around_icon":"border-none","custom_bullet_color":"black","title":"","text":"<strong>De confianza<\/strong>\r\n9 de cada 10 miembros recomendar\u00edan Oportun a su familia y amigos<sup>3<\/sup>","text_border":"none","stars":"","author":""}],"blocks":null,"icon_settings":{"desktop_aligment":"center","mobile_aligment":"center","if_no_icon_selected_left_space":false}}]},{"acf_fc_layout":"content_block","settings":{"name":"","columns":"1","display":"auto","background":"light-gray","image_placement":"auto","padding":"","ab_component":"","ab_test_type":""},"blocks":[{"acf_fc_layout":"content","content_title":"","block_settings":{"disabled":"No"},"description":"<h2 style=\"text-align: center;\">\u00bfQuieres saber lo que piensan otros?<\/h2>\r\n<p style=\"text-align: center;\">60,000 rese\u00f1as de 5 estrellas en Google y Trustpilot<sup>4<\/sup><\/p>\r\n<p style=\"text-align: center;\"><a href=\"https:\/\/oportun.com\/es\/resenas\/\" data-event_tracking=\"link click\" data-event_tracking_section=\"body\" data-event_tracking_label=\"Read more\">Leer m\u00e1s<\/a><\/p>"},{"acf_fc_layout":"list","block_settings":{"disabled":"No"},"settings":{"list_type":"horizontal_list","list_style":"testimonial","icon":{"source":""},"title":"","automatic_scrolling":false,"autoscrolling_speed":"mod","card_background":"default","icon_color":"default"},"items":null,"blocks":[{"acf_fc_layout":"testimonial","quote":"\u00a1Los empleados son muy amables y serviciales!","author":"Leticia Yniguez","stars":"5","source":"Google","source_link":"https:\/\/search.google.com\/local\/reviews?placeid=ChIJGRY4orddlIARLbUEsqvhdcU"},{"acf_fc_layout":"testimonial","quote":"\u00a1Los empleados son muy amables y serviciales!","author":"Sabrina Campos","stars":"5","source":"Google","source_link":"https:\/\/search.google.com\/local\/reviews?placeid=ChIJGxm__pNXwoARXG5sI0DfD8Y"},{"acf_fc_layout":"testimonial","quote":"R\u00e1pidos para ayudar, ponen inter\u00e9s y son atentos.","author":"mobilewarner351","stars":"5","source":"Google","source_link":"https:\/\/search.google.com\/local\/reviews?placeid=ChIJ1Ze-Hy2x3IAROAhkwDb4Wd0"}],"icon_settings":{"desktop_aligment":"center","mobile_aligment":"center","if_no_icon_selected_left_space":false}}]},{"acf_fc_layout":"content_block","settings":{"name":"","columns":"1","display":"contained","background":"black","image_placement":"auto","padding":"","ab_component":"","ab_test_type":""},"blocks":[{"acf_fc_layout":"content","content_title":"","block_settings":{"disabled":"No"},"description":"<h2 style=\"text-align: center;\">\u00bfTodav\u00eda tienes preguntas?<\/h2>"},{"acf_fc_layout":"list","block_settings":{"disabled":"No"},"settings":{"list_type":"horizontal_list","list_style":"center","icon":{"source":""},"title":"FAQ","automatic_scrolling":false,"autoscrolling_speed":"mod","card_background":"default","icon_color":"default"},"items":[{"icon":"message-bubble","custom_bullet":"","border_around_icon":"border-none","custom_bullet_color":"black","title":"\u00bfQu\u00e9 es un pr\u00e9stamo personal?","text":"<h3>Usa el Chat<\/h3>\r\nHaz tus preguntas en l\u00ednea\r\n<p style=\"text-align: center;\"><a data-enable_five9=\"true\">Iniciar<\/a><\/p>","text_border":"none","stars":"","author":""},{"icon":"phone-call","custom_bullet":"","border_around_icon":"border-none","custom_bullet_color":"black","title":"\u00bfQu\u00e9 factores consideran al otorgar un pr\u00e9stamo?","text":"<h3>Llama<\/h3>\r\nHabla con un miembro del equipo\r\n<p style=\"text-align: center;\"><a href=\"tel:866-488-6090%20\">(866) 488-6090<\/a><\/p>","text_border":"none","stars":"","author":""},{"icon":"location","custom_bullet":"","border_around_icon":"border-none","custom_bullet_color":"black","title":"","text":"<h3>Vis\u00edtanos<\/h3>\r\nEncuentra tu sucursal m\u00e1s cercana\r\n<p style=\"text-align: center;\"><a href=\"\/es\/sucursales\/\" data-event_tracking=\"link click\" data-event_tracking_section=\"body\" data-event_tracking_label=\"Locations\">Sucursales<\/a><\/p>","text_border":"none","stars":"","author":""}],"blocks":null,"icon_settings":{"desktop_aligment":"center","mobile_aligment":"center","if_no_icon_selected_left_space":false}}]},{"acf_fc_layout":"content_block","settings":{"name":"","columns":"1","display":"auto","background":"light-gray","image_placement":"right","padding":"","ab_component":"","ab_test_type":""},"blocks":[{"acf_fc_layout":"content","content_title":"","block_settings":{"disabled":"No"},"description":"<h2>Esto es todo<\/h2>\r\n<span>\u00bfTodav\u00eda tienes preguntas? Aqu\u00ed hay algunas que ya hemos respondido.<\/span>"},{"acf_fc_layout":"list","block_settings":{"disabled":"No"},"settings":{"list_type":"accordion","list_style":"stacked","icon":{"source":""},"title":"FAQ","automatic_scrolling":false,"autoscrolling_speed":"mod","card_background":"default","icon_color":"default"},"items":[{"icon":"","custom_bullet":"","border_around_icon":"border-none","custom_bullet_color":"black","title":"\u00bfQu\u00e9 es un pr\u00e9stamo personal?","text":"<span>Un pr\u00e9stamo personal te proporciona cierto monto de dinero que se paga en determinado periodo de tiempo. El dinero puede usarse para una gran cantidad de gastos personales.<\/span>","text_border":"none","stars":"","author":""},{"icon":"","custom_bullet":"","border_around_icon":"border-none","custom_bullet_color":"black","title":"\u00bfQu\u00e9 factores consideran al otorgar un pr\u00e9stamo?","text":"<span>Sabemos que Ud. es m\u00e1s que un conjunto de n\u00fameros o un puntaje de cr\u00e9dito. Si cuenta con historial de cr\u00e9dito, nos fijaremos en eso, pero tambi\u00e9n tomamos en cuenta otra informaci\u00f3n. Incluso podemos aprobarlo aunque haya pasado por una quiebra.<\/span>","text_border":"none","stars":"","author":""}],"blocks":null,"icon_settings":{"desktop_aligment":"center","mobile_aligment":"center","if_no_icon_selected_left_space":false}}]},{"acf_fc_layout":"content_block","settings":{"name":"","columns":"1","display":"auto","background":"black","image_placement":"auto","padding":"","ab_component":"","ab_test_type":""},"blocks":[{"acf_fc_layout":"content","content_title":"","block_settings":{"disabled":"No"},"description":"<h2 style=\"text-align: center;\">Nuestros miembros han ahorrado\r\n<span class=\"highlighted\">[impact name=\"Aggregate savings\" number=\u201d\u201d description=\"false\"]<\/span>\r\nen intereses y tarifas<sup><span style=\"font-size: 14px;\"><sup>10<\/sup><\/span><\/sup><\/h2>\r\n&nbsp;\r\n<p style=\"text-align: center;\"><a href=\"https:\/\/apply.oportun.com\/home\/?lang=es\" class=\"button\" data-event_tracking=\"button click\" data-event_tracking_section=\"body\" data-event_tracking_label=\"Apply now\">Aplica ahora<\/a><\/p>"}]}]},"_links":{"self":[{"href":"https:\/\/oportun.com\/es\/wp-json\/wp\/v2\/pages\/15373","targetHints":{"allow":["GET"]}}],"collection":[{"href":"https:\/\/oportun.com\/es\/wp-json\/wp\/v2\/pages"}],"about":[{"href":"https:\/\/oportun.com\/es\/wp-json\/wp\/v2\/types\/page"}],"author":[{"embeddable":true,"href":"https:\/\/oportun.com\/es\/wp-json\/wp\/v2\/users\/3"}],"replies":[{"embeddable":true,"href":"https:\/\/oportun.com\/es\/wp-json\/wp\/v2\/comments?post=15373"}],"version-history":[{"count":0,"href":"https:\/\/oportun.com\/es\/wp-json\/wp\/v2\/pages\/15373\/revisions"}],"wp:attachment":[{"href":"https:\/\/oportun.com\/es\/wp-json\/wp\/v2\/media?parent=15373"}],"wp:term":[{"taxonomy":"folder","embeddable":true,"href":"https:\/\/oportun.com\/es\/wp-json\/wp\/v2\/folder?post=15373"}],"curies":[{"name":"wp","href":"https:\/\/api.w.org\/{rel}","templated":true}]}}