{"id":14970,"date":"2021-08-30T22:27:13","date_gmt":"2021-08-30T22:27:13","guid":{"rendered":"https:\/\/oportundev3.wpengine.com\/?page_id=14970"},"modified":"2023-03-02T16:49:28","modified_gmt":"2023-03-03T00:49:28","slug":"rewrite","status":"publish","type":"page","link":"https:\/\/oportun.com\/es\/email\/rewrite\/","title":{"rendered":"Rewrite"},"content":{"rendered":"","protected":false},"excerpt":{"rendered":"","protected":false},"author":5,"featured_media":0,"parent":14928,"menu_order":0,"comment_status":"closed","ping_status":"closed","template":"templates\/flexible.php","meta":{"_acf_changed":false,"footnotes":""},"folder":[],"class_list":["post-14970","page","type-page","status-publish","hentry"],"acf":{"blocks":[{"acf_fc_layout":"content_block","settings":{"name":"","columns":"1","display":"auto","background":"none","image_placement":"auto","padding":"","ab_component":"","ab_test_type":""},"blocks":[{"acf_fc_layout":"content","content_title":"","block_settings":{"disabled":"No"},"description":"<h1>Tu oferta:<\/h1>\r\n<h2><em>Comienza a ahorrar en cada pago<\/em><\/h2>\r\n<div class=\"subtitle\">\r\n<div class=\"subtitle\">\r\n\r\nEn este momento puede ser dif\u00edcil cumplir con todas tus necesidades financieras, y queremos ayudarte, ahorr\u00e1ndote alrededor de<span>\u00a0<\/span><strong>$<span class=\"paymentSavingsAmount-s\">XX<\/span><\/strong><span>\u00a0<\/span>en cada pago*.\r\n\r\n<\/div>\r\n<div class=\"subtitle\">\r\n\r\nDesbloquea ahorros en cada pago refinanciando tu pr\u00e9stamo actual.\r\n\r\nTodo lo que necesitas es hacer un pago \u00fanico de<span>\u00a0<\/span><strong>$<span class=\"oneTimePaymentAmount-s\">XX<\/span><\/strong><span>\u00a0<\/span><span class=\"missingPhoneMessage-s\">y llamarnos para compartir su n\u00famero de tel\u00e9fono.<\/span>\r\n\r\n<\/div>\r\n<\/div>\r\n&nbsp;\r\n<a href=\"https:\/\/account.oportun.com\/services\/\" class=\"button\">Hacer un pago<\/a>\r\n&nbsp;\r\n<a href=\"tel:18888069170\/\" class=\"button\">888-806-9170<\/a>\r\n&nbsp;\r\n<span>*El pago debe recibirse antes del\u00a0<\/span><span class=\"offerExpirationDate-p display-inline\"><span class=\"offerExpirationDate-s\">10\/17\/2023<\/span><span>\u00a0<\/span><\/span><span>para aprovechar esta oferta exclusiva.<\/span>"}]},{"acf_fc_layout":"content_block","settings":{"name":"","columns":"1","display":"auto","background":"light-gray","image_placement":"auto","padding":"","ab_component":"","ab_test_type":""},"blocks":[{"acf_fc_layout":"list","block_settings":{"disabled":"No"},"settings":{"list_type":"horizontal_list","list_style":"stacked","icon":{"source":""},"title":"","automatic_scrolling":false,"autoscrolling_speed":"mod","card_background":"default","icon_color":"default"},"items":[{"icon":"0","custom_bullet":"","border_around_icon":false,"custom_bullet_color":"black","title":"","text":"&nbsp;\r\n<h3>Desbloquea esta oferta haciendo un pago \u00fanico de<\/h3>\r\n&nbsp;\r\n<h1 class=\"hprice color-green\"><span>$<\/span><span class=\"oneTimePaymentAmount-p display-inline\"><span class=\"oneTimePaymentAmount-s\">XX<\/span><\/span><\/h1>\r\n&nbsp;\r\n<p class=\"color-green missingPhoneMessage-p\"><span>Tambi\u00e9n necesitamos tu n\u00famero de tel\u00e9fono. Por favor ll\u00e1manos al\u00a0<\/span><a href=\"tel:888-806-9170\">888-806-9170<\/a><\/p>","text_border":"none","stars":"","author":""},{"icon":"0","custom_bullet":"","border_around_icon":false,"custom_bullet_color":"black","title":"","text":"<h2><em>Oferta para hoy*<\/em><\/h2>\r\n&nbsp;\r\n<p class=\"label\"><span>Monto del pago<\/span><\/p>\r\n\r\n<h3 class=\"newPaymentAmount-p color-black bold\"><span>$<\/span><span class=\"newPaymentAmount-s\">XX<\/span><\/h3>\r\n&nbsp;\r\n<p class=\"label\"><span>Ahorro del pago<\/span><\/p>\r\n\r\n<h2 class=\"tprice\"><span>~$<\/span><span class=\"paymentSavingsAmount-s\">XX<\/span><\/h2>\r\n&nbsp;\r\n<p class=\"label\"><span>Monto del pr\u00e9stamo<\/span><\/p>\r\n\r\n<h3 class=\"newLoanBalance-p color-black bold\">$<span class=\"newLoanBalance-s\">XX<\/span><\/h3>\r\n&nbsp;\r\n<p class=\"label\"><span>Frecuencia del pago<\/span><\/p>\r\n\r\n<h3 class=\"paymentFrequency-p color-black bold\"><span>Cada dos semanas<\/span><\/h3>\r\n&nbsp;\r\n<p class=\"label\"><span>Plazo del pr\u00e9stamo<\/span><\/p>\r\n\r\n<h3 class=\"estimatedNewLoanTerm-p color-black bold\"><span class=\"estimatedNewLoanTerm-s\">XX<\/span><span>\u00a0meses<\/span><\/h3>","text_border":"none","stars":"","author":""},{"icon":"0","custom_bullet":"","border_around_icon":false,"custom_bullet_color":"black","title":"","text":"<h2>Pr\u00e9stamo actual<\/h2>\r\n&nbsp;\r\n<p class=\"label\"><span>Monto del pago<\/span><\/p>\r\n\r\n<h3 class=\"currentPaymentAmount-p color-black bold\"><span>$<\/span><span class=\"currentPaymentAmount-s\">XX<\/span><\/h3>\r\n&nbsp;\r\n<p class=\"label\"><span>Ahorro del pago<\/span><\/p>\r\n\r\n<h2 class=\"tprice\">$<span class=\"\">XX<\/span><\/h2>\r\n&nbsp;\r\n<p class=\"label\"><span>Monto del pr\u00e9stamo<\/span><\/p>\r\n\r\n<h3 class=\"currentLoanBalance-p color-black bold\"><span>$<\/span><span class=\"currentLoanBalance-s\">XX<\/span><\/h3>\r\n&nbsp;\r\n<p class=\"label\"><span>Frecuencia del pago<\/span><\/p>\r\n\r\n<h3 class=\"paymentFrequency-p color-black bold\"><span>Cada dos semanas<\/span><\/h3>","text_border":"none","stars":"","author":""}],"blocks":null,"icon_settings":{"desktop_aligment":"center","mobile_aligment":"center","if_no_icon_selected_left_space":false}}]},{"acf_fc_layout":"content_block","settings":{"name":"","columns":"1","display":"auto","background":"none","image_placement":"auto","padding":"","ab_component":"","ab_test_type":""},"blocks":[{"acf_fc_layout":"content","content_title":"","block_settings":{"disabled":"No"},"description":"<h1>As\u00ed es como funciona<\/h1>"},{"acf_fc_layout":"list","block_settings":{"disabled":"No"},"settings":{"list_type":"horizontal_list","list_style":"stacked","icon":{"source":""},"title":"","automatic_scrolling":false,"autoscrolling_speed":"mod","card_background":"default","icon_color":"default"},"items":[{"icon":"0","custom_bullet":"","border_around_icon":false,"custom_bullet_color":"black","title":"","text":"<h2 style=\"text-align: center;\">1<\/h2>\r\n&nbsp;\r\n<p class=\"h4 \" style=\"text-align: center;\"><strong>Desbloquea esta oferta<\/strong>\u00a0haciendo un pago \u00fanico de $<span class=\"oneTimePaymentAmount-s\">XX<\/span><span class=\"missingPhoneMessage-s\"> y ll\u00e1menos para compartir su n\u00famero de tel\u00e9fono<\/span><\/p>","text_border":"none","stars":"","author":""},{"icon":"0","custom_bullet":"","border_around_icon":false,"custom_bullet_color":"black","title":"","text":"<h2 style=\"text-align: center;\">2<\/h2>\r\n&nbsp;\r\n<p class=\"h4 \" style=\"text-align: center;\"><strong>Recibe y firma<\/strong> los documentos de tu nuevo pr\u00e9stamo que te enviaremos por email a trav\u00e9s de-DocuSign. Recibir\u00e1s el enlace a DocuSign-en la siguiente hora despu\u00e9s de recibir tu pago<\/p>","text_border":"none","stars":"","author":""},{"icon":"0","custom_bullet":"","border_around_icon":false,"custom_bullet_color":"black","title":"","text":"<h2 style=\"text-align: center;\">3<\/h2>\r\n&nbsp;\r\n<p class=\"h4 \" style=\"text-align: center;\"><strong>Comienza a ahorrar<\/strong> en cada pago<\/p>","text_border":"none","stars":"","author":""}],"blocks":null,"icon_settings":{"desktop_aligment":"center","mobile_aligment":"center","if_no_icon_selected_left_space":false}},{"acf_fc_layout":"content","content_title":"","block_settings":{"disabled":"No"},"description":"No hay tarifas por reestructurar tu pr\u00e9stamo, pero la reestructuraci\u00f3n puede extender la duraci\u00f3n de tu pr\u00e9stamo, lo que a la larga puede costarte m\u00e1s.**\r\n\r\n<span>\u00bfAlguna pregunta? Solo ll\u00e1menos al\u00a0<\/span><a href=\"tel:+18888069170\">888-806-9170<\/a>"}]},{"acf_fc_layout":"content_block","settings":{"name":"","columns":"1","display":"auto","background":"black","image_placement":"auto","padding":"","ab_component":"","ab_test_type":""},"blocks":[{"acf_fc_layout":"content","content_title":"","block_settings":{"disabled":"No"},"description":"<h2 style=\"text-align: center;\">Al hacer ese pago \u00fanico acceder\u00e1s a la oferta y a reestructurar tu pr\u00e9stamo para reducir el monto de tu pago.<\/h2>\r\n&nbsp;\r\n<p style=\"text-align: center;\"><a href=\"https:\/\/account.oportun.com\/services\/\" class=\"button\">Hacer un pago<\/a><\/p>\r\n<p style=\"text-align: center;\"><a href=\"tel:18888069170\/\" class=\"button\">888-806-9170<\/a><\/p>"}]},{"acf_fc_layout":"content_block","settings":{"name":"","columns":"1","display":"auto","background":"none","image_placement":"auto","padding":"","ab_component":"","ab_test_type":""},"blocks":[{"acf_fc_layout":"content","content_title":"","block_settings":{"disabled":"No"},"description":"<h2>Otras formas de realizar su pago<\/h2>\r\n<b>En persona<\/b>\r\nPaga en efectivo en una <a href=\"https:\/\/oportun.com\/es\/locations\/\">sucursal de Oportun<\/a>.\r\n\r\nPaga en efectivo en supermercados y farmacias que acepten pagos de nuestros asociados.\r\n<ul>\r\n \t<li><a href=\"http:\/\/www2.datatel-systems.com\/ext\/client%20forms\/CheckFreePayZIP.aspx\">CheckFree Pay<\/a> en <strong>Walmart<\/strong>, <strong>Kmart<\/strong>, y otras tiendas. Trae el n\u00famero de tu pr\u00e9stamo con nosotros, que est\u00e1 en los documentos de tu pr\u00e9stamo<\/li>\r\n \t<li><a href=\"https:\/\/secure.moneygram.com\/locations\">MoneyGram<\/a> en <strong>CVS<\/strong>, <strong>Walmart<\/strong>, y otras tiendas. more. Trae el n\u00famero de tu pr\u00e9stamo con nosotros, que est\u00e1 en los documentos de tu pr\u00e9stamo. Usa el c\u00f3digo de recibo 7991.<\/li>\r\n<\/ul>\r\n<strong>Con pago de cuentas<\/strong>\r\nUsa el portal en l\u00ednea de tu banco y configura los pagos a Oportun y programa los pagos.\r\n\r\n<strong>Por correo<\/strong>\r\nEscribe el n\u00famero de tu pr\u00e9stamo en un cheque o giro postal (no pongas dinero en efectivo en el sobre) y env\u00edalo a Oportun.\r\n\r\nPO Box 2063, Menlo Park, CA 94026"}]}]},"_links":{"self":[{"href":"https:\/\/oportun.com\/es\/wp-json\/wp\/v2\/pages\/14970","targetHints":{"allow":["GET"]}}],"collection":[{"href":"https:\/\/oportun.com\/es\/wp-json\/wp\/v2\/pages"}],"about":[{"href":"https:\/\/oportun.com\/es\/wp-json\/wp\/v2\/types\/page"}],"author":[{"embeddable":true,"href":"https:\/\/oportun.com\/es\/wp-json\/wp\/v2\/users\/5"}],"replies":[{"embeddable":true,"href":"https:\/\/oportun.com\/es\/wp-json\/wp\/v2\/comments?post=14970"}],"version-history":[{"count":0,"href":"https:\/\/oportun.com\/es\/wp-json\/wp\/v2\/pages\/14970\/revisions"}],"up":[{"embeddable":true,"href":"https:\/\/oportun.com\/es\/wp-json\/wp\/v2\/pages\/14928"}],"wp:attachment":[{"href":"https:\/\/oportun.com\/es\/wp-json\/wp\/v2\/media?parent=14970"}],"wp:term":[{"taxonomy":"folder","embeddable":true,"href":"https:\/\/oportun.com\/es\/wp-json\/wp\/v2\/folder?post=14970"}],"curies":[{"name":"wp","href":"https:\/\/api.w.org\/{rel}","templated":true}]}}