{"id":14912,"date":"2021-08-24T01:15:13","date_gmt":"2021-08-24T01:15:13","guid":{"rendered":"https:\/\/oportundev3.wpengine.com\/?page_id=14912"},"modified":"2025-02-14T12:24:29","modified_gmt":"2025-02-14T20:24:29","slug":"pago-automatico-ac","status":"publish","type":"page","link":"https:\/\/oportun.com\/es\/terminos-y-condiciones\/pago-automatico-ac\/","title":{"rendered":"Autopay AC"},"content":{"rendered":"","protected":false},"excerpt":{"rendered":"","protected":false},"author":5,"featured_media":0,"parent":14220,"menu_order":0,"comment_status":"closed","ping_status":"closed","template":"templates\/flexible.php","meta":{"_acf_changed":false,"footnotes":""},"folder":[],"class_list":["post-14912","page","type-page","status-publish","hentry"],"acf":{"blocks":[{"acf_fc_layout":"content_block","settings":{"name":"","columns":"1","display":"auto","background":"none","image_placement":"auto","padding":"","ab_component":"","ab_test_type":""},"blocks":[{"acf_fc_layout":"content","content_title":"","block_settings":{"disabled":"No"},"description":"<h1>Autopay AC<\/h1>\r\n<h2>T\u00c9RMINOS PARA LA PROMOCI\u00d3N DE PAGOS AUTOM\u00c1TICOS<\/h2>\r\n<h3>Cr\u00e9dito en cuenta<\/h3>\r\nApril 17, 2020\r\n\r\nUsted podr\u00eda recibir un cr\u00e9dito en cuenta de $25 (\u201cPremio\u201d) por inscribirse en el plan de pago autom\u00e1tico recurrente (\u201cRACH\u201d) de Oportun para su pr\u00e9stamo personal de Oportun, sujeto a los t\u00e9rminos y condiciones que se detallan m\u00e1s adelante. Oportun tiene derecho a modificar o discontinuar este Programa en cualquier momento, a su criterio. Para los prop\u00f3sitos de este Programa:\r\n<ul>\r\n \t<li>\u201cCuenta\u201d se define como su pr\u00e9stamo personal con Oportun.<\/li>\r\n \t<li>\u201cCr\u00e9dito\u201d es un d\u00e9bito autom\u00e1tico que aplica Oportun al monto capital adeudado en su Cuenta.<\/li>\r\n \t<li>Los \u201cParticipantes\u201d son los clientes de Oportun que:\r\n<ol>\r\n \t<li>tienen una Cuenta vigente al momento de la inscripci\u00f3n en el plan RACH con Oportun;<\/li>\r\n \t<li>se inscriben en el servicio de cuenta en l\u00ednea y en el plan RACH dentro del tiempo especificado en respuesta a una oferta de Oportun;<\/li>\r\n \t<li>tienen al menos tres meses hasta la fecha de vencimiento en su Cuenta cuando se inscriben en el plan RACH, despu\u00e9s de haber recibido la oferta del Programa de Pago;<\/li>\r\n \t<li>nunca se han inscrito anteriormente en el plan RACH con Oportun; y<\/li>\r\n \t<li>no refinancian su pr\u00e9stamo durante el Programa.<\/li>\r\n<\/ol>\r\n<\/li>\r\n \t<li>\u201cPrograma de Pago\u201d o \u201cPrograma\u201d se define como la invitaci\u00f3n a inscribirse en los pagos RACH para recibir un Premio espec\u00edfico.<\/li>\r\n \t<li>\u201cPremio\u201d se define como un Cr\u00e9dito de $25 en su Cuenta.<\/li>\r\n<\/ul>\r\nAl participar en el Programa, los Participantes aceptan estos t\u00e9rminos y condiciones. Este Programa no es v\u00e1lido donde la ley lo proh\u00edba.\r\n\r\nSi Oportun modifica los t\u00e9rminos de este Programa, se publicar\u00e1n los nuevos t\u00e9rminos en el sitio de Internet\u00a0<a href=\"o\/es\/terminos-y-condiciones\/\r\n\/autopay-ac\" target=\"_blank\" rel=\"noopener\" data-event_tracking=\"link click\" data-event_tracking_label=\"Oportun.com\/es\/terminos-y-condiciones\/\r\n\/autopay-ac \" data-event_tracking_section=\"intro intro-padding\">Oportun.com\/es\/terminos-y-condiciones\/\r\n\/autopay-ac\u00a0<\/a>, con vigencia a partir del momento de su publicaci\u00f3n. La participaci\u00f3n continua en el Programa de Pago despu\u00e9s de cualquier modificaci\u00f3n se considerar\u00e1 un consentimiento de dicha modificaci\u00f3n. Si el Programa se cancela, Oportun respetar\u00e1 los Premios ganados durante 30 d\u00edas posteriores a la cancelaci\u00f3n para aquellos Participantes que cumplan con los t\u00e9rminos del Programa dentro de ese per\u00edodo de 30 d\u00edas. Las disputas y reclamaciones relacionadas con el Programa deben enviarse dentro de los 60 d\u00edas de la cancelaci\u00f3n para que se consideren.\r\n<h4>As\u00ed es c\u00f3mo usted recibir\u00e1 el Premio de $25:<\/h4>\r\n<ol>\r\n \t<li>El Participante primero debe inscribirse en el plan de pagos RACH de Oportun para realizar los pagos m\u00ednimos requeridos programados en la Cuenta del Participante antes de la fecha de vencimiento del pago, visitando una localidad de Oportun que participe, llamando al\u00a0<a href=\"tel:+18553145927\" data-event_tracking=\"link click\" data-event_tracking_label=\"855-314-5927\" data-event_tracking_section=\"intro intro-padding\">855-314-5927<\/a>\u00a0para hablar con un agente o inscribi\u00e9ndose en l\u00ednea en\u00a0<a href=\"https:\/\/account.oportun.com\/services\" data-event_tracking=\"link click\" data-event_tracking_label=\"account.Oportun.com\/services\" data-event_tracking_section=\"intro intro-padding\">account.Oportun.com\/services<\/a>.<\/li>\r\n \t<li>El Participante debe realizar dos pagos por RACH que no sean rechazados por ning\u00fan motivo.<\/li>\r\n \t<li>La cuenta del Participante debe permanecer al d\u00eda al momento de emitir el Premio; caso contrario, se perder\u00e1.<\/li>\r\n<\/ol>\r\nLos empleados de Oportun no son elegibles para este Programa. Los Premios no son transferibles. Los Premios no est\u00e1n disponibles como pagos en efectivo. El Premio se emitir\u00e1 en forma de cr\u00e9dito en el saldo de capital de la Cuenta del Participante dentro de cuatro a seis semanas despu\u00e9s de realizar dos pagos recurrentes autom\u00e1ticos. Si la cuenta se ha pagado en su totalidad al momento de la emisi\u00f3n del Premio, el Premio se otorgar\u00e1 en otro formato a criterio de Oportun. A su criterio, Oportun puede prohibir la participaci\u00f3n de un Participante en el Programa o la recepci\u00f3n del Premio si determina que dicho Participante intenta socavar la imparcialidad, integridad u operaci\u00f3n leg\u00edtima de la oferta de cualquier manera.\r\n\r\nLos participantes aceptan liberar, eximir y mantener indemne a Oportun y sus respectivos directores, funcionarios, empleados, agencias de promoci\u00f3n y cesionarios de cualquier reclamaci\u00f3n, da\u00f1o y responsabilidad provocada, o supuestamente provocada, por la participaci\u00f3n en este Programa, o por el uso o canje de cualquier Premio. En caso de discrepancia o inconsistencia entre las divulgaciones u otras declaraciones contenidas en cualquier material del Programa y estos t\u00e9rminos y condiciones, los t\u00e9rminos y condiciones prevalecer\u00e1n, regir\u00e1n y gobernar\u00e1n. Oportun no ser\u00e1 responsable de ning\u00fan error tipogr\u00e1fico ni de ning\u00fan otro tipo presente en la impresi\u00f3n del Programa o su administraci\u00f3n. Este Programa, y estos t\u00e9rminos y condiciones ser\u00e1n interpretados de acuerdo con las leyes de\u00a0<strong>California<\/strong>\u00a0sin cuestionar sus normas de conflictos de leyes. La jurisdicci\u00f3n y competencia ser\u00e1 v\u00e1lida \u00fanicamente dentro del estado de\u00a0<strong>California<\/strong>. Oportun se reserva el derecho a cancelar o cambiar esta oferta en cualquier momento. Comun\u00edquese con nosotros a nuestra l\u00ednea gratuita al\u00a0<a href=\"tel:+18553145927\" data-event_tracking=\"link click\" data-event_tracking_label=\"855-314-5927\" data-event_tracking_section=\"intro intro-padding\">855-314-5927<\/a>\u00a0si tiene alguna pregunta en relaci\u00f3n a estos t\u00e9rminos y condiciones.\r\n\r\n<strong>Privacidad:<\/strong> La informaci\u00f3n personal que usted presenta cuando participa en este Programa estar\u00e1 sujeta a la Pol\u00edtica de privacidad de Oportun (la \u201cPol\u00edtica\u201d). Para obtener una copia de dicha Pol\u00edtica, visite el sitio de Internet del Oportun: <a href=\"https:\/\/oportun.com\/es\/privacidad\/politica-de-privacidad\/\">https:\/\/oportun.com\/es\/privacidad\/politica-de-privacidad\/<\/a>, o llame al <a href=\"tel:+18553145927\" data-event_tracking=\"link click\" data-event_tracking_label=\"855-314-5927\" data-event_tracking_section=\"intro intro-padding\">855-314-5927<\/a>\u00a0y solicite una copia de la Pol\u00edtica de privacidad de Oportun.\r\n\r\nPresentado por Oportun, Inc.\/Oportun LLC.,"}]}]},"_links":{"self":[{"href":"https:\/\/oportun.com\/es\/wp-json\/wp\/v2\/pages\/14912","targetHints":{"allow":["GET"]}}],"collection":[{"href":"https:\/\/oportun.com\/es\/wp-json\/wp\/v2\/pages"}],"about":[{"href":"https:\/\/oportun.com\/es\/wp-json\/wp\/v2\/types\/page"}],"author":[{"embeddable":true,"href":"https:\/\/oportun.com\/es\/wp-json\/wp\/v2\/users\/5"}],"replies":[{"embeddable":true,"href":"https:\/\/oportun.com\/es\/wp-json\/wp\/v2\/comments?post=14912"}],"version-history":[{"count":0,"href":"https:\/\/oportun.com\/es\/wp-json\/wp\/v2\/pages\/14912\/revisions"}],"up":[{"embeddable":true,"href":"https:\/\/oportun.com\/es\/wp-json\/wp\/v2\/pages\/14220"}],"wp:attachment":[{"href":"https:\/\/oportun.com\/es\/wp-json\/wp\/v2\/media?parent=14912"}],"wp:term":[{"taxonomy":"folder","embeddable":true,"href":"https:\/\/oportun.com\/es\/wp-json\/wp\/v2\/folder?post=14912"}],"curies":[{"name":"wp","href":"https:\/\/api.w.org\/{rel}","templated":true}]}}