{"id":14909,"date":"2021-08-24T01:07:39","date_gmt":"2021-08-24T01:07:39","guid":{"rendered":"https:\/\/oportundev3.wpengine.com\/?page_id=14909"},"modified":"2025-02-14T12:23:26","modified_gmt":"2025-02-14T20:23:26","slug":"pago-automatico-gc","status":"publish","type":"page","link":"https:\/\/oportun.com\/es\/terminos-y-condiciones\/pago-automatico-gc\/","title":{"rendered":"Autopay GC"},"content":{"rendered":"","protected":false},"excerpt":{"rendered":"","protected":false},"author":5,"featured_media":0,"parent":14220,"menu_order":0,"comment_status":"closed","ping_status":"closed","template":"templates\/flexible.php","meta":{"_acf_changed":false,"footnotes":""},"folder":[],"class_list":["post-14909","page","type-page","status-publish","hentry"],"acf":{"blocks":[{"acf_fc_layout":"content_block","settings":{"name":"","columns":"1","display":"auto","background":"none","image_placement":"auto","padding":"","ab_component":"","ab_test_type":""},"blocks":[{"acf_fc_layout":"content","content_title":"","block_settings":{"disabled":"No"},"description":"<h1>Autopay GC<\/h1>\r\n<h2>T\u00c9RMINOS PARA LA PROMOCI\u00d3N DE PAGOS AUTOM\u00c1TICOS<\/h2>\r\n<h3>Tarjeta de regalo<\/h3>\r\nEl 17 de april de 2020\r\n\r\nUsted podr\u00eda recibir una tarjeta de regalo de $25 (\u201cPremio\u201d\u201d) por inscribirse en el plan de pago autom\u00e1tico recurrente (\u201cRACH\u201d) de Oportun para su pr\u00e9stamo personal de Oportun (\u201cCuenta\u201d), sujeto a los t\u00e9rminos y condiciones que se detallan m\u00e1s adelante. Oportun tiene derecho a modificar o discontinuar este Programa en cualquier momento, a su criterio. Para los prop\u00f3sitos de este Programa:\r\n<ul>\r\n \t<li>\u201cCuenta\u201d se define como su pr\u00e9stamo personal con Oportun.<\/li>\r\n \t<li>\u201cRACH\u201d es un plan de pago autom\u00e1tico en el que usted puede inscribirse con Oportun para debitar autom\u00e1ticamente los pagos programados de su pr\u00e9stamo desde una cuenta de dep\u00f3sito especificada a trav\u00e9s de d\u00e9bitos electr\u00f3nicos recurrentes iniciados por Oportun con su autorizaci\u00f3n.<\/li>\r\n \t<li>Los \u201cParticipantes\u201d son los clientes de Oportun que:<\/li>\r\n<\/ul>\r\n<ul>\r\n \t<li>\r\n<ol>\r\n \t<li>tienen una Cuenta vigente al momento de la inscripci\u00f3n en el plan RACH con Oportun;<\/li>\r\n \t<li>se inscriben en el servicio de cuenta en l\u00ednea y en el plan RACH dentro del tiempo especificado en respuesta a una oferta de Oportun;<\/li>\r\n \t<li>tienen al menos tres meses hasta la fecha de vencimiento en su Cuenta cuando se inscriben en el plan RACH, despu\u00e9s de haber recibido la oferta del Programa de Pago;<\/li>\r\n \t<li>nunca se han inscrito anteriormente en el plan RACH con Oportun; y<\/li>\r\n \t<li>no refinancian su pr\u00e9stamo durante el Programa.<\/li>\r\n<\/ol>\r\n<\/li>\r\n<\/ul>\r\n<ul>\r\n \t<li>\u201cPrograma de Pago\u201d o \u201cPrograma\u201d se define como la invitaci\u00f3n a inscribirse en los pagos RACH para recibir un Premio espec\u00edfico.<\/li>\r\n \t<li>\u201cPremio\u201d se define como una tarjeta Tango Card de $25 que se env\u00eda a su direcci\u00f3n de correo electr\u00f3nico y le brinda acceso a m\u00e1s de 100 tiendas minoristas, o a una tarjeta de regalo Visa<sup>\u00ae<\/sup>\u00a0de $25 que se env\u00eda a su hogar.<\/li>\r\n<\/ul>\r\nAl participar en el Programa, los Participantes aceptan estos t\u00e9rminos y condiciones. Este Programa no es v\u00e1lido donde la ley lo proh\u00edba.\r\n\r\nSi Oportun modifica los t\u00e9rminos de este Programa, se publicar\u00e1n los nuevos t\u00e9rminos en el sitio de Internet\u00a0<a href=\"\/es\/terminos-y-condiciones\/\r\n\/autopay-gc\" data-event_tracking=\"link click\" data-event_tracking_label=\"Oportun.com\/es\/terminos-y-condiciones\/\r\n\/autopay-gc\" data-event_tracking_section=\"intro intro-padding\">Oportun.com\/es\/terminos-y-condiciones\/\r\n\/autopay-gc<\/a>, con vigencia a partir del momento de su publicaci\u00f3n. La participaci\u00f3n continua en el Programa de Pago despu\u00e9s de cualquier modificaci\u00f3n se considerar\u00e1 un consentimiento de dicha modificaci\u00f3n. Si el Programa se cancela, Oportun respetar\u00e1 los Premios ganados durante 30 d\u00edas posteriores a la cancelaci\u00f3n para aquellos Participantes que cumplan con los t\u00e9rminos del Programa dentro de ese per\u00edodo de 30 d\u00edas. Las disputas y reclamaciones relacionadas con el Programa deben enviarse dentro de los 60 d\u00edas de la cancelaci\u00f3n para que se consideren.\r\n<h4>As\u00ed es c\u00f3mo usted recibir\u00e1 la tarjeta de regalo de $25 como Premio:<\/h4>\r\n<ol>\r\n \t<li>El Participante primero debe inscribirse en el plan de pagos RACH de Oportun para realizar los pagos m\u00ednimos requeridos programados en la Cuenta del Participante antes de la fecha de vencimiento del pago, visitando una localidad de Oportun que participe, llamando al\u00a0<a href=\"tel:+18553145927\" data-event_tracking=\"link click\" data-event_tracking_label=\"855-314-5927\" data-event_tracking_section=\"intro intro-padding\">855-314-5927<\/a>\u00a0para hablar con un agente o inscribi\u00e9ndose en l\u00ednea en\u00a0<a href=\"https:\/\/account.oportun.com\/services\" data-event_tracking=\"link click\" data-event_tracking_label=\"account.Oportun.com\/services\" data-event_tracking_section=\"intro intro-padding\">account.Oportun.com\/services<\/a>.<\/li>\r\n \t<li>El Participante debe realizar dos pagos por RACH que no sean rechazados por ning\u00fan motivo.<\/li>\r\n \t<li>La cuenta del Participante debe permanecer al d\u00eda al momento de emitir el Premio; caso contrario, se perder\u00e1.<\/li>\r\n \t<li>El Premio puede utilizarse para pagar y reducir el saldo de la Cuenta.<\/li>\r\n<\/ol>\r\nLos empleados de Oportun no son elegibles para este Programa. Los Premios no son transferibles. Los premios no pueden canjearse por dinero en efectivo, est\u00e1n sujetos a todos los t\u00e9rminos y condiciones del emisor, y no se reemplazar\u00e1n en caso de extrav\u00edo, hurto o da\u00f1o. A los participantes que brindan una direcci\u00f3n de correo electr\u00f3nico v\u00e1lida, el Premio se enviar\u00e1 electr\u00f3nicamente a la direcci\u00f3n de correo electr\u00f3nico del destinatario cuatro a seis semanas despu\u00e9s de realizar dos pagos recurrentes autom\u00e1ticos. A los clientes que no brindan una direcci\u00f3n de correo electr\u00f3nico v\u00e1lida, el Premio se enviar\u00e1 a la direcci\u00f3n de correo postal m\u00e1s reciente del Participante. El env\u00edo por correo postal demora entre 6 y 8 semanas despu\u00e9s de la calificaci\u00f3n. No se permite el reemplazo del Premio. A su criterio, Oportun puede prohibir la participaci\u00f3n de un Participante en el Programa o la recepci\u00f3n del Premio si determina que dicho Participante intenta socavar la imparcialidad, integridad u operaci\u00f3n leg\u00edtima de la oferta de cualquier manera.\r\n\r\nLos participantes aceptan liberar, eximir y mantener indemne a Oportun y sus respectivos directores, funcionarios, empleados, agencias de promoci\u00f3n y cesionarios de cualquier reclamaci\u00f3n, da\u00f1o y responsabilidad provocada, o supuestamente provocada, por la participaci\u00f3n en este Programa, o por el uso o canje de cualquier Premio. En caso de discrepancia o inconsistencia entre las divulgaciones u otras declaraciones contenidas en cualquier material del Programa y estos t\u00e9rminos y condiciones, los t\u00e9rminos y condiciones prevalecer\u00e1n, regir\u00e1n y gobernar\u00e1n. Oportun no ser\u00e1 responsable de ning\u00fan error tipogr\u00e1fico ni de ning\u00fan otro tipo presente en la impresi\u00f3n del Programa o su administraci\u00f3n. Oportun no asume responsabilidad alguna por los mensajes de correo electr\u00f3nico que no se hayan podido entregar como consecuencia de un filtro activo o pasivo del proveedor de servicio de Internet y\/o cliente de correo electr\u00f3nico del usuario, ni por espacio insuficiente en la cuenta de correo electr\u00f3nico del usuario para recibir un correo electr\u00f3nico. Este Programa, y estos t\u00e9rminos y condiciones ser\u00e1n interpretados de acuerdo con las leyes de\u00a0<strong>California<\/strong>\u00a0sin cuestionar sus normas de conflictos de leyes. La jurisdicci\u00f3n y competencia ser\u00e1 v\u00e1lida \u00fanicamente dentro del estado de\u00a0<strong>California<\/strong>. Oportun se reserva el derecho a cancelar o cambiar esta oferta en cualquier momento. Comun\u00edquese con nosotros a nuestra l\u00ednea gratuita al\u00a0<a href=\"tel:+18553145927\" data-event_tracking=\"link click\" data-event_tracking_label=\"855-314-5927\" data-event_tracking_section=\"intro intro-padding\">855-314-5927<\/a>\u00a0si tiene alguna pregunta en relaci\u00f3n a estos t\u00e9rminos y condiciones.\r\n\r\n<strong>Privacidad:<\/strong> La informaci\u00f3n personal que usted presenta cuando participa en este Programa estar\u00e1 sujeta a la Pol\u00edtica de privacidad de Oportun (la \u201cPol\u00edtica\u201d). Para obtener una copia de dicha Pol\u00edtica, visite el sitio de Internet del Oportun: <a href=\"https:\/\/oportun.com\/es\/privacidad\/politica-de-privacidad\/\">https:\/\/oportun.com\/es\/privacidad\/politica-de-privacidad\/<\/a>, o llame al\u00a0<a href=\"tel:+18553145927\" data-event_tracking=\"link click\" data-event_tracking_label=\"855-314-5927\" data-event_tracking_section=\"intro intro-padding\">855-314-5927<\/a>\u00a0y solicite una copia de la Pol\u00edtica de privacidad de Oportun. Cualquier dato personal manejado por una agencia o proveedor de Oportun se manejar\u00e1 \u00fanicamente en su nombre y dichos datos se administrar\u00e1n conforme a esta Pol\u00edtica de privacidad. Se ha contratado a Marden-Kane, Inc. y a Zferral, Inc. con el seud\u00f3nimo comercial Ambassador Software (Tango Card) como administradores externos independientes. La informaci\u00f3n del Participante se compartir\u00e1 con Marden-Kane, Inc. y Zferral, Inc. con el seud\u00f3nimo comercial Ambassador Software (Tango Card) con el \u00fanico prop\u00f3sito de la ejecuci\u00f3n del Premio.\r\n\r\nPresentado por Oportun, Inc.\/Oportun LLC., 2 Circle Star Way, San Carlos, CA 94070.\r\n\r\nEste Programa no es patrocinado ni avalado por Tango Card ni Visa<sup>\u00ae<\/sup>."}]}]},"_links":{"self":[{"href":"https:\/\/oportun.com\/es\/wp-json\/wp\/v2\/pages\/14909","targetHints":{"allow":["GET"]}}],"collection":[{"href":"https:\/\/oportun.com\/es\/wp-json\/wp\/v2\/pages"}],"about":[{"href":"https:\/\/oportun.com\/es\/wp-json\/wp\/v2\/types\/page"}],"author":[{"embeddable":true,"href":"https:\/\/oportun.com\/es\/wp-json\/wp\/v2\/users\/5"}],"replies":[{"embeddable":true,"href":"https:\/\/oportun.com\/es\/wp-json\/wp\/v2\/comments?post=14909"}],"version-history":[{"count":0,"href":"https:\/\/oportun.com\/es\/wp-json\/wp\/v2\/pages\/14909\/revisions"}],"up":[{"embeddable":true,"href":"https:\/\/oportun.com\/es\/wp-json\/wp\/v2\/pages\/14220"}],"wp:attachment":[{"href":"https:\/\/oportun.com\/es\/wp-json\/wp\/v2\/media?parent=14909"}],"wp:term":[{"taxonomy":"folder","embeddable":true,"href":"https:\/\/oportun.com\/es\/wp-json\/wp\/v2\/folder?post=14909"}],"curies":[{"name":"wp","href":"https:\/\/api.w.org\/{rel}","templated":true}]}}