{"id":14853,"date":"2021-08-15T23:48:00","date_gmt":"2021-08-15T23:48:00","guid":{"rendered":"https:\/\/oportundev3.wpengine.com\/?page_id=14853"},"modified":"2025-12-16T12:22:59","modified_gmt":"2025-12-16T20:22:59","slug":"prestamo","status":"publish","type":"page","link":"https:\/\/oportun.com\/es\/prestamo\/","title":{"rendered":"Ad Landing Page: DM Loan"},"content":{"rendered":"","protected":false},"excerpt":{"rendered":"","protected":false},"author":5,"featured_media":0,"parent":0,"menu_order":0,"comment_status":"closed","ping_status":"closed","template":"templates\/flexible.php","meta":{"_acf_changed":false,"footnotes":""},"folder":[],"class_list":["post-14853","page","type-page","status-publish","hentry"],"acf":{"blocks":[{"acf_fc_layout":"content_block","settings":{"name":"","columns":"2","display":"auto","background":"none","image_placement":"auto","padding":"","section_language_toggle":"no","ab_component":"","ab_test_type":""},"blocks":[{"acf_fc_layout":"content","content_title":"","block_settings":{"disabled":"No"},"description":"<h1>Pr\u00e9stamos personales\r\n<em><strong>accesibles<\/strong><\/em><\/h1>\r\n<span>Est\u00e1s precalificado. Acepta tu oferta para un pr\u00e9stamo personal de $300 a $6,000 con pagos fijos y accesibles, y sin penalidades por prepago<\/span>\r\n<p style=\"text-align: left;\"><a href=\"https:\/\/apply.oportun.com\/home\/?lang=es\" class=\"button\" data-event_tracking=\"button click\" data-event_tracking_section=\"hero\" data-event_tracking_label=\"Accept offer\">Acepta ahora<\/a><\/p>\r\n\r\nMontos t\u00edpicos de pr\u00e9stamos abajo. <a href=\"#general-product-terms\">Ver condiciones<\/a>"},{"acf_fc_layout":"image","block_settings":{"disabled":"No"},"asset":2782166,"asset_mobile":null,"alt":"","border_radius_enabled":"yes","disabled_img_mobile":"no","youtube_embed_url":"","autoplay_video":false,"image_link_to":null,"lazy_load":false}]},{"acf_fc_layout":"content_block","settings":{"name":"","columns":"1","display":"auto","background":"light-gray","image_placement":"auto","padding":"","section_language_toggle":"no","ab_component":"","ab_test_type":""},"blocks":[{"acf_fc_layout":"list","block_settings":{"disabled":"No"},"settings":{"list_type":"horizontal_list","list_style":"badge","icon":{"source":""},"title":"","automatic_scrolling":false,"autoscrolling_speed":"mod","card_background":"default","icon_color":"default"},"items":null,"blocks":[{"acf_fc_layout":"badge","image":2418602,"label":"[impact name=\"accolade1\" number=\u201dfalse\u201d description=\"true\"]","link":"","alt_text":""},{"acf_fc_layout":"badge","image":2608029,"label":"[impact name=\"accolade2\" number=\u201dfalse\u201d description=\"true\"]","link":"","alt_text":""},{"acf_fc_layout":"badge","image":2608031,"label":"[impact name=\"accolade3\" number=\u201dfalse\u201d description=\"true\"]","link":"","alt_text":""}],"icon_settings":{"desktop_aligment":"center","mobile_aligment":"center","if_no_icon_selected_left_space":false}}]},{"acf_fc_layout":"content_block","settings":{"name":"","columns":"2","display":"auto","background":"none","image_placement":"left","padding":"","section_language_toggle":"no","ab_component":"","ab_test_type":""},"blocks":[{"acf_fc_layout":"image","block_settings":{"disabled":"No"},"asset":2782990,"asset_mobile":null,"alt":"","border_radius_enabled":"yes","disabled_img_mobile":"no","youtube_embed_url":"","autoplay_video":false,"image_link_to":null,"lazy_load":true},{"acf_fc_layout":"list","block_settings":{"disabled":"No"},"settings":{"list_type":"list","list_style":"bullet","icon":{"source":""},"title":"","automatic_scrolling":false,"autoscrolling_speed":"mod","card_background":"default","icon_color":"default"},"items":[{"icon":"0","custom_bullet":"","border_around_icon":"border-none","custom_bullet_color":"black","title":"","text":"<h2>\u00bfPor qu\u00e9 Oportun?<\/h2>","text_border":"none","stars":"","author":""},{"icon":"savings-bonus","custom_bullet":"","border_around_icon":"border-none","custom_bullet_color":"black","title":"","text":"<strong>Accesible<\/strong>\r\nPaga menos y recibe m\u00e1s, comparado con prestamistas que no son bancos. <a href=\"#true-cost-of-a-loan\">Leer m\u00e1s<\/a>","text_border":"none","stars":"","author":""},{"icon":"depositcheck","custom_bullet":"","border_around_icon":"border-none","custom_bullet_color":"black","title":"","text":"<strong>Fundos r\u00e1pidos<\/strong>\r\nCon dep\u00f3sito directo","text_border":"none","stars":"","author":""},{"icon":"smiley","custom_bullet":"","border_around_icon":"border-none","custom_bullet_color":"black","title":"","text":"<strong>De confianza<\/strong>\r\n[impact name=\"NPS\" number=\u201d\u201d description=\"false\"] miembros recomendar\u00edan Oportun a su familia y amigos. <a href=\"#nps-terms\">Leer m\u00e1s<\/a>","text_border":"none","stars":"","author":""}],"blocks":null,"icon_settings":{"desktop_aligment":"center","mobile_aligment":"center","if_no_icon_selected_left_space":false}}]},{"acf_fc_layout":"content_block","settings":{"name":"","columns":"1","display":"auto","background":"light-gray","image_placement":"auto","padding":"","section_language_toggle":"no","ab_component":"","ab_test_type":""},"blocks":[{"acf_fc_layout":"content","content_title":"","block_settings":{"disabled":"No"},"description":"<h2 style=\"text-align: center;\">\u00bfQuieres saber lo que piensan otros?<\/h2>\r\n<p style=\"text-align: center;\">[impact name=\"Google rating\" number=\u201d\u201d description=\"true\"]<\/p>\r\n<p style=\"text-align: center;\"><a href=\"\/es\/resenas\/\" data-event_tracking=\"link click\" data-event_tracking_section=\"body\" data-event_tracking_label=\"Read more\">Leer m\u00e1s<\/a><\/p>"},{"acf_fc_layout":"list","block_settings":{"disabled":"No"},"settings":{"list_type":"horizontal_list","list_style":"testimonial","icon":{"source":""},"title":"","automatic_scrolling":false,"autoscrolling_speed":"mod","card_background":"default","icon_color":"default"},"items":null,"blocks":[{"acf_fc_layout":"testimonial","quote":"\u00a1Los empleados son muy amables y serviciales!","author":"Leticia Yniguez","stars":"5","source":"Google","source_link":"https:\/\/search.google.com\/local\/reviews?placeid=ChIJGRY4orddlIARLbUEsqvhdcU"},{"acf_fc_layout":"testimonial","quote":"\u00a1Los empleados son muy amables y serviciales!","author":"Sabrina Campos","stars":"5","source":"Google","source_link":"https:\/\/search.google.com\/local\/reviews?placeid=ChIJGxm__pNXwoARXG5sI0DfD8Y"},{"acf_fc_layout":"testimonial","quote":"R\u00e1pidos para ayudar, ponen inter\u00e9s y son atentos.","author":"mobilewarner351","stars":"5","source":"Google","source_link":"https:\/\/search.google.com\/local\/reviews?placeid=ChIJ1Ze-Hy2x3IAROAhkwDb4Wd0"}],"icon_settings":{"desktop_aligment":"center","mobile_aligment":"center","if_no_icon_selected_left_space":false}}]},{"acf_fc_layout":"content_block","settings":{"name":"","columns":"1","display":"auto","background":"none","image_placement":"right","padding":"","section_language_toggle":"no","ab_component":"","ab_test_type":""},"blocks":[{"acf_fc_layout":"content","content_title":"","block_settings":{"disabled":"No"},"description":"<h2>Esto es todo<\/h2>\r\n<span>\u00bfTodav\u00eda tienes preguntas? Aqu\u00ed hay algunas que ya hemos respondido.<\/span>"},{"acf_fc_layout":"list","block_settings":{"disabled":"No"},"settings":{"list_type":"accordion","list_style":"stacked","icon":{"source":""},"title":"FAQ","automatic_scrolling":false,"autoscrolling_speed":"mod","card_background":"default","icon_color":"default"},"items":[{"icon":"message-bubble","custom_bullet":"","border_around_icon":"border-none","custom_bullet_color":"black","title":"\u00bfQu\u00e9 es un pr\u00e9stamo personal?","text":"<span>Un pr\u00e9stamo personal te proporciona cierto monto de dinero que se paga en determinado periodo de tiempo. El dinero puede usarse para una gran cantidad de gastos personales.<\/span>","text_border":"none","stars":"","author":""},{"icon":"phone-call","custom_bullet":"","border_around_icon":"border-none","custom_bullet_color":"black","title":"\u00bfQu\u00e9 factores consideran al otorgar un pr\u00e9stamo?","text":"<span>Sabemos que Ud. es m\u00e1s que un conjunto de n\u00fameros o un puntaje de cr\u00e9dito. Si cuenta con historial de cr\u00e9dito, nos fijaremos en eso, pero tambi\u00e9n tomamos en cuenta otra informaci\u00f3n. Incluso podemos aprobarlo aunque haya pasado por una quiebra.<\/span>","text_border":"none","stars":"","author":""}],"blocks":null,"icon_settings":{"desktop_aligment":"center","mobile_aligment":"center","if_no_icon_selected_left_space":false}}]},{"acf_fc_layout":"content_block","settings":{"name":"","columns":"1","display":"auto","background":"black","image_placement":"auto","padding":"","section_language_toggle":"no","ab_component":"","ab_test_type":""},"blocks":[{"acf_fc_layout":"content","content_title":"","block_settings":{"disabled":"No"},"description":"<h2 style=\"text-align: center;\">Nuestros miembros han ahorrado\r\n<span class=\"highlighted\">[impact name=\"Aggregate savings\" number=\u201d\u201d description=\"false\"]<\/span>\r\nen intereses y tarifas<\/h2>\r\n<p style=\"text-align: center;\"><a href=\"https:\/\/apply.oportun.com\/home\/?lang=es\" class=\"button\" data-event_tracking=\"button click\" data-event_tracking_section=\"body\" data-event_tracking_label=\"Apply now\">Aplica ahora<\/a><\/p>"}]}]},"_links":{"self":[{"href":"https:\/\/oportun.com\/es\/wp-json\/wp\/v2\/pages\/14853","targetHints":{"allow":["GET"]}}],"collection":[{"href":"https:\/\/oportun.com\/es\/wp-json\/wp\/v2\/pages"}],"about":[{"href":"https:\/\/oportun.com\/es\/wp-json\/wp\/v2\/types\/page"}],"author":[{"embeddable":true,"href":"https:\/\/oportun.com\/es\/wp-json\/wp\/v2\/users\/5"}],"replies":[{"embeddable":true,"href":"https:\/\/oportun.com\/es\/wp-json\/wp\/v2\/comments?post=14853"}],"version-history":[{"count":0,"href":"https:\/\/oportun.com\/es\/wp-json\/wp\/v2\/pages\/14853\/revisions"}],"wp:attachment":[{"href":"https:\/\/oportun.com\/es\/wp-json\/wp\/v2\/media?parent=14853"}],"wp:term":[{"taxonomy":"folder","embeddable":true,"href":"https:\/\/oportun.com\/es\/wp-json\/wp\/v2\/folder?post=14853"}],"curies":[{"name":"wp","href":"https:\/\/api.w.org\/{rel}","templated":true}]}}