{"id":143456,"date":"2022-07-15T14:56:38","date_gmt":"2022-07-15T21:56:38","guid":{"rendered":"https:\/\/oportundev3.wpengine.com\/?page_id=143456"},"modified":"2024-11-07T11:58:12","modified_gmt":"2024-11-07T19:58:12","slug":"plataforma-empresarial-de-oportun","status":"publish","type":"page","link":"https:\/\/oportun.com\/es\/plataforma-empresarial-de-oportun\/","title":{"rendered":"Oportun Enterprise Platform"},"content":{"rendered":"","protected":false},"excerpt":{"rendered":"","protected":false},"author":3,"featured_media":0,"parent":0,"menu_order":0,"comment_status":"closed","ping_status":"closed","template":"templates\/flexible.php","meta":{"_acf_changed":false,"footnotes":""},"folder":[],"class_list":["post-143456","page","type-page","status-publish","hentry"],"acf":{"blocks":[{"acf_fc_layout":"content_block","settings":{"name":"","columns":"1","display":"auto","background":"none","image_placement":"auto","padding":"","ab_component":"","ab_test_type":""},"blocks":[{"acf_fc_layout":"content","content_title":"","block_settings":{"disabled":"No"},"description":"<h1>Plataforma Empresarial de Oportun<\/h1>\r\n<div><span>La Plataforma Empresarial de Oportun ofrece a los asociados la facilidad de expandir los productos que ofrecen, ampliar su base de clientes y conectar a los clientes a servicios financieros a trav\u00e9s de LaaS (Pr\u00e9stamos como Servicio\/Lending as a Service) o soluciones financieras integradas.<\/span><\/div>"}]},{"acf_fc_layout":"content_block","settings":{"name":"","columns":"1","display":"auto","background":"light-gray","image_placement":"auto","padding":"","ab_component":"","ab_test_type":""},"blocks":[{"acf_fc_layout":"content","content_title":"","block_settings":{"disabled":"No"},"description":"<h2><span>LaaS<\/span><\/h2>\r\nDa a tus clientes una raz\u00f3n adicional para regresar contigo con las opciones escalables de LaaS. Mejora r\u00e1pida y f\u00e1cilmente los productos que ofreces al mezclar y combinar nuestro men\u00fa:\r\n&nbsp;"},{"acf_fc_layout":"list","block_settings":{"disabled":"No"},"settings":{"list_type":"horizontal_list","list_style":"fragment","icon":{"source":""},"title":"","automatic_scrolling":false,"autoscrolling_speed":"mod","card_background":"default","icon_color":"default"},"items":[{"icon":"0","custom_bullet":"","border_around_icon":"border-none","custom_bullet_color":"black","title":"","text":"<strong>Quickstart:<\/strong>\r\n\r\nCon nuestro sencillo programa LaaS Quickstart, puedes ofrecer a tus clientes acceso a pr\u00e9stamos personales y otros servicios financieros. Usando nuestra soluci\u00f3n de mercadeo de marca compartida, tus clientes pueden aplicar directamente con Oportun cuando necesiten un pr\u00e9stamo. Nosotros te damos los materiales que necesitas para que tu programa sea un \u00e9xito.","text_border":"none","stars":"","author":""},{"icon":"0","custom_bullet":"","border_around_icon":"border-none","custom_bullet_color":"black","title":"","text":"<strong>Lite:<\/strong><span> <\/span>\r\n\r\nOfrece a tus clientes acceso a pr\u00e9stamos accesibles sin sobrecargar a tu equipo. LaaS Lite se integra a tu manera de hacer transacciones usando una API (Interfaz de programaci\u00f3n de aplicaciones) que captura unas cuantas piezas de informaci\u00f3n cuando un cliente est\u00e1 interesado en un pr\u00e9stamo. A partir de ah\u00ed, la solicitud se env\u00eda a Oportun y nosotros nos encargamos del resto. Esta experiencia compartida entre dos marcas aprovecha el conocimiento de nuestro equipo de expertos para que el tuyo no tenga ninguna labor adicional.","text_border":"none","stars":"","author":""},{"icon":"0","custom_bullet":"","border_around_icon":"border-none","custom_bullet_color":"black","title":"","text":"<strong>Complete:<\/strong>\r\n\r\n\u00bfYa ofreces servicios financieros? Agrega pr\u00e9stamos personales a tu paquete de productos y expande tu cat\u00e1logo de clientela para incluir a los clientes con poco o ning\u00fan cr\u00e9dito. Nuestra soluci\u00f3n totalmente integrada de pr\u00e9stamos ofrece opciones flexibles para tu marca y atenci\u00f3n al cliente que se ajustan a tus necesidades.","text_border":"none","stars":"","author":""}],"blocks":null,"icon_settings":{"desktop_aligment":"center","mobile_aligment":"center","if_no_icon_selected_left_space":false}}]},{"acf_fc_layout":"content_block","settings":{"name":"","columns":"1","display":"auto","background":"light-gray","image_placement":"auto","padding":"","ab_component":"","ab_test_type":""},"blocks":[{"acf_fc_layout":"content","content_title":"","block_settings":{"disabled":"No"},"description":"<h3>Cont\u00e1ctanos<\/h3>\r\nEnv\u00ede un correo electr\u00f3nico a Chris Liu, VP\r\n\r\n<a href=\"mailto:chris.liu@oportun.com\">Chris.Liu@Oportun.com<\/a>"}]},{"acf_fc_layout":"content_block","settings":{"name":"","columns":"1","display":"auto","background":"black","image_placement":"auto","padding":"","ab_component":"","ab_test_type":""},"blocks":[{"acf_fc_layout":"content","content_title":"","block_settings":{"disabled":"No"},"description":"<h2 style=\"text-align: center;\">No importa cu\u00e1n grande o peque\u00f1o sea tu sue\u00f1o, podemos ayudarte a lograrlo<\/h2>"}]}]},"_links":{"self":[{"href":"https:\/\/oportun.com\/es\/wp-json\/wp\/v2\/pages\/143456","targetHints":{"allow":["GET"]}}],"collection":[{"href":"https:\/\/oportun.com\/es\/wp-json\/wp\/v2\/pages"}],"about":[{"href":"https:\/\/oportun.com\/es\/wp-json\/wp\/v2\/types\/page"}],"author":[{"embeddable":true,"href":"https:\/\/oportun.com\/es\/wp-json\/wp\/v2\/users\/3"}],"replies":[{"embeddable":true,"href":"https:\/\/oportun.com\/es\/wp-json\/wp\/v2\/comments?post=143456"}],"version-history":[{"count":0,"href":"https:\/\/oportun.com\/es\/wp-json\/wp\/v2\/pages\/143456\/revisions"}],"wp:attachment":[{"href":"https:\/\/oportun.com\/es\/wp-json\/wp\/v2\/media?parent=143456"}],"wp:term":[{"taxonomy":"folder","embeddable":true,"href":"https:\/\/oportun.com\/es\/wp-json\/wp\/v2\/folder?post=143456"}],"curies":[{"name":"wp","href":"https:\/\/api.w.org\/{rel}","templated":true}]}}