{"id":14314,"date":"2021-07-29T20:57:02","date_gmt":"2021-07-29T20:57:02","guid":{"rendered":"https:\/\/oportundev3.wpengine.com\/refer\/"},"modified":"2026-04-15T17:12:26","modified_gmt":"2026-04-16T00:12:26","slug":"referir","status":"publish","type":"page","link":"https:\/\/oportun.com\/es\/referir\/","title":{"rendered":"Ad Landing Page: CLM Refer"},"content":{"rendered":"","protected":false},"excerpt":{"rendered":"","protected":false},"author":3,"featured_media":0,"parent":0,"menu_order":0,"comment_status":"closed","ping_status":"closed","template":"templates\/flexible.php","meta":{"_acf_changed":false,"footnotes":""},"folder":[],"class_list":["post-14314","page","type-page","status-publish","hentry"],"acf":{"blocks":[{"acf_fc_layout":"content_block","settings":{"name":"Hero","columns":"2","display":"auto","background":"none","image_placement":"auto","padding":"","section_language_toggle":"no","ab_component":"","ab_test_type":""},"blocks":[{"acf_fc_layout":"content","content_title":"","block_settings":{"disabled":"No"},"description":"<p class=\"rounded_label\"><strong>Por tiempo limitado<\/strong><\/p>\r\n\r\n<h1><em>Triplica tu bono<\/em>\u2028con cada referido: $25, $75 y $225<\/h1>\r\nGana m\u00e1s que nunca al referir a tus amigos a Oportun. Desde ahora y hasta el 30 de junio, triplicaremos tu bono por cada nuevo amigo que obtenga su primer pr\u00e9stamo con nosotros.\r\nEso significa que ganar\u00e1s $25 despu\u00e9s de tu primer referido exitoso, $75 despu\u00e9s del segundo y $225 despu\u00e9s del tercero. Adem\u00e1s, cada amigo que refieras tambi\u00e9n ganar\u00e1 $25.\r\n<p style=\"text-align: left;\">[button href=\"https:\/\/account.oportun.com\/services\/\" data-event_tracking=\"button click\" data-event_tracking_section=\"hero\" data-event_tracking_label=\"Get your code\"][CTAText label=\"Obtener c\u00f3digo\"][\/button]<\/p>\r\n\r\n<div class=\"gfooter__disclaimers small-text\" style=\"padding-top: 0;\"><span style=\"color: #333333;\">Ver\u00a0<a style=\"color: #333333; text-decoration: underline;\" href=\"#referral-program\">los t\u00e9rminos para referencia<\/a><\/span><\/div>"},{"acf_fc_layout":"image","block_settings":{"disabled":"No"},"asset":2788068,"asset_mobile":null,"alt":"","border_radius_enabled":"yes","disabled_img_mobile":"no","youtube_embed_url":"","autoplay_video":false,"image_link_to":null,"lazy_load":false}]},{"acf_fc_layout":"content_block","settings":{"name":"","columns":"1","display":"auto","background":"light-gray","image_placement":"auto","padding":"","section_language_toggle":"no","ab_component":"","ab_test_type":""},"blocks":[{"acf_fc_layout":"content","content_title":"","block_settings":{"disabled":"No"},"description":"<h2 style=\"text-align: center;\">Triplica tu bono en tres pasos<\/h2>"},{"acf_fc_layout":"list","block_settings":{"disabled":"No"},"settings":{"list_type":"horizontal_list","list_style":"center","icon":{"source":""},"title":"","automatic_scrolling":false,"autoscrolling_speed":"mod","card_background":"default","icon_color":"default"},"items":[{"icon":"0","custom_bullet":"","border_around_icon":"border-none","custom_bullet_color":"black","title":"","text":"<h2 style=\"text-align: center;\">1<\/h2>\r\n<p style=\"text-align: center;\"><strong>Obt\u00e9n tu c\u00f3digo<\/strong><\/p>\r\n<p class=\"h4 \" style=\"text-align: center;\" a=\"\" href=\"https:\/\/account.oportun.com\/services\/es\/\" data-event_tracking=\"link click\" data-event_tracking_section=\"body\" data-event_tracking_label=\"online\"><a href=\"https:\/\/account.oportun.com\/services\/\">En l\u00ednea<\/a><span>, llamando al <\/span><a href=\"tel:8553145927\">855-314-5927<\/a><span> o en una <a href=\"\/es\/locations\/\"> nuestras sucursales<\/a><\/span><\/p>","text_border":"none","stars":"","author":""},{"icon":"0","custom_bullet":"","border_around_icon":"border-none","custom_bullet_color":"black","title":"","text":"<h2 style=\"text-align: center;\">2<\/h2>\r\n<p style=\"text-align: center;\"><strong>Comp\u00e1rtelo<\/strong><\/p>\r\n<p class=\"h4 \" style=\"text-align: center;\">Con todos los amigos que necesiten un pr\u00e9stamo<\/p>","text_border":"none","stars":"","author":""},{"icon":"0","custom_bullet":"","border_around_icon":"border-none","custom_bullet_color":"black","title":"","text":"<h2 style=\"text-align: center;\">3<\/h2>\r\n<p style=\"text-align: center;\"><strong>Triplica tus bonos<\/strong><\/p>\r\n<p class=\"h4 \" style=\"text-align: center;\">Cada vez que un referido reciba su pr\u00e9stamo<\/p>","text_border":"none","stars":"","author":""}],"blocks":null,"icon_settings":{"desktop_aligment":"center","mobile_aligment":"center","if_no_icon_selected_left_space":false}}]},{"acf_fc_layout":"content_block","settings":{"name":"Un prestamo black block","columns":"1","display":"auto","background":"black","image_placement":"auto","padding":"","section_language_toggle":"no","ab_component":"","ab_test_type":""},"blocks":[{"acf_fc_layout":"content","content_title":"","block_settings":{"disabled":"No"},"description":"<h2 style=\"text-align: center;\">Un pr\u00e9stamo es el primer paso<\/h2>\r\n<p style=\"text-align: center;\">Cuando te unes a la familia Oportun, ganas un amigo que te ayuda a manejar tus finanzas y te gu\u00eda\u2028en cada paso de tu viaje. Invita a tus amigos y familiares a dar el primer paso"}]},{"acf_fc_layout":"content_block","settings":{"name":"Why Oportun","columns":"2","display":"auto","background":"none","image_placement":"left","padding":"","section_language_toggle":"no","ab_component":"","ab_test_type":""},"blocks":[{"acf_fc_layout":"image","block_settings":{"disabled":"No"},"asset":2788071,"asset_mobile":null,"alt":"","border_radius_enabled":"yes","disabled_img_mobile":"no","youtube_embed_url":"","autoplay_video":false,"image_link_to":null,"lazy_load":true},{"acf_fc_layout":"list","block_settings":{"disabled":"No"},"settings":{"list_type":"list","list_style":"bullet","icon":{"source":""},"title":"","automatic_scrolling":false,"autoscrolling_speed":"mod","card_background":"default","icon_color":"default"},"items":[{"icon":"0","custom_bullet":"","border_around_icon":"border-none","custom_bullet_color":"black","title":"","text":"<h2>\u00bfPor qu\u00e9 Oportun?<\/h2>","text_border":"none","stars":"","author":""},{"icon":"savings-bonus","custom_bullet":"","border_around_icon":"border-none","custom_bullet_color":"black","title":"","text":"<strong>Accesible<\/strong>\r\nComparado con prestamistas alternativos, pagas menos y recibes m\u00e1s.\r\n<a href=\"#true-costos\">Leer m\u00e1s<\/a>","text_border":"none","stars":"","author":""},{"icon":"depositcheck","custom_bullet":"","border_around_icon":"border-none","custom_bullet_color":"black","title":"","text":"<strong>Tu dinero en minutos<\/strong>\r\nCon dep\u00f3sito directo.","text_border":"none","stars":"","author":""},{"icon":"smiley","custom_bullet":"","border_around_icon":"border-none","custom_bullet_color":"black","title":"","text":"<strong>De confianza<\/strong>\r\n[impact name=\"NPS\" number=\u201d\u201d description=\"false\"] refiere a su familia\r\ny amigos a Oportun.\r\n<a href=\"#trust\">Conoce los detalles<\/a>","text_border":"none","stars":"","author":""},{"icon":"0","custom_bullet":"","border_around_icon":"border-none","custom_bullet_color":"black","title":"","text":"&nbsp;\r\n<p style=\"text-align: left;\"><a href=\"https:\/\/account.oportun.com\/services\/es\/\" class=\"button\" data-event_tracking=\"button click\" data-event_tracking_section=\"body\" data-event_tracking_label=\"Get your code\">Obtener tu c\u00f3digo<\/a><\/p>","text_border":"none","stars":"","author":""}],"blocks":null,"icon_settings":{"desktop_aligment":"center","mobile_aligment":"center","if_no_icon_selected_left_space":false}}]},{"acf_fc_layout":"content_block","settings":{"name":"Get code black block","columns":"1","display":"auto","background":"black","image_placement":"auto","padding":"","section_language_toggle":"no","ab_component":"","ab_test_type":""},"blocks":[{"acf_fc_layout":"content","content_title":"","block_settings":{"disabled":"No"},"description":"<h2 style=\"text-align: center;\">Refiere a tus amigos hoy<\/h2>\r\n<p style=\"text-align: center;\">[button href=\"https:\/\/account.oportun.com\/services\/\" data-event_tracking=\"button click\" data-event_tracking_section=\"hero\" data-event_tracking_label=\"Get your code\"][CTAText label=\"Obtener c\u00f3digo\"][\/button]<\/p>"}]}]},"_links":{"self":[{"href":"https:\/\/oportun.com\/es\/wp-json\/wp\/v2\/pages\/14314","targetHints":{"allow":["GET"]}}],"collection":[{"href":"https:\/\/oportun.com\/es\/wp-json\/wp\/v2\/pages"}],"about":[{"href":"https:\/\/oportun.com\/es\/wp-json\/wp\/v2\/types\/page"}],"author":[{"embeddable":true,"href":"https:\/\/oportun.com\/es\/wp-json\/wp\/v2\/users\/3"}],"replies":[{"embeddable":true,"href":"https:\/\/oportun.com\/es\/wp-json\/wp\/v2\/comments?post=14314"}],"version-history":[{"count":1,"href":"https:\/\/oportun.com\/es\/wp-json\/wp\/v2\/pages\/14314\/revisions"}],"predecessor-version":[{"id":2788074,"href":"https:\/\/oportun.com\/es\/wp-json\/wp\/v2\/pages\/14314\/revisions\/2788074"}],"wp:attachment":[{"href":"https:\/\/oportun.com\/es\/wp-json\/wp\/v2\/media?parent=14314"}],"wp:term":[{"taxonomy":"folder","embeddable":true,"href":"https:\/\/oportun.com\/es\/wp-json\/wp\/v2\/folder?post=14314"}],"curies":[{"name":"wp","href":"https:\/\/api.w.org\/{rel}","templated":true}]}}