{"id":14264,"date":"2021-07-20T03:16:21","date_gmt":"2021-07-20T03:16:21","guid":{"rendered":"https:\/\/oportundev3.wpengine.com\/licenses\/"},"modified":"2026-01-12T12:57:39","modified_gmt":"2026-01-12T20:57:39","slug":"licencias","status":"publish","type":"page","link":"https:\/\/oportun.com\/es\/licencias\/","title":{"rendered":"Licencias estatales y divulgaciones"},"content":{"rendered":"","protected":false},"excerpt":{"rendered":"","protected":false},"author":1,"featured_media":0,"parent":0,"menu_order":0,"comment_status":"closed","ping_status":"closed","template":"templates\/flexible.php","meta":{"_acf_changed":false,"footnotes":""},"folder":[],"class_list":["post-14264","page","type-page","status-publish","hentry"],"acf":{"blocks":[{"acf_fc_layout":"content_block","settings":{"name":"","columns":"1","display":"auto","background":"none","image_placement":"auto","padding":"","ab_component":"","ab_test_type":""},"blocks":[{"acf_fc_layout":"content","content_title":"","block_settings":{"disabled":"No"},"description":"<h1>Licencias estatales y divulgaciones<\/h1>\r\n<div>Los interesados pueden solicitar un pr\u00e9stamo personal en l\u00ednea, por tel\u00e9fono, o en persona (si existen sucursales en su estado de residencia).<\/div>\r\nClientes que viven en <span>NM y WI\u00a0<\/span> que est\u00e1n aplicando para un pr\u00e9stamo de Oportun, Inc. o de Oportun, LLC.\r\n\r\nClientes que viven en [impact name=\"Pathward states\" number=\u201d\u201d description=\"false\"] que est\u00e1n aplicando para un pr\u00e9stamo a trav\u00e9s del socio de Oportun, Pathward\u00ae, National Association.\r\n\r\n&nbsp;\r\n\r\nOportun, Inc. tiene las siguientes licencias:\r\n\r\n<strong>Idaho:<\/strong> Bajo licencia de la Oficina de Finanzas al Consumidor de Idaho (Idaho Consumer Finance Bureau en ingl\u00e9s) | Licencia de prestamista regulado | Licencia RRL-9687\r\n\r\n<strong>Kansas:<\/strong> Bajo licencia de la Oficina del Comisionado del Banco Estatal de Kansas (Kansas Office of the State Bank Commissioner en ingl\u00e9s) | Licencia de pr\u00e9stamo supervisado | Licencia SL.0026761\r\n\r\n<strong>Minnesota: <\/strong>Bajo licencia del Departamento de Comercio de Minnesota\u00a0 (Minnesota Commerce Department en ingl\u00e9s) | Licencia de empresa de pr\u00e9stamos regulados | MN-RL-1671904\r\n\r\n<strong>Nevada:<\/strong> Oportun, LLC opera bajo licencia del Departamento de Empresas e Industria de Nevada (Nevada Department of Business and Industry en ingl\u00e9s) | Licencia de pr\u00e9stamo a plazos | Licencia IL11061\r\n\r\n<strong>New Hampshire: <\/strong>Bajo licencia del Departamento Bancario de New Hampshire (New Hampshire Banking Department en ingl\u00e9s) | Licencia de prestamista de pr\u00e9stamos peque\u00f1os | License 1671904SM\r\n\r\n<strong>New Jersey:<\/strong> Bajo licencia del Departamento de Banca y Seguros de New Jersey (New Jersey Department of Banking &amp; Insurance en ingl\u00e9s) | Licencia de prestamista al consumidor | Licencia L070367\r\n\r\n<strong>New Mexico:<\/strong> Bajo licencia del Departamento de Reglamentaci\u00f3n y Licencias de New Mexico (New Mexico Regulation and Licensing Department en ingl\u00e9s) | <a href=\"https:\/\/oportun.com\/wp-content\/uploads\/2025\/07\/oportun-NM-exp-06302026.pdf\">Licencia 2079<\/a> | <a href=\"https:\/\/res.cloudinary.com\/oportun-dev-stg\/images\/v1684172678\/oportundev2\/oportun-NM-consumer-brochure-ES-05032023.pdf\/oportun-NM-consumer-brochure-ES-05032023.pdf.pdf?_i=AA\">Folleto para consumidores de New Mexico<\/a> |\u00a0<a href=\"https:\/\/oportun.com\/wp-content\/uploads\/2024\/03\/New-Mexico-Rates-and-Fees-Spanish_01.2024.pdf\">Tasas y tarifas de New Mexico<\/a>\r\n\r\n<strong>North Dakota: <\/strong>Bajo licencia del Departamento de Instituciones Financieras de North Dakota (North Dakota Department of Financial Institutions en ingl\u00e9s) | Licencia de corredor de dinero MB103541\r\n\r\n<strong>Oklahoma:<\/strong> Bajo licencia del Departamento de Cr\u00e9dito al Consumidor de Oklahoma (Oklahoma Department of Consumer Credit en ingl\u00e9s) | Licencia de prestamista supervisado | Licencia SL008603\r\n\r\n<strong>Oregon:<\/strong> Bajo licencia de la Divisi\u00f3n de Reglamentaci\u00f3n Financiera de Oregon (Oregon Division of Financial Regulation en ingl\u00e9s) | Licencia de financiamiento al consumidor\r\n\r\n<strong>Pennsylvania:<\/strong> Bajo licencia del Departamento de Bancaria y Valores de Pennsylvania (Pennsylvania Department of Banking and Securities en ingl\u00e9s) | License\u00a0Licencia de corredor de pr\u00e9stamos para servicios de cr\u00e9dito | Licencia 104721\r\n\r\n<strong>South Carolina:<\/strong> Bajo licencia de la Junta Estatal de Instituciones Financieras de South Carolina (South Carolina State Board of Financial Institutions en ingl\u00e9s) | Prestamistas Supervisados | <a href=\"https:\/\/oportun.com\/wp-content\/uploads\/2021\/07\/oportun-SC-bus-license-issued-09202020.pdf\">Licencia de empresa SL - 1671904<\/a>\u00a0|\u00a0<a href=\"https:\/\/oportun.com\/wp-content\/uploads\/2021\/07\/oportun-SC-web-license-issued-09292020.pdf\">Licencia del sitio web SLW1 - 1671904<\/a>\u00a0|\u00a0<a href=\"https:\/\/oportun.com\/wp-content\/uploads\/2021\/08\/oportun-SC-Rights-Responsabilities-brochure.pdf\">Pr\u00e9stamos al consumidor: sus derechos y responsabilidades<\/a>\r\n\r\n<strong>South Dakota:<\/strong> Bajo licencia de la Divisi\u00f3n Bancaria de South Dakota (South Dakota Division of Banking en ingl\u00e9s) | Licencia de prestamista de dinero | Licencia MYL.3407\r\n\r\n<strong>Texas:<\/strong> Bajo licencia de la Oficina del Comisionado de Cr\u00e9dito al Consumidor del estado de Texas (Texas Office of Consumer Credit Commissioner en ingl\u00e9s) | Licencia de prestamista regulado | Licencia 14667-58786\r\n\r\n<strong>Vermont:<\/strong> Bajo licencia del Departamento de Reglamentaci\u00f3n Financiera de Vermont (Vermont Department of Financial Regulation en ingl\u00e9s) | Licencia de solicitud de pr\u00e9stamo | Licencia LSO-1671904\r\n\r\n<strong>Wisconsin:<\/strong> Bajo licencia del Departamento de Instituciones Financieras de Wisconsin (Wisconsin Department of Financial Institutions en ingl\u00e9s) | Licencia de empresa de pr\u00e9stamos | Licencia 3068-LC\r\n\r\n<strong>Wyoming:<\/strong> Bajo licencia del Divisi\u00f3n Bancaria de Wyoming\u00a0 (Wyoming Division of Banking en ingl\u00e9s) | Licencia de prestamista al consumidor | Licencia CL-4023"}]}]},"_links":{"self":[{"href":"https:\/\/oportun.com\/es\/wp-json\/wp\/v2\/pages\/14264","targetHints":{"allow":["GET"]}}],"collection":[{"href":"https:\/\/oportun.com\/es\/wp-json\/wp\/v2\/pages"}],"about":[{"href":"https:\/\/oportun.com\/es\/wp-json\/wp\/v2\/types\/page"}],"author":[{"embeddable":true,"href":"https:\/\/oportun.com\/es\/wp-json\/wp\/v2\/users\/1"}],"replies":[{"embeddable":true,"href":"https:\/\/oportun.com\/es\/wp-json\/wp\/v2\/comments?post=14264"}],"version-history":[{"count":0,"href":"https:\/\/oportun.com\/es\/wp-json\/wp\/v2\/pages\/14264\/revisions"}],"wp:attachment":[{"href":"https:\/\/oportun.com\/es\/wp-json\/wp\/v2\/media?parent=14264"}],"wp:term":[{"taxonomy":"folder","embeddable":true,"href":"https:\/\/oportun.com\/es\/wp-json\/wp\/v2\/folder?post=14264"}],"curies":[{"name":"wp","href":"https:\/\/api.w.org\/{rel}","templated":true}]}}