{"id":14239,"date":"2021-07-20T02:47:54","date_gmt":"2021-07-20T02:47:54","guid":{"rendered":"https:\/\/oportundev3.wpengine.com\/privacy\/"},"modified":"2026-02-20T11:52:59","modified_gmt":"2026-02-20T19:52:59","slug":"privacidad","status":"publish","type":"page","link":"https:\/\/oportun.com\/es\/privacidad\/","title":{"rendered":"Privacidad"},"content":{"rendered":"","protected":false},"excerpt":{"rendered":"","protected":false},"author":1,"featured_media":0,"parent":0,"menu_order":0,"comment_status":"closed","ping_status":"closed","template":"templates\/flexible.php","meta":{"_acf_changed":false,"footnotes":""},"folder":[],"class_list":["post-14239","page","type-page","status-publish","hentry"],"acf":{"blocks":[{"acf_fc_layout":"content_block","settings":{"name":"","columns":"1","display":"auto","background":"none","image_placement":"auto","padding":"","ab_component":"","ab_test_type":""},"blocks":[{"acf_fc_layout":"content","content_title":"","block_settings":{"disabled":"No"},"description":"<h1>Privacidad<\/h1>\r\nEstamos comprometidos con su privacidad y sus metas financieras son nuestras metas. Abajo est\u00e1 la informaci\u00f3n sobre sus derechos de privacidad y la manera en que se recopila, usa y protege su informaci\u00f3n.\r\n\r\n<a href=\"https:\/\/oportun.com\/es\/privacidad\/politica-de-privacidad\/\"><strong>Pol\u00edtica de privacidad de Oportun<\/strong><\/a>: Entienda el proceso de c\u00f3mo Oportun recolecta, usa y revela la informaci\u00f3n y c\u00f3mo protegemos la privacidad y seguridad de su informaci\u00f3n personal. Nuestra pol\u00edtica de privacidad se aplica a todos los clientes, solicitantes y visitantes de nuestro sitio web.\r\n\r\nNotificaciones de privacidad: Entienda las pr\u00e1cticas de privacidad y sus derechos de privacidad en un formato estandarizado proporcionado por la ley federal Gramm-Leach-Bliley:\r\n<ul>\r\n \t<li><a href=\"https:\/\/res.cloudinary.com\/oportun-dev-stg\/images\/v1709165420\/oportundev2\/privacy-notice-OP-ES-01.2024\/privacy-notice-OP-ES-01.2024.pdf?_i=AA\"><strong>Aviso de privacidad de Oportun<\/strong><\/a>: Se aplica a todos los clientes de pr\u00e9stamos personales de Oportun y describe las pr\u00e1cticas de privacidad de Oportun.<\/li>\r\n \t<li><a href=\"https:\/\/oportun.com\/wp-content\/uploads\/2023\/03\/pathward-GLBA-privacy-notice-EN-20220623.pdf\"><strong>Aviso de privacidad de Pathward<\/strong><\/a>: Se aplica a todos los clientes de pr\u00e9stamos personales de Pathward, N.A. y describe las pr\u00e1cticas de privacidad del prestamista, Pathward.<\/li>\r\n<\/ul>\r\n<a href=\"\/es\/privacidad\/ \/california-privacy-notice\/\"><strong>Aviso de privacidad del consumidor de California<\/strong><\/a>: Entienda sus derechos espec\u00edficos bajo la Ley de Privacidad del Consumidor de California y las formas en que usted puede ejercerlos."}]}]},"_links":{"self":[{"href":"https:\/\/oportun.com\/es\/wp-json\/wp\/v2\/pages\/14239","targetHints":{"allow":["GET"]}}],"collection":[{"href":"https:\/\/oportun.com\/es\/wp-json\/wp\/v2\/pages"}],"about":[{"href":"https:\/\/oportun.com\/es\/wp-json\/wp\/v2\/types\/page"}],"author":[{"embeddable":true,"href":"https:\/\/oportun.com\/es\/wp-json\/wp\/v2\/users\/1"}],"replies":[{"embeddable":true,"href":"https:\/\/oportun.com\/es\/wp-json\/wp\/v2\/comments?post=14239"}],"version-history":[{"count":1,"href":"https:\/\/oportun.com\/es\/wp-json\/wp\/v2\/pages\/14239\/revisions"}],"predecessor-version":[{"id":2787636,"href":"https:\/\/oportun.com\/es\/wp-json\/wp\/v2\/pages\/14239\/revisions\/2787636"}],"wp:attachment":[{"href":"https:\/\/oportun.com\/es\/wp-json\/wp\/v2\/media?parent=14239"}],"wp:term":[{"taxonomy":"folder","embeddable":true,"href":"https:\/\/oportun.com\/es\/wp-json\/wp\/v2\/folder?post=14239"}],"curies":[{"name":"wp","href":"https:\/\/api.w.org\/{rel}","templated":true}]}}