{"id":14212,"date":"2021-07-20T04:37:05","date_gmt":"2021-07-20T04:37:05","guid":{"rendered":"https:\/\/oportundev3.wpengine.com\/careers\/"},"modified":"2024-08-22T11:12:23","modified_gmt":"2024-08-22T18:12:23","slug":"carreras","status":"publish","type":"page","link":"https:\/\/oportun.com\/es\/carreras\/","title":{"rendered":"Careers"},"content":{"rendered":"<p>Nos enorgullece ser un empleador que promueve la igualdad de oportunidades y que considera a todas las personas calificadas que se postulan a oportunidades laborales, sin importar su raza, edad, color, religi\u00f3n, sexo, origen nacional, discapacidad, orientaci\u00f3n sexual, estado de veterano o cualquier otra categor\u00eda protegida por las leyes o reglamentaciones en las localidades donde operamos.<\/p>\n<p style=\"padding-left: 40px;\">Lo alentamos a postularse para este cargo, aunque no cumpla con todas las certificaciones enumeradas para este puesto. En Oportun, sabemos que las perspectivas diversas fomentan la innovaci\u00f3n que necesitamos para tener \u00e9xito y tenemos el compromiso de crear un equipo que incluya diferentes contextos, experiencias y habilidades.<\/p>\n<p style=\"padding-left: 40px;\">Tambi\u00e9n consideraremos a las personas con antecedentes penales, conforme a los requisitos de la ordenanza sobre oportunidades justas de San Francisco (San Francisco Fair Chance Ordinance), la ordenanza de iniciativa para contrataci\u00f3n con oportunidades justas de Los Angeles (Los Angeles Fair Chance Initiative for Hiring Ordinance) y cualquier otra ley federal, estatal o local que aplique.<\/p>\n<p style=\"padding-left: 40px;\">Tenemos el compromiso de brindar los ajustes razonables para las personas calificadas con discapacidades en nuestro proceso de postulaci\u00f3n. Los solicitantes que necesiten asistencia o ajustes especiales durante el proceso de postulaci\u00f3n o entrevistas para acceder a nuestro sitio web pueden comunicarse con nosotros enviando un correo electr\u00f3nico a <a href=\"mailto:talent@oportun.com\">talent@oportun.com<\/a>. Incluya su nombre y medio de contacto preferido en su correo electr\u00f3nico. Tambi\u00e9n tenga en cuenta que esta direcci\u00f3n de correo electr\u00f3nico es para solicitudes de asistencia \u00fanicamente, y no para enviar solicitudes ni CV, los cuales no ser\u00e1n considerados a trav\u00e9s de este canal.<\/p>\n","protected":false},"excerpt":{"rendered":"<p>Nos enorgullece ser un empleador que promueve la igualdad de oportunidades y que considera a todas las personas calificadas que se postulan a oportunidades laborales, sin importar su raza, edad, color, religi\u00f3n, sexo, origen nacional, discapacidad, orientaci\u00f3n sexual, estado de veterano o cualquier otra categor\u00eda protegida por las leyes o reglamentaciones en las localidades donde [&hellip;]<\/p>\n","protected":false},"author":1,"featured_media":0,"parent":0,"menu_order":0,"comment_status":"closed","ping_status":"closed","template":"templates\/flexible.php","meta":{"_acf_changed":false,"footnotes":""},"folder":[],"class_list":["post-14212","page","type-page","status-publish","hentry"],"acf":{"blocks":[{"acf_fc_layout":"content_block","settings":{"name":"","columns":"2","display":"auto","background":"none","image_placement":"auto","padding":"","ab_component":"","ab_test_type":""},"blocks":[{"acf_fc_layout":"content","content_title":"","block_settings":{"disabled":"No"},"description":"<h1>Ay\u00fadanos a construir un <em>mejor futuro<\/em><\/h1>\r\nTodos los d\u00edas, la red global de Oportun lleva a cabo su misi\u00f3n de ayudar a la gente de todos los Estados Unidos a crear un futuro financiero m\u00e1s prometedor.\r\n\r\nEstamos tan orgullosos de nuestra cultura empresarial comprensiva e inclusiva, como lo estamos de nuestras soluciones basadas en inteligencia artificial, productos financieros de alta calidad y estrategias principalmente digitales.\r\n\r\n&nbsp;\r\n\r\n<a href=\"#current-openings\" class=\"button\">Ver los puestos vacantes<\/a>"},{"acf_fc_layout":"image","block_settings":{"disabled":"No"},"asset":2419530,"asset_mobile":null,"alt":"","border_radius_enabled":"yes","disabled_img_mobile":"no","youtube_embed_url":"","image_link_to":null,"lazy_load":false}]},{"acf_fc_layout":"content_block","settings":{"name":"","columns":"1","display":"auto","background":"black","image_placement":"auto","padding":"","ab_component":"","ab_test_type":""},"blocks":[{"acf_fc_layout":"content","content_title":"","block_settings":{"disabled":"No"},"description":"<h2 style=\"text-align: center;\">\u00danete a la comunidad din\u00e1mica y haz que tus habilidades tengan un buen prop\u00f3sito<\/h2>"},{"acf_fc_layout":"list","block_settings":{"disabled":"No"},"settings":{"list_type":"horizontal_list","list_style":"stacked","icon":{"source":""},"title":"","automatic_scrolling":false,"autoscrolling_speed":"mod","card_background":"default","icon_color":"default"},"items":[{"icon":"0","custom_bullet":"","border_around_icon":"border-none","custom_bullet_color":"black","title":"","text":"<img src=\"https:\/\/res.cloudinary.com\/oportun-dev-stg\/images\/v1674592977\/oportundev2\/United-States_241952736547\/United-States_241952736547.png?_i=AA\" alt=\"\" width=\"100\" height=\"66\" class=\"alignnone size-full wp-image-2419527\" \/>\r\n\r\n&nbsp;\r\n\r\n<strong>Estados Unidos<\/strong>\r\n\r\n<span>Puedes encontrar nuestra sede en Sillicon Valley en California, pero puedes encontrar a los miembros de nuestro equipo trabajando, jugando y siendo voluntarios en comunidades de costa a costa.<\/span>\r\n\r\n&nbsp;\r\n\r\n<a href=\"#current-openings\">Ver los puestos vacantes<\/a>","text_border":"none","stars":"","author":""},{"icon":"0","custom_bullet":"","border_around_icon":"border-none","custom_bullet_color":"black","title":"","text":"<img src=\"https:\/\/res.cloudinary.com\/oportun-dev-stg\/images\/v1674592976\/oportundev2\/Mexico1\/Mexico1.png?_i=AA\" alt=\"\" width=\"96\" height=\"67\" class=\"alignnone size-full wp-image-2419525\" \/>\r\n\r\n&nbsp;\r\n\r\n<strong>M\u00e9xico<\/strong>\r\n\r\nLocaliza nuestro centro de contacto en Le\u00f3n, Guanajuato, M\u00e9xico, que da servicio excepcional a nuestros clientes, y recibe los m\u00e1ximos honores en la competencia anual Got Talent.\r\n\r\n&nbsp;\r\n\r\n<a href=\"#current-openings\">Ver los puestos vacantes<\/a>","text_border":"none","stars":"","author":""},{"icon":"0","custom_bullet":"","border_around_icon":"border-none","custom_bullet_color":"black","title":"","text":"<img src=\"https:\/\/res.cloudinary.com\/oportun-dev-stg\/images\/v1674592974\/oportundev2\/India1\/India1.png?_i=AA\" alt=\"\" width=\"61\" height=\"66\" class=\"alignnone wp-image-2419523\" \/>\r\n\r\n&nbsp;\r\n\r\n<strong>India<\/strong>\r\n\r\n<span>En el Centro de Desarrollo OPRT en Chennai, India, nuestros equipos de tecnolog\u00eda e innovaci\u00f3n colaboran para poder ofrecer una experiencia de usuario impecable.<\/span>\r\n\r\n&nbsp;\r\n\r\n<a href=\"#current-openings\">Ver los puestos vacantes<\/a>","text_border":"none","stars":"","author":""}],"blocks":null,"icon_settings":{"desktop_aligment":"center","mobile_aligment":"center","if_no_icon_selected_left_space":false}}]},{"acf_fc_layout":"content_block","settings":{"name":"","columns":"1","display":"auto","background":"light-gray","image_placement":"auto","padding":"","ab_component":"","ab_test_type":""},"blocks":[{"acf_fc_layout":"list","block_settings":{"disabled":"No"},"settings":{"list_type":"horizontal_list","list_style":"testimonial","icon":{"source":""},"title":"","automatic_scrolling":false,"autoscrolling_speed":"mod","card_background":"default","icon_color":"default"},"items":null,"blocks":[{"acf_fc_layout":"testimonial","quote":"No hay mayor privilegio que tener un trabajo exigente en el que puedes crecer y aprender profesionalmente, a la vez que logras un impacto positivo en la vida de los dem\u00e1s. Y eso es lo que hacemos aqu\u00ed cada d\u00eda.","author":"Raul Vazquez, CEO of Oportun","stars":"0","source":"","source_link":""}],"icon_settings":{"desktop_aligment":"center","mobile_aligment":"center","if_no_icon_selected_left_space":false}},{"acf_fc_layout":"list","block_settings":{"disabled":"No"},"settings":{"list_type":"horizontal_list","list_style":"testimonial","icon":{"source":""},"title":"","automatic_scrolling":false,"autoscrolling_speed":"mod","card_background":"default","icon_color":"default"},"items":null,"blocks":[{"acf_fc_layout":"testimonial","quote":"En mi trayectoria, nunca he trabajado para una compa\u00f1\u00eda que apoye la diversidad de una manera tan inclusiva. Miro a mi alrededor y me enorgullece trabajar en un lugar donde no solo se ve la diversidad, sino tambi\u00e9n se piensa y se act\u00faa con diversidad. Es un gran entorno que fomenta la colaboraci\u00f3n, la inspiraci\u00f3n y la innovaci\u00f3n.","author":"Ann Stonehouse, VP, Direct Marketing","stars":"0","source":"","source_link":""},{"acf_fc_layout":"testimonial","quote":"En Oportun, siempre estamos pensando de manera creativa y creando soluciones que impulsen nuestra misi\u00f3n. La humildad, la curiosidad y la energ\u00eda de mis colegas me motivan a dar lo mejor de m\u00ed todos los d\u00edas.","author":"Aileen Chou, Sr. Director, Corporate Counsel","stars":"","source":"","source_link":""},{"acf_fc_layout":"testimonial","quote":"Lo que m\u00e1s me gusta de Oportun es que nuestra meta principal es ayudar a las personas necesitadas y la manera en que nos esforzamos por mejorar nuestros servicios para que se sientan c\u00f3modos. Me gusta poder formar parte de este crecimiento.","author":"Rubi Carrero Solorio, Manager, Telesales","stars":"0","source":"","source_link":""}],"icon_settings":{"desktop_aligment":"center","mobile_aligment":"center","if_no_icon_selected_left_space":false}}]},{"acf_fc_layout":"content_block","settings":{"name":"","columns":"1","display":"auto","background":"none","image_placement":"auto","padding":"","ab_component":"","ab_test_type":""},"blocks":[{"acf_fc_layout":"content","content_title":"","block_settings":{"disabled":"No"},"description":"<h2>Beneficios y ventajas<\/h2>"},{"acf_fc_layout":"list","block_settings":{"disabled":"No"},"settings":{"list_type":"accordion","list_style":"stacked","icon":{"source":""},"title":"","automatic_scrolling":false,"autoscrolling_speed":"mod","card_background":"default","icon_color":"default"},"items":[{"icon":"","custom_bullet":"","border_around_icon":"border-none","custom_bullet_color":"black","title":"Compensaci\u00f3n competitiva","text":"<ul>\r\n \t<li>Ofrecemos paquetes competitivos de compensaciones que demuestran lo comprometidos que estamos para desarrollar y fortalecer a nuestro equipo de profesionales con pasi\u00f3n y con talento<\/li>\r\n \t<li>Ofrecemos remuneraci\u00f3n por tiempo de descanso para ayudar a nuestro esforzado equipo a reponerse y volver con m\u00e1s \u00e1nimo<\/li>\r\n \t<li>Tenemos programas de bonificaciones e incentivos para reconocer a quienes rinden m\u00e1s y as\u00ed fomentar la ambici\u00f3n de pensar m\u00e1s all\u00e1<\/li>\r\n<\/ul>","text_border":"none","stars":"","author":""},{"icon":"","custom_bullet":"","border_around_icon":"border-none","custom_bullet_color":"black","title":"Salud y bienestar","text":"<ul>\r\n \t<li>Ofrecemos paquetes de cuidados de salud completos, que incluyen servicios m\u00e9dicos, dentales, de la visi\u00f3n, y cuentas de gastos flexibles (FSA)<\/li>\r\n \t<li>Incluimos opciones de trabajo a distancia para muchos de nuestros puestos<\/li>\r\n<\/ul>","text_border":"none","stars":"","author":""},{"icon":"","custom_bullet":"","border_around_icon":"border-none","custom_bullet_color":"black","title":"Diversidad, igualdad, inclusi\u00f3n y participaci\u00f3n","text":"<ul>\r\n \t<li>Creemos que las comunidades inclusivas son m\u00e1s din\u00e1micas y m\u00e1s resistentes, por lo que siempre estamos buscando perspectivas diferentes para ampliar el equipo de Oportun<\/li>\r\n \t<li>Trabajamos con personas de distintos ambientes, quienes colaboran con su experiencia para resolver los problemas de los miembros de nuestra comunidad<\/li>\r\n \t<li>Patrocinamos eventos de toda la empresa, enfocados en crear maneras de crear continuamente una cultura que apoye mejor la diversidad, la igualdad, la inclusi\u00f3n y la participaci\u00f3n (DEIB por sus siglas en ingl\u00e9s)<\/li>\r\n \t<li>Promovemos grupos de recursos dirigidos por empleados, que ayudan a nuestro equipo a conectarse, aprender y a apoyarse uno con otro<\/li>\r\n<\/ul>","text_border":"none","stars":"","author":""},{"icon":"","custom_bullet":"","border_around_icon":"border-none","custom_bullet_color":"black","title":"Damos de nosotros","text":"<ul>\r\n \t<li>Orgullosamente damos el 1 por ciento de nuestros ingresos netos anuales para apoyar organizaciones ben\u00e9ficas sin fines de lucro, que est\u00e9n comprometidas con las comunidades a las que damos servicio<\/li>\r\n \t<li>Ofrecemos tiempo libre pagado para que el personal de Oportun pueda ser voluntario y dar de s\u00ed mismo de la manera en que sea m\u00e1s importante para ellos<\/li>\r\n \t<li>Manejamos un sistema de asistencia, con donaciones corporativas equivalentes a las de los empleados, permiti\u00e9ndoles ayudarse uno al otro en momentos dif\u00edciles<\/li>\r\n<\/ul>","text_border":"none","stars":"","author":""},{"icon":"","custom_bullet":"","border_around_icon":"border-none","custom_bullet_color":"black","title":"Diversi\u00f3n y aprendizaje","text":"<ul>\r\n \t<li>Creemos que desarrollar un equipo deber\u00eda ser divertido, por lo que preferimos charlas virtuales de caf\u00e9, fiestas de fin de a\u00f1o y eventos en Oportun Connect, en los que aspiramos a conocernos mejor entre nosotros, aprender y buscar nuestro bienestar<\/li>\r\n \t<li>Creemos que en cada miembro de nuestro equipo vive un l\u00edder y un pionero, queremos asegurarnos de darle reconocimiento a este esp\u00edritu<\/li>\r\n<\/ul>","text_border":"none","stars":"","author":""}],"blocks":null,"icon_settings":{"desktop_aligment":"center","mobile_aligment":"center","if_no_icon_selected_left_space":false}},{"acf_fc_layout":"careers","title":"<div id=\"current-openings\">\r\n<h2>Puestos vacantes<\/h2>\r\n<\/div>"}]}]},"_links":{"self":[{"href":"https:\/\/oportun.com\/es\/wp-json\/wp\/v2\/pages\/14212","targetHints":{"allow":["GET"]}}],"collection":[{"href":"https:\/\/oportun.com\/es\/wp-json\/wp\/v2\/pages"}],"about":[{"href":"https:\/\/oportun.com\/es\/wp-json\/wp\/v2\/types\/page"}],"author":[{"embeddable":true,"href":"https:\/\/oportun.com\/es\/wp-json\/wp\/v2\/users\/1"}],"replies":[{"embeddable":true,"href":"https:\/\/oportun.com\/es\/wp-json\/wp\/v2\/comments?post=14212"}],"version-history":[{"count":0,"href":"https:\/\/oportun.com\/es\/wp-json\/wp\/v2\/pages\/14212\/revisions"}],"wp:attachment":[{"href":"https:\/\/oportun.com\/es\/wp-json\/wp\/v2\/media?parent=14212"}],"wp:term":[{"taxonomy":"folder","embeddable":true,"href":"https:\/\/oportun.com\/es\/wp-json\/wp\/v2\/folder?post=14212"}],"curies":[{"name":"wp","href":"https:\/\/api.w.org\/{rel}","templated":true}]}}