{"id":14113,"date":"2021-07-14T03:35:44","date_gmt":"2021-07-14T03:35:44","guid":{"rendered":"https:\/\/oportundev3.wpengine.com\/community-partners\/"},"modified":"2025-12-18T09:20:03","modified_gmt":"2025-12-18T17:20:03","slug":"socios-comunitarios","status":"publish","type":"page","link":"https:\/\/oportun.com\/es\/socios-comunitarios\/","title":{"rendered":"Get local support"},"content":{"rendered":"","protected":false},"excerpt":{"rendered":"","protected":false},"author":1,"featured_media":0,"parent":0,"menu_order":0,"comment_status":"closed","ping_status":"closed","template":"templates\/flexible.php","meta":{"_acf_changed":false,"footnotes":""},"folder":[],"class_list":["post-14113","page","type-page","status-publish","hentry"],"acf":{"blocks":[{"acf_fc_layout":"content_block","settings":{"name":"","columns":"1","display":"auto","background":"none","image_placement":"auto","padding":"","ab_component":"","ab_test_type":""},"blocks":[{"acf_fc_layout":"content","content_title":"","block_settings":{"disabled":"No"},"description":"<h1>Tu dinero en buena compa\u00f1\u00eda\u2122<\/h1>\r\nNuestros socios en la comunidad te ayudan a perseguir tus metas d\u00e1ndote educaci\u00f3n financiera, planificaci\u00f3n financiera, y mucho m\u00e1s"},{"acf_fc_layout":"list","block_settings":{"disabled":"No"},"settings":{"list_type":"horizontal_list","list_style":"fragment","icon":{"source":""},"title":"","automatic_scrolling":false,"autoscrolling_speed":"mod","card_background":"default","icon_color":"default"},"items":[{"icon":"0","custom_bullet":"","border_around_icon":"border-none","custom_bullet_color":"black","title":"","text":"<h3>UnidosUS<\/h3>\r\nAprende sobre cr\u00e9dito, planificaci\u00f3n financiera y mucho m\u00e1s con asesoramiento financiero gratuito","text_border":"none","stars":"","author":""},{"icon":"0","custom_bullet":"","border_around_icon":"border-none","custom_bullet_color":"black","title":"","text":"<h3>SpringFour<\/h3>\r\nDescubre programas locales sin fines de lucro y gubernamentales que ofrecen ayuda financiera","text_border":"none","stars":"","author":""}],"blocks":null,"icon_settings":{"desktop_aligment":"center","mobile_aligment":"center","if_no_icon_selected_left_space":false}},{"acf_fc_layout":"content","content_title":"","block_settings":{"disabled":"No"},"description":"&nbsp;\r\n<p style=\"padding-top: 0px; padding-bottom: 0px; text-align: left;\"><span style=\"font-size: 12px; color: #808080;\"><a href=\"#community-partners\">Ver m\u00e1s<\/a><\/span><\/p>"}]},{"acf_fc_layout":"content_block","settings":{"name":"","columns":"2","display":"auto","background":"light-gray","image_placement":"right","padding":"","ab_component":"","ab_test_type":""},"blocks":[{"acf_fc_layout":"content","content_title":"","block_settings":{"disabled":"No"},"description":"<h2>UnidosUS<\/h2>\r\nNos asociamos con UnidosUS para traerte asesoramiento financiero gratuito.\r\n\r\nLos asesores capacitados pueden ayudarte:\r\n<ul>\r\n \t<li>A entender tu reporte de cr\u00e9dito<\/li>\r\n \t<li>Decidir objetivos financieros<\/li>\r\n \t<li>Establecer un presupuesto y cumplirlo<\/li>\r\n<\/ul>\r\n<a href=\"https:\/\/www.uushfe.org\/index.cfm?fuseaction=Page.ViewPage&amp;pageId=1271\" class=\"button\">Comenzar aqu\u00ed<\/a>"},{"acf_fc_layout":"image","block_settings":{"disabled":"No"},"asset":2783833,"asset_mobile":null,"alt":"","border_radius_enabled":"yes","disabled_img_mobile":"no","youtube_embed_url":"","image_link_to":null,"lazy_load":true}]},{"acf_fc_layout":"content_block","settings":{"name":"","columns":"2","display":"auto","background":"white","image_placement":"left","padding":"","ab_component":"","ab_test_type":""},"blocks":[{"acf_fc_layout":"image","block_settings":{"disabled":"No"},"asset":2783835,"asset_mobile":null,"alt":"","border_radius_enabled":"yes","disabled_img_mobile":"no","youtube_embed_url":"","image_link_to":null,"lazy_load":true},{"acf_fc_layout":"content","content_title":"","block_settings":{"disabled":"No"},"description":"<h2>SpringFour<\/h2>\r\nSpringFour te ahorra tiempo y dinero conect\u00e1ndote con recursos locales sin fines de lucro o del gobierno que pueden ayudarte de muchas maneras:\r\n<ul>\r\n \t<li>A pagar menos por tus facturas mensuales<\/li>\r\n \t<li>Ahorrar dinero en comida y cuidado infantil<\/li>\r\n \t<li>Tener acceso a cuidado de salud gratuito o de bajo costo<\/li>\r\n<\/ul>\r\n[ocw_springfour_button width=\"80\" height=\"75\" text=\"Comenzar aqu\u00ed\" data-event_tracking_section=\"body\" data-event_tracking=\"button click\" data-event_tracking_label=\"Get started\"]"}]},{"acf_fc_layout":"content_block","settings":{"name":"","columns":"1","display":"auto","background":"none","image_placement":"auto","padding":"","ab_component":"","ab_test_type":""},"blocks":[{"acf_fc_layout":"content","content_title":"","block_settings":{"disabled":"No"},"description":"<h2 style=\"text-align: center;\">Educaci\u00f3n Financiera<\/h2>"},{"acf_fc_layout":"featured_posts","block_settings":{"disabled":"No"},"title":"","category":222},{"acf_fc_layout":"content","content_title":"","block_settings":{"disabled":"No"},"description":"<p style=\"text-align: center;\"><a href=\"https:\/\/oportun.com\/es\/educacion-financiera\/\" class=\"button\">Ver educaci\u00f3n financiera<\/a><\/p>"}]},{"acf_fc_layout":"content_block","settings":{"name":"","columns":"1","display":"auto","background":"light-gray","image_placement":"auto","padding":"","ab_component":"","ab_test_type":""},"blocks":[{"acf_fc_layout":"content","content_title":"","block_settings":{"disabled":"No"},"description":"<h2 style=\"text-align: center;\">De nuestra comunidad<\/h2>\r\n<p style=\"text-align: center;\">[impact name=\"Google rating\" number=\u201dtrue\u201d description=\"false\"] rese\u00f1as de 5 estrellas en Google y Trustpilot<sup><span style=\"font-size: 12px;\">4<\/span><\/sup><\/p>\r\n<p style=\"text-align: center;\"><a href=\"https:\/\/oportun.com\/es\/resenas\/\">Leer m\u00e1s<\/a><\/p>"},{"acf_fc_layout":"list","block_settings":{"disabled":"No"},"settings":{"list_type":"horizontal_list","list_style":"testimonial","icon":{"source":""},"title":"","automatic_scrolling":false,"autoscrolling_speed":"mod","card_background":"default","icon_color":"default"},"items":null,"blocks":[{"acf_fc_layout":"testimonial","quote":"\u00a1Excelentes empleados! Un proceso f\u00e1cil y r\u00e1pido. \u00a1Gracias, Oportun!","author":"Leticia Yniguez","stars":"5","source":"Google","source_link":"https:\/\/search.google.com\/local\/reviews?placeid=ChIJGRY4orddlIARLbUEsqvhdcU"},{"acf_fc_layout":"testimonial","quote":"\u00a1Los empleados son muy amables y serviciales!","author":"Sabrina Campos","stars":"5","source":"Google","source_link":"https:\/\/search.google.com\/local\/reviews?placeid=ChIJGxm__pNXwoARXG5sI0DfD8Y"},{"acf_fc_layout":"testimonial","quote":"R\u00e1pidos para ayudar, ponen inter\u00e9s y son atentos.","author":"mobilewarner351","stars":"5","source":"Google","source_link":"https:\/\/search.google.com\/local\/reviews?placeid=ChIJ1Ze-Hy2x3IAROAhkwDb4Wd0"}],"icon_settings":{"desktop_aligment":"center","mobile_aligment":"center","if_no_icon_selected_left_space":false}},{"acf_fc_layout":"list","block_settings":{"disabled":"No"},"settings":{"list_type":"horizontal_list","list_style":"badge","icon":{"source":""},"title":"","automatic_scrolling":false,"autoscrolling_speed":"mod","card_background":"default","icon_color":"default"},"items":null,"blocks":[{"acf_fc_layout":"badge","image":2418602,"label":"[impact name=\"accolade1\" number=\u201dfalse\u201d description=\"true\"]","link":"","alt_text":""},{"acf_fc_layout":"badge","image":2608029,"label":"[impact name=\"accolade2\" number=\u201dfalse\u201d description=\"true\"]","link":"","alt_text":""},{"acf_fc_layout":"badge","image":2608031,"label":"[impact name=\"accolade3\" number=\u201dfalse\u201d description=\"true\"]","link":"","alt_text":""}],"icon_settings":{"desktop_aligment":"center","mobile_aligment":"center","if_no_icon_selected_left_space":false}}]},{"acf_fc_layout":"content_block","settings":{"name":"","columns":"1","display":"auto","background":"black","image_placement":"auto","padding":"","ab_component":"","ab_test_type":""},"blocks":[{"acf_fc_layout":"content","content_title":"","block_settings":{"disabled":"No"},"description":"<h2 style=\"text-align: center;\">\u00bfYa quieres comenzar a trabajar por tus objetivos monetarios?<\/h2>\r\n&nbsp;\r\n<p style=\"text-align: center;\"><a href=\"https:\/\/oportun.com\/es\/prestamos-personales\/\" class=\"button\">Pr\u00e9stamos personales<\/a> <a href=\"https:\/\/oportun.com\/es\/ahorro-de-dinero\/\" class=\"button\">\u00a0 \u00a0 \u00a0 \u00a0 \u00a0 \u00a0Ahorros\u00a0 \u00a0 \u00a0 \u00a0 \u00a0 \u00a0<\/a><\/p>\r\n&nbsp;"}]}]},"_links":{"self":[{"href":"https:\/\/oportun.com\/es\/wp-json\/wp\/v2\/pages\/14113","targetHints":{"allow":["GET"]}}],"collection":[{"href":"https:\/\/oportun.com\/es\/wp-json\/wp\/v2\/pages"}],"about":[{"href":"https:\/\/oportun.com\/es\/wp-json\/wp\/v2\/types\/page"}],"author":[{"embeddable":true,"href":"https:\/\/oportun.com\/es\/wp-json\/wp\/v2\/users\/1"}],"replies":[{"embeddable":true,"href":"https:\/\/oportun.com\/es\/wp-json\/wp\/v2\/comments?post=14113"}],"version-history":[{"count":0,"href":"https:\/\/oportun.com\/es\/wp-json\/wp\/v2\/pages\/14113\/revisions"}],"wp:attachment":[{"href":"https:\/\/oportun.com\/es\/wp-json\/wp\/v2\/media?parent=14113"}],"wp:term":[{"taxonomy":"folder","embeddable":true,"href":"https:\/\/oportun.com\/es\/wp-json\/wp\/v2\/folder?post=14113"}],"curies":[{"name":"wp","href":"https:\/\/api.w.org\/{rel}","templated":true}]}}