{"id":14078,"date":"2021-07-19T21:49:02","date_gmt":"2021-07-19T21:49:02","guid":{"rendered":"https:\/\/oportundev3.wpengine.com\/make-a-payment\/"},"modified":"2026-02-20T09:48:04","modified_gmt":"2026-02-20T17:48:04","slug":"hacer-un-pago","status":"publish","type":"page","link":"https:\/\/oportun.com\/es\/hacer-un-pago\/","title":{"rendered":"Make a Payment"},"content":{"rendered":"","protected":false},"excerpt":{"rendered":"","protected":false},"author":1,"featured_media":0,"parent":0,"menu_order":0,"comment_status":"closed","ping_status":"closed","template":"templates\/flexible.php","meta":{"_acf_changed":false,"footnotes":""},"folder":[],"class_list":["post-14078","page","type-page","status-publish","hentry"],"acf":{"blocks":[{"acf_fc_layout":"content_block","settings":{"name":"Hero exclude-crop - Control","columns":"2","display":"auto","background":"none","image_placement":"auto","padding":"","ab_component":"","ab_test_type":""},"blocks":[{"acf_fc_layout":"content","content_title":"Desktop content","block_settings":{"disabled":"No"},"description":"<h1><em>Haz un pago<\/em><\/h1>\r\nHacer tus pagos completos y a tiempo es la mejor manera de establecer tu cr\u00e9dito. \u00a1T\u00fa puedes!\r\n<p style=\"text-align: left;\"><a href=\"https:\/\/account.oportun.com\/login\" class=\"button\" data-event_tracking=\"button click\" data-event_tracking_section=\"hero\" data-event_tracking_label=\"Log in\">Iniciar sesi\u00f3n<\/a><\/p>\r\n&nbsp;"},{"acf_fc_layout":"image","block_settings":{"disabled":"No"},"asset":2783570,"asset_mobile":null,"alt":"","border_radius_enabled":"yes","disabled_img_mobile":"no","youtube_embed_url":"","autoplay_video":false,"image_link_to":null,"lazy_load":false}]},{"acf_fc_layout":"content_block","settings":{"name":"Pay in person","columns":"2","display":"auto","background":"none","image_placement":"right","padding":"","ab_component":"","ab_test_type":""},"blocks":[{"acf_fc_layout":"list","block_settings":{"disabled":"No"},"settings":{"list_type":"list","list_style":"bullet","icon":{"source":""},"title":"","automatic_scrolling":false,"autoscrolling_speed":"mod","card_background":"default","icon_color":"default"},"items":[{"icon":"0","custom_bullet":"","border_around_icon":"border-none","custom_bullet_color":"black","title":"","text":"<h2>Paga en persona<\/h2>","text_border":"none","stars":"","author":""}],"blocks":null,"icon_settings":{"desktop_aligment":"center","mobile_aligment":"center","if_no_icon_selected_left_space":false}},{"acf_fc_layout":"list","block_settings":{"disabled":"No"},"settings":{"list_type":"list","list_style":"bullet","icon":{"source":""},"title":"","automatic_scrolling":false,"autoscrolling_speed":"mod","card_background":"default","icon_color":"default"},"items":[{"icon":"0","custom_bullet":"","border_around_icon":"border-none","custom_bullet_color":"black","title":"","text":"Encuentra una sucursal de Oportun cerca de ti.\r\n\r\n[ocw_zip_search align=\"left\"]","text_border":"none","stars":"","author":""}],"blocks":null,"icon_settings":{"desktop_aligment":"center","mobile_aligment":"center","if_no_icon_selected_left_space":false}},{"acf_fc_layout":"list","block_settings":{"disabled":"No"},"settings":{"list_type":"list","list_style":"bullet","icon":{"source":""},"title":"","automatic_scrolling":false,"autoscrolling_speed":"mod","card_background":"default","icon_color":"default"},"items":[{"icon":"0","custom_bullet":"","border_around_icon":"border-none","custom_bullet_color":"black","title":"","text":"<img src=\"https:\/\/oportun.com\/wp-content\/uploads\/2025\/10\/oportun-payment-partner-container-stores.jpg\" alt=\"Graphic of a map with stores 7-eleven, CVS, Dollar General, and Walmart to indicate where Oportun members can make payments on their Oportun loans\" width=\"400\" height=\"226\" class=\"alignnone size-full wp-image-2786960\" \/>\r\nSupermercados, tiendas de la esquina, farmacias y cientos de otros lugares que aceptan pagos de tu pr\u00e9stamo de Oportun.","text_border":"none","stars":"","author":""},{"icon":"info","custom_bullet":"","border_around_icon":"border-none","custom_bullet_color":"black","title":"","text":"Todos los puntos de pago aceptan efectivo. Trae tu n\u00famero de pr\u00e9stamo o el c\u00f3digo de barras de tus documentos de pr\u00e9stamo.","text_border":"none","stars":"","author":""}],"blocks":null,"icon_settings":{"desktop_aligment":"center","mobile_aligment":"center","if_no_icon_selected_left_space":false}},{"acf_fc_layout":"list","block_settings":{"disabled":"No"},"settings":{"list_type":"list","list_style":"bullet","icon":{"source":""},"title":"","automatic_scrolling":false,"autoscrolling_speed":"mod","card_background":"default","icon_color":"default"},"items":[{"icon":"location","custom_bullet":"","border_around_icon":"border-none","custom_bullet_color":"black","title":"","text":"<strong>Dolex<\/strong>\r\n<a href=\"https:\/\/oportun.com\/sucursales\/?search=dolex&amp;partner=all\">Encuentra un lugar para pagar<\/a>","text_border":"none","stars":"","author":""},{"icon":"location","custom_bullet":"","border_around_icon":"border-none","custom_bullet_color":"black","title":"","text":"<strong>Barri<\/strong>\r\n<a href=\"https:\/\/oportun.com\/locations\/?search=barri&amp;partner=all\">Encuentra un lugar para pagar<\/a>","text_border":"none","stars":"","author":""},{"icon":"location","custom_bullet":"","border_around_icon":"border-none","custom_bullet_color":"black","title":"","text":"<strong>CheckFreePay<\/strong>\r\n<a href=\"https:\/\/www.checkfreepay.com\/en\/payment-locator.html\">Encuentra un lugar para pagar<\/a>","text_border":"none","stars":"","author":""},{"icon":"location","custom_bullet":"","border_around_icon":"border-none","custom_bullet_color":"black","title":"","text":"<strong>MoneyGram<\/strong>\r\nUsa el c\u00f3digo de recepci\u00f3n 7991oportun.\r\n<a href=\"https:\/\/www.moneygram.com\/locations\/us\/en\">Encuentra un lugar para pagar<\/a>","text_border":"none","stars":"","author":""},{"icon":"location","custom_bullet":"","border_around_icon":"border-none","custom_bullet_color":"black","title":"","text":"<strong>PayNearMe<\/strong>\r\nSe puede aplicar una tarifa de $1.75 por efectivo \/ $1.49 por d\u00e9bito.\r\n<a href=\"#paynearme-fee-disclosure\" class=\"go-to\">Ver detalles<\/a>\r\n<a href=\"https:\/\/home.paynearme.com\/merchant-locations\/?site_identifier=S51bb34d059\">Encuentra un lugar para pagar<\/a>","text_border":"none","stars":"","author":""}],"blocks":null,"icon_settings":{"desktop_aligment":"center","mobile_aligment":"center","if_no_icon_selected_left_space":false}}]},{"acf_fc_layout":"content_block","settings":{"name":"Hero PL Login - Test","columns":"2","display":"auto","background":"none","image_placement":"auto","padding":"","ab_component":"map-hero-PL-login","ab_test_type":"variant_1"},"blocks":[{"acf_fc_layout":"content","content_title":"","block_settings":{"disabled":"Yes"},"description":"[home_hero_personalization]"},{"acf_fc_layout":"image","block_settings":{"disabled":"Yes"},"asset":2739929,"asset_mobile":null,"alt":"","border_radius_enabled":"yes","disabled_img_mobile":"no","youtube_embed_url":"","autoplay_video":false,"image_link_to":{"title":"","url":"https:\/\/account.oportun.com\/login","target":""},"lazy_load":false}]},{"acf_fc_layout":"content_block","settings":{"name":"Pay in app","columns":"2","display":"auto","background":"light-gray","image_placement":"right","padding":"","ab_component":"","ab_test_type":""},"blocks":[{"acf_fc_layout":"content","content_title":"","block_settings":{"disabled":"No"},"description":"<h2>Paga en nuestra app<\/h2>\r\nAdministrar tu pr\u00e9stamo nunca fue m\u00e1s f\u00e1cil, con la app de Oportun. \u00dasala para hacer pagos, establecer pagos autom\u00e1ticos, consultar tu saldo y m\u00e1s.\r\n\r\n[appstore_button text=\"Obtener nuestra app\"]"},{"acf_fc_layout":"image","block_settings":{"disabled":"No"},"asset":2783705,"asset_mobile":null,"alt":"","border_radius_enabled":"yes","disabled_img_mobile":"no","youtube_embed_url":"","autoplay_video":false,"image_link_to":{"title":"","url":"https:\/\/account.oportun.com\/login","target":""},"lazy_load":true}]},{"acf_fc_layout":"content_block","settings":{"name":"Pay by text","columns":"2","display":"auto","background":"light-gray","image_placement":"left","padding":"","ab_component":"","ab_test_type":""},"blocks":[{"acf_fc_layout":"content","content_title":"","block_settings":{"disabled":"No"},"description":"<img src=\"https:\/\/oportun.com\/wp-content\/uploads\/2024\/03\/text-message-spanish.png\" alt=\"\" width=\"486\" height=\"360\" class=\"alignnone wp-image-2750964\" \/>"},{"acf_fc_layout":"content","content_title":"","block_settings":{"disabled":"No"},"description":"<h2>Tambi\u00e9n puedes enviarnos mensajes de texto<\/h2>\r\nSi ya eres miembro nuestro, puedes hablar por texto con nuestro bot (asistente virtual) usando el n\u00famero telef\u00f3nico asociado con tu cuenta. Puede contestar preguntas simples, como el saldo de tu cuenta, la fecha de tu siguiente pago y la cantidad de pago. Tambi\u00e9n acepta pagos.\r\n<p style=\"text-align: left;\"><a href=\"sms:+18556422140\" class=\"button\" data-event_tracking=\"button click\" data-event_tracking_section=\"body\" data-event_tracking_label=\"Text (855) 642-2140\">Env\u00eda un texto al (855) 642-2140<\/a><\/p>"}]},{"acf_fc_layout":"content_block","settings":{"name":"How we make payments affordable","columns":"1","display":"auto","background":"black","image_placement":"auto","padding":"","ab_component":"","ab_test_type":""},"blocks":[{"acf_fc_layout":"content","content_title":"","block_settings":{"disabled":"No"},"description":"<h2>C\u00f3mo hacemos que los pagos sean accesibles<\/h2>"},{"acf_fc_layout":"list","block_settings":{"disabled":"No"},"settings":{"list_type":"horizontal_list","list_style":"stacked","icon":{"source":""},"title":"","automatic_scrolling":false,"autoscrolling_speed":"mod","card_background":"default","icon_color":"default"},"items":[{"icon":"0","custom_bullet":"","border_around_icon":"border-none","custom_bullet_color":"black","title":"","text":"Los pr\u00e9stamos personales son pr\u00e9stamos a plazos, lo que quiere decir que se devuelven en pagos iguales durante un periodo de tiempo definido. Los pr\u00e9stamos personales a trav\u00e9s de Oportun ofrecen pagos bajos y fijos, dise\u00f1ados para ajustarse a tu presupuesto. T\u00fa puedes elegir entre los planes disponibles de pagos el que mejor te convenga.","text_border":"none","stars":"","author":""},{"icon":"0","custom_bullet":"","border_around_icon":"border-none","custom_bullet_color":"black","title":"","text":"Adem\u00e1s, nunca cobramos penalidades por prepago. As\u00ed que si liquidas tu pr\u00e9stamo antes de tiempo, puedes ahorrar dinero en intereses. <a href=\"\/es\/prestamos-personales\/ \/#calculator\" data-event_tracking=\"link click\" data-event_tracking_section=\"body\" data-event_tracking_label=\"Explore how much a loan could cost\">Explora lo que podr\u00eda costar un pr\u00e9stamo.<\/a>","text_border":"none","stars":"","author":""}],"blocks":null,"icon_settings":{"desktop_aligment":"center","mobile_aligment":"center","if_no_icon_selected_left_space":false}}]},{"acf_fc_layout":"content_block","settings":{"name":"More payment options ","columns":"1","display":"auto","background":"none","image_placement":"auto","padding":"","ab_component":"","ab_test_type":""},"blocks":[{"acf_fc_layout":"content","content_title":"","block_settings":{"disabled":"No"},"description":"<h2><span id=\"opciones-de-pago\">M\u00e1s opciones de pago<\/span><\/h2>"},{"acf_fc_layout":"content","content_title":"","block_settings":{"disabled":"No"},"description":"<strong>En l\u00ednea<\/strong>\r\n\r\n<a href=\"https:\/\/account.oportun.com\/services\/\">Ingresa<\/a> a tu cuenta de servicio a trav\u00e9s de Oportun.\r\n\r\n\u00bfNo tienes cuenta? <a href=\"https:\/\/www.paynearme.com\/oportun?site_customer_language=sp\">Paga<\/a>\u00a0con tu tarjeta de d\u00e9bito, Apple Pay o Google Pay.\r\n\r\n&nbsp;\r\n\r\n<strong>Por tel\u00e9fono\u00a0<\/strong>\r\n\r\nLlama al\u00a0<a href=\"tel:+18664886090\">(866) 488-6090<\/a>.\r\n\r\nEnv\u00eda un texto al\u00a0<a href=\"sms:+18556422140\">(855) 642-2140<\/a> desde el n\u00famero telef\u00f3nico que tenemos en nuestros archivos para hacer un pago (se aplican tasas est\u00e1ndar). Si nos env\u00edas el texto desde un tel\u00e9fono diferente, nuestro sistema automatizado no reconocer\u00e1 tu cuenta.\r\n\r\n&nbsp;\r\n\r\n<strong><span id=\"pago-en-persona\">En persona<\/span><\/strong>\r\n\r\nPaga en efectivo en una\u00a0<a href=\"\/es\/locations\/\">sucursal de Oportun<\/a>.\r\n\r\nPaga en efectivo en supermercados y farmacias donde acepten estos m\u00e9todos de pago:\r\n<ul>\r\n \t<li><a href=\"https:\/\/www.checkfreepay.com\/en\/payment-locator.html\">CheckFreePay<\/a> en <strong>Walmart<\/strong>, <strong>Kmart<\/strong>, y en otras tiendas. Trae el n\u00famero de tu pr\u00e9stamo de Oportun, que se encuentra en los documentos de tu pr\u00e9stamo.<\/li>\r\n \t<li><a href=\"https:\/\/www.moneygram.com\/locations\/us\/es\/\">MoneyGram<\/a> en CVS, Walmart y otras tiendas y farmacias. Trae el n\u00famero de tu pr\u00e9stamo de Oportun, que se encuentra en los documentos de tu pr\u00e9stamo. Usa el c\u00f3digo de recibo 7991oportun para pr\u00e9stamos personales.<\/li>\r\n \t<li><a href=\"https:\/\/home.paynearme.com\/merchant-locations\/?site_identifier=S51bb34d059\">PayNearMe<\/a> en 7-Eleven y Family Dollar. Trae el c\u00f3digo de barras de los documentos de tus pr\u00e9stamos. Puede aplicarse una tarifa de $1.75 con efectivo o $1.49 con tarjeta de d\u00e9bito. <a href=\"#paynearme-fee-disclosure\" class=\"go-to\">Ver los t\u00e9rminos<\/a>.<\/li>\r\n<\/ul>\r\n&nbsp;\r\n\r\n<strong>Por correo<\/strong>\r\n\r\nEscribe el n\u00famero de tu pr\u00e9stamo en tu cheque o giro postal (no env\u00edes efectivo) y env\u00edalo a: \r\nOportun\r\nPO Box 5609105\r\nThe Colony 75056\r\n\r\nLa entrega toma al menos entre 7 y 10 d\u00edas."}]}]},"_links":{"self":[{"href":"https:\/\/oportun.com\/es\/wp-json\/wp\/v2\/pages\/14078","targetHints":{"allow":["GET"]}}],"collection":[{"href":"https:\/\/oportun.com\/es\/wp-json\/wp\/v2\/pages"}],"about":[{"href":"https:\/\/oportun.com\/es\/wp-json\/wp\/v2\/types\/page"}],"author":[{"embeddable":true,"href":"https:\/\/oportun.com\/es\/wp-json\/wp\/v2\/users\/1"}],"replies":[{"embeddable":true,"href":"https:\/\/oportun.com\/es\/wp-json\/wp\/v2\/comments?post=14078"}],"version-history":[{"count":1,"href":"https:\/\/oportun.com\/es\/wp-json\/wp\/v2\/pages\/14078\/revisions"}],"predecessor-version":[{"id":2787633,"href":"https:\/\/oportun.com\/es\/wp-json\/wp\/v2\/pages\/14078\/revisions\/2787633"}],"wp:attachment":[{"href":"https:\/\/oportun.com\/es\/wp-json\/wp\/v2\/media?parent=14078"}],"wp:term":[{"taxonomy":"folder","embeddable":true,"href":"https:\/\/oportun.com\/es\/wp-json\/wp\/v2\/folder?post=14078"}],"curies":[{"name":"wp","href":"https:\/\/api.w.org\/{rel}","templated":true}]}}