{"id":13826,"date":"2021-07-14T17:34:46","date_gmt":"2021-07-14T17:34:46","guid":{"rendered":"https:\/\/oportundev3.wpengine.com\/reviews\/"},"modified":"2026-01-09T14:43:40","modified_gmt":"2026-01-09T22:43:40","slug":"resenas","status":"publish","type":"page","link":"https:\/\/oportun.com\/es\/resenas\/","title":{"rendered":"Reviews"},"content":{"rendered":"","protected":false},"excerpt":{"rendered":"","protected":false},"author":1,"featured_media":0,"parent":0,"menu_order":0,"comment_status":"closed","ping_status":"closed","template":"templates\/flexible.php","meta":{"_acf_changed":false,"footnotes":""},"folder":[],"class_list":["post-13826","page","type-page","status-publish","hentry"],"acf":{"blocks":[{"acf_fc_layout":"reviews","count":""},{"acf_fc_layout":"content_block","settings":{"name":"","columns":"1","display":"auto","background":"none","image_placement":"auto","padding":"","section_language_toggle":"no","ab_component":"","ab_test_type":""},"blocks":[{"acf_fc_layout":"content","content_title":"","block_settings":{"disabled":"No"},"description":"<h1>Lo que otros opinan<\/h1>"},{"acf_fc_layout":"list","block_settings":{"disabled":"No"},"settings":{"list_type":"horizontal_list","list_style":"stacked","icon":{"source":""},"title":"","automatic_scrolling":false,"autoscrolling_speed":"mod","card_background":"default","icon_color":"default"},"items":[{"icon":"0","custom_bullet":"","border_around_icon":"border-none","custom_bullet_color":"black","title":"","text":"<img src=\"https:\/\/res.cloudinary.com\/oportun-dev-stg\/images\/v1640003504\/oportundev2\/1626286785-trimmy-Credit_Karma-Logo.wine_\/1626286785-trimmy-Credit_Karma-Logo.wine_.png?_i=AA\" alt=\"Credit Karma logo\" width=\"185\" height=\"27\" class=\"alignnone wp-image-8611\" \/>\r\n\r\n&nbsp;\r\n\r\n\u201c<span lang=\"es-MX\">Oportun indica que ve m\u00e1s all\u00e1 de los reportes de cr\u00e9dito, y que considera otra informaci\u00f3n, como su ingreso y sus referencias personales.<\/span>\u201d\r\n\r\n&nbsp;\r\n\r\n<a href=\"https:\/\/www.creditkarma.com\/reviews\/personal-loan\/single\/id\/Oportun-Personal-Loans\">Lee art\u00edculo completo<\/a>","text_border":"none","stars":"","author":""},{"icon":"0","custom_bullet":"","border_around_icon":"border-none","custom_bullet_color":"black","title":"","text":"<img src=\"https:\/\/res.cloudinary.com\/oportun-dev-stg\/images\/v1640003515\/oportundev2\/800px-Nerdwallet_Horizontal_Logo.svg\/800px-Nerdwallet_Horizontal_Logo.svg.png?_i=AA\" alt=\"Nerdwallet logo\" width=\"185\" height=\"30\" class=\"alignnone wp-image-8607\" \/>\r\n\r\n&nbsp;\r\n\r\n<span>\u201c<\/span><span lang=\"es-MX\">Este prestamista revisa factores como el ingreso, los pagos de la renta y servicios p\u00fablicos y la cantidad de dinero que le queda al final de cada mes.\u201d<\/span>\r\n\r\n&nbsp;\r\n\r\n<a href=\"https:\/\/www.nerdwallet.com\/reviews\/loans\/personal-loans\/oportun-personal-loans\">Lee art\u00edculo completo<\/a>","text_border":"none","stars":"","author":""},{"icon":"0","custom_bullet":"","border_around_icon":"border-none","custom_bullet_color":"black","title":"","text":"<img src=\"https:\/\/res.cloudinary.com\/oportun-dev-stg\/images\/v1640003507\/oportundev2\/supermoney-logo-hi-res\/supermoney-logo-hi-res.png?_i=AA\" alt=\"Supermoney logo\" width=\"158\" height=\"28\" class=\"alignnone wp-image-8609\" \/>\r\n\r\n&nbsp;\r\n\r\n\u201cLos Pr\u00e9stamos Personales de Oportun regularmente deciden la aprobaci\u00f3n del cr\u00e9dito en menos de una hora y financian el pr\u00e9stamo en un d\u00eda laboral.\u201d\r\n\r\n&nbsp;\r\n\r\n<a href=\"https:\/\/www.supermoney.com\/reviews\/personal-loans\/oportun-personal-loans\">Lee art\u00edculo completo<\/a>","text_border":"none","stars":"","author":""}],"blocks":null,"icon_settings":{"desktop_aligment":"center","mobile_aligment":"center","if_no_icon_selected_left_space":false}}]}]},"_links":{"self":[{"href":"https:\/\/oportun.com\/es\/wp-json\/wp\/v2\/pages\/13826","targetHints":{"allow":["GET"]}}],"collection":[{"href":"https:\/\/oportun.com\/es\/wp-json\/wp\/v2\/pages"}],"about":[{"href":"https:\/\/oportun.com\/es\/wp-json\/wp\/v2\/types\/page"}],"author":[{"embeddable":true,"href":"https:\/\/oportun.com\/es\/wp-json\/wp\/v2\/users\/1"}],"replies":[{"embeddable":true,"href":"https:\/\/oportun.com\/es\/wp-json\/wp\/v2\/comments?post=13826"}],"version-history":[{"count":0,"href":"https:\/\/oportun.com\/es\/wp-json\/wp\/v2\/pages\/13826\/revisions"}],"wp:attachment":[{"href":"https:\/\/oportun.com\/es\/wp-json\/wp\/v2\/media?parent=13826"}],"wp:term":[{"taxonomy":"folder","embeddable":true,"href":"https:\/\/oportun.com\/es\/wp-json\/wp\/v2\/folder?post=13826"}],"curies":[{"name":"wp","href":"https:\/\/api.w.org\/{rel}","templated":true}]}}