{"id":13569,"date":"2021-07-25T23:36:59","date_gmt":"2021-07-25T23:36:59","guid":{"rendered":"https:\/\/oportundev3.wpengine.com\/refer-a-friend-program\/"},"modified":"2026-04-15T18:21:56","modified_gmt":"2026-04-16T01:21:56","slug":"refiere-a-un-amigo","status":"publish","type":"page","link":"https:\/\/oportun.com\/es\/terminos-y-condiciones\/refiere-a-un-amigo\/","title":{"rendered":"Programa \u201cRefiere a un amigo\/a\u201d"},"content":{"rendered":"","protected":false},"excerpt":{"rendered":"","protected":false},"author":3,"featured_media":0,"parent":14220,"menu_order":0,"comment_status":"closed","ping_status":"closed","template":"templates\/flexible.php","meta":{"_acf_changed":false,"footnotes":""},"folder":[],"class_list":["post-13569","page","type-page","status-publish","hentry"],"acf":{"blocks":[{"acf_fc_layout":"content_block","settings":{"name":"","columns":"1","display":"auto","background":"none","image_placement":"auto","padding":"","section_language_toggle":"no","ab_component":"","ab_test_type":""},"blocks":[{"acf_fc_layout":"content","content_title":"","block_settings":{"disabled":"No"},"description":"<h1>Programa \u201cRefiere a un amigo\/a\u201d<\/h1>\r\n<strong>Actualizado: 16 de abril de 2026<\/strong>\r\n\r\nUsted podr\u00eda recibir como premio una tarjeta de regalo por referir a un amigo para que reciba un pr\u00e9stamo personal a trav\u00e9s de Oportun,\u00a0<strong>sujeto a los t\u00e9rminos y condiciones<\/strong> que se detallan a <a href=\"#bottom-st\">continuaci\u00f3n<\/a>. Oportun reserva el derecho a modificar o discontinuar este Programa en cualquier momento, a su criterio. Para los prop\u00f3sitos de este Programa:\r\n<ul>\r\n \t<li>Un \u201crecomendante\u201d es una persona que tiene un pr\u00e9stamo personal actual o anterior a trav\u00e9s de Oportun y que no est\u00e9 en el negocio de los pr\u00e9stamos ni la financiaci\u00f3n con intermediarios para clientes.<\/li>\r\n \t<li>Un \u201camigo referido\u201d es una persona a quien identifica el recomendante, no tiene ni nunca ha tenido un pr\u00e9stamo personal a trav\u00e9s de Oportun, tanto como deudor o codeudor en ning\u00fan momento, y cumple con las condiciones necesarias para calificar para un pr\u00e9stamo personal a trav\u00e9s de Oportun.<\/li>\r\n \t<li>\u201cParticipantes\u201d se refiere a los recomendantes y a los amigos referidos. Los participantes deben residir donde haya a disposici\u00f3n un pr\u00e9stamo personal, y deben tener 18 a\u00f1os o m\u00e1s al momento de participar.<\/li>\r\n \t<li>Un \u201cpr\u00e9stamo personal\u201d es un pr\u00e9stamo con o sin garant\u00eda otorgado por Oportun o un pr\u00e9stamo sin garant\u00eda otorgado por Pathward\u00ae, N.A.<\/li>\r\n \t<li>Los \u201cpremios\u201d se definen como la tarjeta electr\u00f3nica\u00a0Tango Card\u00a0que le brinda acceso a m\u00e1s de 100 minoristas y se env\u00eda a su direcci\u00f3n de correo electr\u00f3nico, o una tarjeta f\u00edsica de regalo Visa\u00ae que se env\u00eda a su hogar. Los premios no tienen relaci\u00f3n con la cuenta del participante ni con la capacidad de obtener cuentas futuras a trav\u00e9s de Oportun. El monto est\u00e1ndar de la recompensa pagada a los Amigos Referidos es de $25. Los montos de recompensa pagados a quienes refieren estar\u00e1n sujetos a cambios ocasionales, con o sin previo aviso, a discreci\u00f3n de Oportun, y se indicar\u00e1n en oportun.com\/es\/referir\/ o en actualizaciones de estos t\u00e9rminos y condiciones. Para pr\u00e9stamos personales solicitados entre el 16 de abril 2026 y el 30 de junio 2026, los referentes ser\u00e1n elegibles para ganar no m\u00e1s de tres (3) bonos.<\/li>\r\n<\/ul>\r\n\u2028Al participar en el Programa, los participantes aceptan estos t\u00e9rminos y condiciones, y que Oportun puede contactarse con el participante por correo electr\u00f3nico, por mensajes de texto SMS y por tel\u00e9fono en relaci\u00f3n con el Programa. Este Programa no es v\u00e1lido donde la ley lo proh\u00edba.\r\n\r\nSi Oportun modifica los t\u00e9rminos de este Programa, publicar\u00e1 los nuevos t\u00e9rminos en\u00a0<a href=\"oportun.com\/es\/terminos-y-condiciones\/refiere-a-un-amigo\/\"><strong>oportun.com\/es\/terminos-y-condiciones\/refiere-a-un-amigo\/<\/strong><\/a>, con vigencia a partir del momento de su publicaci\u00f3n. Si contin\u00faa participando del Programa \u201cRefiere a un amigo\u201d despu\u00e9s de estas modificaciones, consideraremos que acepta dichas modificaciones.\r\n\r\nSi el Programa se descontin\u00faa, Oportun cumplir\u00e1 con la entrega de los premios obtenidos en relaci\u00f3n con las solicitudes de pr\u00e9stamos que incluyan un c\u00f3digo de referencia y que se hayan iniciado antes de la fecha de descontinuaci\u00f3n del Programa, siempre y cuando el pr\u00e9stamo resultante sea desembolsado dentro de los 30 d\u00edas posteriores a la descontinuaci\u00f3n.\u2028\r\n\r\n<strong>As\u00ed es c\u00f3mo usted y un amigo pueden recibir como premio una tarjeta de regalo cada uno:<\/strong>\r\n<ol>\r\n \t<li>El recomendante debe obtener su c\u00f3digo de referencia \u00fanico de las siguientes maneras:\r\n<ul>\r\n \t<li>Primero, el referente debe inscribirse en el Programa visitando <a href=\"http:\/\/oportun.com\/es\/referir\/\">oportun.com\/es\/referir\/<\/a>, haciendo clic en \u201cObt\u00e9n tu c\u00f3digo\u201d y siguiendo las instrucciones adicionales, o<\/li>\r\n \t<li>Visitando una localidad de Oportun que participe o,<\/li>\r\n \t<li>Alternativamente, llamando al 855-314-5927 para hablar con un agente.<\/li>\r\n<\/ul>\r\n<\/li>\r\n \t<li>El recomendante identificar\u00e1 sus amigos referidos de la siguiente manera:\r\n<ul>\r\n \t<li>Compartiendo a Oportun el nombre, apellido, n\u00famero de tel\u00e9fono para contactar durante el d\u00eda, direcci\u00f3n de correo electr\u00f3nico e idioma de preferencia del amigo referido, la relaci\u00f3n con \u00e9l y su c\u00f3digo de referencia.<\/li>\r\n \t<li>Compartiendo el c\u00f3digo de referencia a sus amigos referidos.<\/li>\r\n<\/ul>\r\n<\/li>\r\n \t<li>Un amigo referido debe solicitar un nuevo pr\u00e9stamo personal a trav\u00e9s de Oportun, el cual debe ser aprobado y desembolsado durante el per\u00edodo del Programa o hasta 30 d\u00edas despu\u00e9s de que el Programa se haya descontinuado.<\/li>\r\n \t<li>Al solicitar un pr\u00e9stamo personal, un amigo referido debe brindar su c\u00f3digo de referencia y aceptar participar en el Programa para que el recomendante y el amigo referido puedan calificar para el premio.<\/li>\r\n \t<li>Ambos participantes podr\u00e1n recibir un premio cuando el amigo referido acuerda participar en el Programa, solicita un pr\u00e9stamo personal, recibe aprobaci\u00f3n y se desembolsa el pr\u00e9stamo a trav\u00e9s de Oportun.<strong>Importante:<\/strong> Si no proporciona el c\u00f3digo de referencia al momento de la solicitud del pr\u00e9stamo y dicho pr\u00e9stamo se desembolsa, los participantes no calificar\u00e1n para el Programa y no se otorgar\u00e1 el premio.<\/li>\r\n \t<li>El referente (la persona que refiere) puede recibir hasta $1,000 por a\u00f1o calendario en recompensas\/bonos por realizar referidos de pr\u00e9stamos personales. Un amigo referido \u00fanicamente recibir\u00e1 un premio por abrir una cuenta de pr\u00e9stamo, pero luego ser\u00e1 elegible para participar como recomendante despu\u00e9s de ese momento. Tanto los referentes como los amigos referidos son responsables de cualquier impuesto federal, estatal y local aplicable a los bonos. Los bonos que sumen m\u00e1s de $600 en un a\u00f1o calendario ser\u00e1n reportados al IRS seg\u00fan lo exige la ley.<\/li>\r\n<\/ol>\r\nSi se reciben m\u00faltiples referencias para el mismo amigo referido, el premio se asignar\u00e1 seg\u00fan el c\u00f3digo de referencia provisto durante la solicitud del pr\u00e9stamo. Los empleados de Oportun no son elegibles para este Programa. Los premios no son transferibles. Todos los pr\u00e9stamos personales a trav\u00e9s de Oportun est\u00e1n sujetos a aprobaci\u00f3n crediticia. Debido a la naturaleza confidencial del proceso de aprobaci\u00f3n de cr\u00e9ditos, Oportun no puede divulgar informaci\u00f3n al recomendante sobre qui\u00e9n ha aceptado participar en el Programa, ni el estado de la solicitud del pr\u00e9stamo del amigo referido. Si un amigo referido recibe un pr\u00e9stamo de Oportun, pero decide no participar en el Programa, ni el recomendante ni el amigo referido ser\u00e1n elegibles para el premio. \u00a0El recomendante no ser\u00e1 notificado si un amigo referido elige participar o cu\u00e1ndo una solicitud de un amigo referido es aprobada o rechazada. El recomendante reconoce que, al referir a un amigo a trav\u00e9s de este programa, est\u00e1 divulgando informaci\u00f3n no p\u00fablica sobre el hecho de que es o fue cliente de Oportun. Al participar, el recomendante acepta que Oportun puede revelar al amigo referido que el recomendante es o fue cliente de Oportun.\r\n\r\nLos premios en forma de tarjeta de regalo electr\u00f3nicas se enviar\u00e1n por correo electr\u00f3nico, generalmente dentro de los 10 d\u00edas h\u00e1biles posteriores a la fecha del desembolso del pr\u00e9stamo del amigo referido, pero en algunos casos hasta 6 semanas despu\u00e9s. El link para elegir una tarjeta de regalo de recompensa expirar\u00e1 un a\u00f1o despu\u00e9s de la fecha del email en que el participante fue notificado de su recompensa, y el participante no podr\u00e1 reclamar la recompensa despu\u00e9s de ese tiempo. Los correos electr\u00f3nicos se enviar\u00e1n desde la siguiente direcci\u00f3n: <a href=\"mailto:referrals@oportun.com\">referrals@oportun.com<\/a>. Los correos electr\u00f3nicos se enviar\u00e1n a la direcci\u00f3n de correo electr\u00f3nico del Participante registrado en Oportun en el momento en que el premio sea otorgado. Oportun no se hace responsable de la no entrega o no recepci\u00f3n del premio en caso de que la direcci\u00f3n de correo electr\u00f3nico del recomendante o del amigo referido registrada sea incorrecta o si un correo electr\u00f3nico es devuelto como no entregable, ya sea debido a cualquier forma de filtrado activo o pasivo por parte del proveedor de servicios de internet y\/o cliente de correo electr\u00f3nico del usuario, por espacio insuficiente en la cuenta de correo electr\u00f3nico del usuario para recibir correos, o por cualquier otra causa. Los participantes del Programa deben informar a Oportun de inmediato si su direcci\u00f3n de correo electr\u00f3nico cambia, ya sea antes o despu\u00e9s de pagar su pr\u00e9stamo con Oportun.\r\n\r\nLas tarjetas de regalo f\u00edsicas ser\u00e1n enviadas por correo dentro de las 8 semanas posteriores a la fecha del pr\u00e9stamo del Amigo Referido, a la direcci\u00f3n del Participante registrada en Oportun al momento en que el Premio sea pagadero. Oportun no se hace responsable por la no entrega o no recepci\u00f3n del Premio en caso de que la direcci\u00f3n registrada del Participante sea incorrecta o si un env\u00edo es devuelto como no entregable.\u2028\r\n\r\nLos premios no son canjeables por dinero en efectivo, est\u00e1n sujetos a todos los t\u00e9rminos y condiciones del emisor, y no ser\u00e1n reemplazados si se pierden, son robadas o da\u00f1adas. No se permite el reemplazo de Premios. Oportun puede prohibir que un Participante participe en el Programa o reciba un Premio a su entera discreci\u00f3n, si determina que dicho Participante est\u00e1 intentando socavar la equidad, integridad u operaci\u00f3n leg\u00edtima del Programa de alguna manera.\r\n\r\nLos participantes aceptan liberar, exonerar y mantener indemnes a Oportun y sus respectivos directores, funcionarios, empleados, agencias de promoci\u00f3n y cesionarios de cualquier y toda reclamaci\u00f3n, da\u00f1o y responsabilidad provocada, o supuestamente provocada, por la participaci\u00f3n en este Programa, o por el uso o canje de cualquier premio. En caso de que exista una discrepancia o inconsistencia entre las divulgaciones u otras declaraciones contenidas en cualquier material del Programa y estos t\u00e9rminos y condiciones, los t\u00e9rminos y condiciones prevalecer\u00e1n, regir\u00e1n y gobernar\u00e1n. Oportun no ser\u00e1 responsable de ning\u00fan error tipogr\u00e1fico ni de ning\u00fan otro tipo presente en la impresi\u00f3n del Programa o la administraci\u00f3n del Programa.\r\n\r\nEste Programa, y estos t\u00e9rminos y condiciones ser\u00e1n interpretados de acuerdo con las leyes de\u00a0<strong>California<\/strong>\u00a0sin cuestionar sus normas de conflictos de leyes. La jurisdicci\u00f3n y el lugar de competencia ser\u00e1n v\u00e1lida \u00fanicamente dentro del estado de\u00a0<strong>California<\/strong>. Las disputas y reclamaciones relacionadas con el Programa deben enviarse a Oportun por escrito a <a href=\"mailto:complaints@oportun.com\">complaints@oportun.com<\/a> dentro de 60 d\u00edas posteriores a la descontinuaci\u00f3n del Programa para ser consideradas. Comun\u00edquese con nosotros a nuestra l\u00ednea gratuita al\u00a0<a href=\"tel:+18553145927\">855-314-5927<\/a>\u00a0si tiene alguna pregunta en relaci\u00f3n con estos t\u00e9rminos y condiciones.\r\n\r\n<strong>Privacidad:<\/strong>\u00a0La informaci\u00f3n personal que usted presenta cuando participa en este Programa estar\u00e1 sujeta a la Pol\u00edtica de privacidad disponible en Oportun.com\/privacy. Cualquier informaci\u00f3n personal tratada por un tercero o proveedor de servicios de Oportun ser\u00e1 gestionada exclusivamente en nombre de Oportun y en conformidad con la Pol\u00edtica de Privacidad. Se ha contratado a Marden-Kane, Inc. y a Zferral, Inc. con el seud\u00f3nimo comercial Ambassador Software (Tango Card) como administradores externos independientes. La informaci\u00f3n del recomendante se compartir\u00e1 con Marden-Kane, Inc. y Zferral, Inc. con el seud\u00f3nimo comercial Ambassador Software (Tango Card) con el \u00fanico prop\u00f3sito del cumplimiento del premio.\r\n\r\nPresentado por Oportun, Inc.\/Oportun LLC., 2 Circle Star Way, San Carlos, CA 94070.\r\n\r\nEste Programa no es patrocinado ni avalado por Tango Card ni Visa<sup>\u00ae<\/sup>.\r\n\r\nEl programa de referidos es ofrecido por Oportun, no Pathward.\r\n\r\n*<span id=\"bottom-st\">Este<\/span> es un anuncio de un pr\u00e9stamo para consumidores, sujeto a elegibilidad crediticia. No se encuentra disponible en CO, DC, IA, MA, MD, NY ni WV. Los pr\u00e9stamos en [impact name=\"Oportun states\" number=\u201d\u201d description=\"false\"] han sido creados por Oportun Inc. Los pr\u00e9stamos no se encuentran disponible en CO, DC, IA, MA, MD, NY, WA ni WV. Los pr\u00e9stamos en NM y WI han sido creados por Oportun Inc. Los pr\u00e9stamos en NV han sido creados por Oportun, LLC. En AL, AK, AR, AZ, CA, DE, FL, GA, HI, ID, IL, IN, KS, KY, LA, MI, MN, MO, MS, MT, NC, ND, NE, NH, NJ, NV, OH, OK, OR, PA, RI, SC, SD, TN, TX, UT, VA, VT, y WY, los pr\u00e9stamos han sido creados por Pathward, N.A. Aplican t\u00e9rminos, condiciones y restricciones seg\u00fan el estado. Consulte\u202f<a href=\"https:\/\/oportun.com\/es\">Oportun.com<\/a>\u202fpara obtener m\u00e1s detalles."}]}]},"_links":{"self":[{"href":"https:\/\/oportun.com\/es\/wp-json\/wp\/v2\/pages\/13569","targetHints":{"allow":["GET"]}}],"collection":[{"href":"https:\/\/oportun.com\/es\/wp-json\/wp\/v2\/pages"}],"about":[{"href":"https:\/\/oportun.com\/es\/wp-json\/wp\/v2\/types\/page"}],"author":[{"embeddable":true,"href":"https:\/\/oportun.com\/es\/wp-json\/wp\/v2\/users\/3"}],"replies":[{"embeddable":true,"href":"https:\/\/oportun.com\/es\/wp-json\/wp\/v2\/comments?post=13569"}],"version-history":[{"count":1,"href":"https:\/\/oportun.com\/es\/wp-json\/wp\/v2\/pages\/13569\/revisions"}],"predecessor-version":[{"id":2788093,"href":"https:\/\/oportun.com\/es\/wp-json\/wp\/v2\/pages\/13569\/revisions\/2788093"}],"up":[{"embeddable":true,"href":"https:\/\/oportun.com\/es\/wp-json\/wp\/v2\/pages\/14220"}],"wp:attachment":[{"href":"https:\/\/oportun.com\/es\/wp-json\/wp\/v2\/media?parent=13569"}],"wp:term":[{"taxonomy":"folder","embeddable":true,"href":"https:\/\/oportun.com\/es\/wp-json\/wp\/v2\/folder?post=13569"}],"curies":[{"name":"wp","href":"https:\/\/api.w.org\/{rel}","templated":true}]}}