{"id":11448,"date":"2019-07-11T04:05:22","date_gmt":"2019-07-11T04:05:22","guid":{"rendered":"https:\/\/oportundev3.wpengine.com\/home\/"},"modified":"2026-03-23T10:09:15","modified_gmt":"2026-03-23T17:09:15","slug":"home","status":"publish","type":"page","link":"https:\/\/oportun.com\/es\/","title":{"rendered":"Home"},"content":{"rendered":"","protected":false},"excerpt":{"rendered":"","protected":false},"author":1,"featured_media":0,"parent":0,"menu_order":0,"comment_status":"closed","ping_status":"closed","template":"templates\/flexible.php","meta":{"_acf_changed":false,"footnotes":""},"folder":[],"class_list":["post-11448","page","type-page","status-publish","hentry"],"acf":{"blocks":[{"acf_fc_layout":"content_block","settings":{"name":"Hero Default","columns":"2","display":"auto","background":"none","image_placement":"auto","padding":"","ab_component":"","ab_test_type":""},"blocks":[{"acf_fc_layout":"content","content_title":"","block_settings":{"disabled":"No"},"description":"<h1>Tus metas financieras son <em>las nuestras<\/em><\/h1>\r\nPr\u00e9stamos accesibles de $300 a $10,000 para que llegues hasta donde quieras.\r\n<div class=\"hide-onMobile\">[apply-btn tracking-section=\"hero\" tracking-label=\"Apply for a loan now\" text=\"Aplicar para un pr\u00e9stamo\"]<\/div>\r\n&nbsp;\r\n<div class=\"hide-onMobile\">Precalifica en minutos sin afectar tu puntaje de cr\u00e9dito.\r\n<span class=\"small-line-height\"><a href=\"#general-product-terms\" class=\"small-text\" data-di-id=\"di-id-665428d2-b85425a4\">Ver condiciones de pr\u00e9stamos personales<\/a><\/span><\/div>"},{"acf_fc_layout":"image","block_settings":{"disabled":"No"},"asset":2786085,"asset_mobile":2783121,"alt":"","border_radius_enabled":"yes","disabled_img_mobile":"no","youtube_embed_url":"","autoplay_video":false,"image_link_to":{"title":"","url":"https:\/\/apply.oportun.com\/","target":""},"lazy_load":false},{"acf_fc_layout":"content","content_title":"","block_settings":{"disabled":"No"},"description":"[apply-btn tracking-section=\"hero\" tracking-label=\"Apply for a loan now\" text=\"Aplicar para un pr\u00e9stamo\"]\r\n\r\n<strong>Precalifica en minutos<\/strong>\r\nsin afectar tu puntaje de cr\u00e9dito\r\n\r\n<a href=\"#general-product-terms\" class=\"see-terms\" data-di-id=\"di-id-665428d2-b85425a4\">Ver condiciones de pr\u00e9stamos personales<\/a>"},{"acf_fc_layout":"list","block_settings":{"disabled":"No"},"settings":{"list_type":"horizontal_list","list_style":"card","icon":{"source":""},"title":"","automatic_scrolling":false,"autoscrolling_speed":"mod","card_background":"default","icon_color":"default"},"items":[{"icon":"loan","custom_bullet":"","border_around_icon":"border-none","custom_bullet_color":"black","title":"","text":"<strong>Pr\u00e9stamos<\/strong>\r\nPara cubrir facturas, reparaciones, dep\u00f3sitos y m\u00e1s\r\n\r\n<a href=\"https:\/\/oportun.com\/es\/prestamos-personales\/\" data-event_tracking=\"button click\" data-event_tracking_section=\"hero\" data-event_tracking_label=\"Apply now\">M\u00e1s informaci\u00f3n [icon name=\"arrow-right\"]<\/a>","text_border":"none","stars":"","author":""},{"icon":"save_invest","custom_bullet":"","border_around_icon":"border-none","custom_bullet_color":"black","title":"","text":"<strong>Ahorros<\/strong>\r\nAlcanza tus metas con Set &amp; Save<sup><span style=\"font-size: 9px;\">TM<\/span><\/sup>\r\n\r\n<a href=\"\/es\/ahorro-de-dinero\/\" data-event_tracking=\"button click\" data-event_tracking_section=\"hero\" data-event_tracking_label=\"Learn more\">M\u00e1s informaci\u00f3n [icon name=\"arrow-right\"]<\/a>","text_border":"none","stars":"","author":""}],"blocks":null,"icon_settings":{"desktop_aligment":"center","mobile_aligment":"center","if_no_icon_selected_left_space":false}},{"acf_fc_layout":"content","content_title":"","block_settings":{"disabled":"No"},"description":"Mira qu\u00e9 m\u00e1s tiene Oportun para ti:"}]},{"acf_fc_layout":"content_block","settings":{"name":"Hero PL Login","columns":"2","display":"auto","background":"none","image_placement":"auto","padding":"","ab_component":"","ab_test_type":""},"blocks":[{"acf_fc_layout":"content","content_title":"","block_settings":{"disabled":"No"},"description":"<h2 class=\"centered-onmobile\" style=\"font-weight: 700 !important; margin: 32px 0 !important;\">\u00a1Qu\u00e9 bueno que regresaste!<\/h2>\r\n<a href=\"https:\/\/account.oportun.com\/login\/\" class=\"button button-lg btn-block\" data-event_tracking=\"button_click\" data-event_tracking_section=\"hero\" data-event_tracking_label=\"Log in\" data-di-id=\"di-id-42e94d23-b5bbb34c\">Ingresa <\/a>"},{"acf_fc_layout":"image","block_settings":{"disabled":"No"},"asset":2783125,"asset_mobile":2783119,"alt":"","border_radius_enabled":"yes","disabled_img_mobile":"no","youtube_embed_url":"","autoplay_video":false,"image_link_to":null,"lazy_load":false},{"acf_fc_layout":"content","content_title":"","block_settings":{"disabled":"No"},"description":"<!-- <strong>Precalifica en minutos<\/strong>\r\nsin afectar tu puntaje de cr\u00e9dito\r\n\r\n<a href=\"#general-product-terms\" class=\"see-terms\" data-di-id=\"di-id-665428d2-b85425a4\">Ver condiciones de pr\u00e9stamos personales<\/a> -->"},{"acf_fc_layout":"list","block_settings":{"disabled":"No"},"settings":{"list_type":"horizontal_list","list_style":"card","icon":{"source":""},"title":"","automatic_scrolling":false,"autoscrolling_speed":"mod","card_background":"default","icon_color":"default"},"items":[{"icon":"loan","custom_bullet":"","border_around_icon":"border-none","custom_bullet_color":"black","title":"","text":"<strong>Pr\u00e9stamos<\/strong>\r\nPrecalifica en minutos sin afectar tu puntaje de cr\u00e9dito\r\n\r\n<a href=\"\/es\/prestamos-personales\/\" data-event_tracking=\"button click\" data-event_tracking_section=\"hero\" data-event_tracking_label=\"Apply now\">[CTAText type=\"link small\" label=\"M\u00e1s informaci\u00f3n\" desc=\"Learn more\"]<\/a>","text_border":"none","stars":"","author":""},{"icon":"save_invest","custom_bullet":"","border_around_icon":"border-none","custom_bullet_color":"black","title":"","text":"<strong>Ahorros<\/strong>\r\nAlcanza tus metas con Set &amp; Save<sup><span style=\"font-size: 9px;\">TM<\/span><\/sup>\r\n\r\n<a href=\"\/es\/ahorro-de-dinero\/\" data-event_tracking=\"button click\" data-event_tracking_section=\"hero\" data-event_tracking_label=\"Learn more\">M\u00e1s informaci\u00f3n [icon name=\"arrow-right\"]<\/a>","text_border":"none","stars":"","author":""}],"blocks":null,"icon_settings":{"desktop_aligment":"center","mobile_aligment":"center","if_no_icon_selected_left_space":false}},{"acf_fc_layout":"content","content_title":"","block_settings":{"disabled":"No"},"description":"Mira qu\u00e9 m\u00e1s tiene Oportun para ti:"}]},{"acf_fc_layout":"content_block","settings":{"name":"Social validation ","columns":"1","display":"auto","background":"black","image_placement":"auto","padding":"","ab_component":"","ab_test_type":""},"blocks":[{"acf_fc_layout":"content","content_title":"","block_settings":{"disabled":"No"},"description":"<h2 style=\"text-align: center;\">Hemos hecho amigos en el camino<\/h2>\r\n&nbsp;"},{"acf_fc_layout":"slider_block","settings":{"style":"","automatic_scrolling":false,"autoscrolling_speed":"mod","icon_color":"default"},"items":[{"icon":"ready","text":"<p class=\"slide-title-sm-bottom-margin\">[impact name=\"NPS\" number=\u201dtrue\u201d description=\"false\"] miembros<\/p>\r\nrecomendar\u00eda Oportun a sus amigos\r\n<a href=\"#nps-terms\">Ver m\u00e1s<\/a>"},{"icon":"smiley","text":"<p class=\"slide-title-sm-bottom-margin\">[impact name=\"Google rating\" number=\u201dtrue\u201d description=\"false\"] rese\u00f1as de 5 estrellas<\/p>\r\nen Google y Trustpilot\r\n\r\n<a href=\"\/es\/resenas\/\">Leer m\u00e1s<\/a>"},{"icon":"creditcards","text":"<p class=\"slide-title-sm-bottom-margin\">\"Todo el proceso fue extremadamente f\u00e1cil y agradable.\"<\/p>\r\nClaudia M., <a href=\"https:\/\/search.google.com\/local\/reviews?placeid=ChIJ1Ze-Hy2x3IAROAhkwDb4Wd0\">de Google<\/a>"}]}]},{"acf_fc_layout":"content_block","settings":{"name":"Get app","columns":"1","display":"auto","background":"light-gray","image_placement":"auto","padding":"","ab_component":"","ab_test_type":""},"blocks":[{"acf_fc_layout":"content","content_title":"","block_settings":{"disabled":"No"},"description":"<img src=\"https:\/\/oportun.com\/wp-content\/uploads\/2024\/03\/good-morning-desktop-spanish.png\" alt=\"\" class=\"alignnone size-full wp-image-2748522\" style=\"width: 150%; height: auto;\" \/>"},{"acf_fc_layout":"content","content_title":"","block_settings":{"disabled":"No"},"description":"<h2 style=\"text-align: center;\">Nuestras soluciones inteligentes en la palma de tu mano<\/h2>\r\n<p style=\"text-align: center;\">La app de Oportun te ayuda a establecer metas y ahorrar sin pensarlo.<oportun-icon name=\"external-link\" class=\"global\"><\/oportun-icon><\/p>\r\n[appstore_button align=\"center\" text=\"Obtener la app de Oportun\"]"}]},{"acf_fc_layout":"content_block","settings":{"name":"Personal loan","columns":"2","display":"auto","background":"none","image_placement":"left","padding":"","ab_component":"","ab_test_type":""},"blocks":[{"acf_fc_layout":"image","block_settings":{"disabled":"No"},"asset":2786079,"asset_mobile":null,"alt":"","border_radius_enabled":"yes","disabled_img_mobile":"no","youtube_embed_url":"","autoplay_video":false,"image_link_to":null,"lazy_load":true},{"acf_fc_layout":"list","block_settings":{"disabled":"No"},"settings":{"list_type":"list","list_style":"bullet","icon":{"source":""},"title":"","automatic_scrolling":false,"autoscrolling_speed":"mod","card_background":"default","icon_color":"default"},"items":[{"icon":"0","custom_bullet":"","border_around_icon":"border-none","custom_bullet_color":"black","title":"","text":"<h2>Pr\u00e9stamos personales para todo tipo de metas<\/h2>","text_border":"none","stars":"","author":""},{"icon":"handmoney","custom_bullet":"","border_around_icon":"border-none","custom_bullet_color":"black","title":"","text":"<strong>Desde $300 hasta [impact name=\"PL returning max\" number=\u201dtrue\u201d description=\"false\"]<\/strong>\r\nPara facturas, reparaciones, dep\u00f3sitos y mucho m\u00e1s","text_border":"none","stars":"","author":""},{"icon":"backgroundcheck","custom_bullet":"","border_around_icon":"border-none","custom_bullet_color":"black","title":"","text":"<strong>Fondos r\u00e1pidos<\/strong>\r\nCon dep\u00f3sito directo","text_border":"none","stars":"","author":""},{"icon":"coin","custom_bullet":"","border_around_icon":"border-none","custom_bullet_color":"black","title":"","text":"<strong>Pagos accesibles<\/strong>\r\nQue se ajustan a tu presupuesto","text_border":"none","stars":"","author":""},{"icon":"0","custom_bullet":"","border_around_icon":"border-none","custom_bullet_color":"black","title":"","text":"<p style=\"text-align: left;\">[apply-btn tracking-section=\"hero\" tracking-label=\"Apply now\" text=\"Aplicar ahora\"] <a href=\"\/es\/prestamos-personales\/\" data-event_tracking=\"button click\" data-event_tracking_section=\"body\" data-event_tracking_label=\"Learn more\">M\u00e1s informaci\u00f3n<\/a><\/p>","text_border":"none","stars":"","author":""}],"blocks":null,"icon_settings":{"desktop_aligment":"center","mobile_aligment":"center","if_no_icon_selected_left_space":false}}]},{"acf_fc_layout":"content_block","settings":{"name":"Loan calculator ","columns":"1","display":"auto","background":"none","image_placement":"auto","padding":"","ab_component":"","ab_test_type":""},"blocks":[{"acf_fc_layout":"loan_calculator","block_settings":{"disabled":"No"},"loan_calculator_style":"regular","pre_populate_based_on_location":"no","inside_hero":"no","title":"Calculadora de pr\u00e9stamo","description":"\u00bfC\u00f3mo ser\u00edan los pagos de tu pr\u00e9stamo?","disable_apply":"no","upl_spl_type_selector":"radio","available_states":["AL","AK","AS","AZ","AR","CA","CO","CT","DC","DE","FL","GA","GU","HI","ID","IL","IN","IA","KS","KY","LA","ME","MD","MA","MI","MN","MS","MO","MT","NE","NV","NH","NJ","NM","NY","NC","ND","OH","OK","OR","PA","RI","SC","SD","TN","TX","UT","VT","VA","VI","WA","WV","WI","WY"],"loan_calc_cta_text":"","loan_calc_cta_url":"","loan_calc_initial_loan_amount_title":"","loan_calc_initial_loan_amount":"","loan_calc_initial_slider_position":"''"}]},{"acf_fc_layout":"content_block","settings":{"name":"Contact us","columns":"1","display":"wide","background":"none","image_placement":"auto","padding":"30px var(--space-md) ","ab_component":"locations-zip","ab_test_type":"control"},"blocks":[{"acf_fc_layout":"content","content_title":"","block_settings":{"disabled":"No"},"description":"<h2 style=\"text-align: center;\">3 maneras de aplicar a un pr\u00e9stamo<\/h2>"},{"acf_fc_layout":"list","block_settings":{"disabled":"Yes"},"settings":{"list_type":"slider","list_style":"center","icon":{"source":""},"title":"","automatic_scrolling":false,"autoscrolling_speed":"mod","card_background":"default","icon_color":"green"},"items":[{"icon":"location","custom_bullet":"","border_around_icon":"border-none","custom_bullet_color":"black","title":"","text":"<h3>En persona<\/h3>\r\n&nbsp;\r\n<p style=\"text-align: center;\"><a href=\"\/es\/sucursales\/\" class=\"button\" data-event_tracking=\"button click\" data-event_tracking_section=\"body\" data-event_tracking_label=\"Locations\">Sucursales<\/a><\/p>","text_border":"none","stars":"","author":""},{"icon":"phone-call","custom_bullet":"","border_around_icon":"border-none","custom_bullet_color":"black","title":"","text":"<h3>Por tel\u00e9fono<\/h3>\r\n&nbsp;\r\n<p style=\"text-align: center;\"><a href=\"tel:8664886090\" class=\"button\" data-event_tracking=\"button click\" data-event_tracking_section=\"body\" data-event_tracking_label=\"(866) 488-6090\">(866) 488-6090<\/a><\/p>","text_border":"none","stars":"","author":""},{"icon":"globe","custom_bullet":"","border_around_icon":"border-none","custom_bullet_color":"black","title":"","text":"<h3>En l\u00ednea<\/h3>\r\n[apply-btn tracking-section=\"body\" tracking-label=\"Apply now\" text=\"Aplicar ahora\" align=\"center\"]","text_border":"none","stars":"","author":""}],"blocks":null,"icon_settings":{"desktop_aligment":"center","mobile_aligment":"center","if_no_icon_selected_left_space":false}},{"acf_fc_layout":"slider_block","settings":{"style":"","automatic_scrolling":false,"autoscrolling_speed":"mod","icon_color":"default"},"items":[{"icon":"location","text":"<p class=\"slide-title-lg-bottom-margin\">En persona<\/p>\r\n&nbsp;\r\n<p style=\"text-align: center;\"><a href=\"\/es\/sucursales\/\" class=\"button\" data-event_tracking=\"button click\" data-event_tracking_section=\"body\" data-event_tracking_label=\"Locations\">Sucursales<\/a><\/p>"},{"icon":"phone-call","text":"<p class=\"slide-title-lg-bottom-margin\">Por tel\u00e9fono<\/p>\r\n&nbsp;\r\n<p style=\"text-align: center;\"><a href=\"tel:8664886090\" class=\"button\" data-event_tracking=\"button click\" data-event_tracking_section=\"body\" data-event_tracking_label=\"(866) 488-6090\">(866) 488-6090<\/a><\/p>"},{"icon":"globe","text":"<p class=\"slide-title-lg-bottom-margin\">En l\u00ednea<\/p>\r\n\r\n[apply-btn tracking-section=\"body\" tracking-label=\"Apply now\" text=\"Aplicar ahora\" align=\"center\"]"}]}]},{"acf_fc_layout":"content_block","settings":{"name":"Savings","columns":"2","display":"auto","background":"light-gray","image_placement":"right","padding":"","ab_component":"","ab_test_type":""},"blocks":[{"acf_fc_layout":"image","block_settings":{"disabled":"No"},"asset":2748437,"asset_mobile":null,"alt":"","border_radius_enabled":"yes","disabled_img_mobile":"no","youtube_embed_url":"","autoplay_video":false,"image_link_to":null,"lazy_load":true},{"acf_fc_layout":"list","block_settings":{"disabled":"No"},"settings":{"list_type":"list","list_style":"bullet","icon":{"source":""},"title":"","automatic_scrolling":false,"autoscrolling_speed":"mod","card_background":"default","icon_color":"green"},"items":[{"icon":"0","custom_bullet":"","border_around_icon":"border-none","custom_bullet_color":"black","title":"","text":"<h2>Set &amp; Save<sup><span style=\"font-size: 12px;\"><sup>TM<\/sup><\/span><\/sup> te ayuda a ahorrar sin pensarlo<\/h2>","text_border":"none","stars":"","author":""},{"icon":"plus","custom_bullet":"","border_around_icon":"border-none","custom_bullet_color":"black","title":"","text":"<strong>Una forma m\u00e1s inteligente de ahorrar<\/strong>\r\nEstablece tus metas de ahorro y nos pondremos a trabajar para que las logres","text_border":"none","stars":"","author":""},{"icon":"ready","custom_bullet":"","border_around_icon":"border-none","custom_bullet_color":"black","title":"","text":"<strong>Cantidades estrat\u00e9gicas, ahorradas de a pocos<\/strong>\r\nSet &amp; Save aprende tus h\u00e1bitos de gastos y transfiere dinero inteligentemente a tu cuenta de ahorros","text_border":"none","stars":"","author":""},{"icon":"savings-bonus","custom_bullet":"","border_around_icon":"border-none","custom_bullet_color":"black","title":"","text":"<strong>En promedio, nuestros miembros ahorran m\u00e1s de [impact name=\"neobank average savings\" number=\u201dtrue\u201d description=\"false\"] al a\u00f1o*<\/strong>\r\nSuma m\u00e1s r\u00e1pido de lo que imaginas","text_border":"none","stars":"","author":""},{"icon":"0","custom_bullet":"","border_around_icon":"border-none","custom_bullet_color":"black","title":"","text":"&nbsp;\r\n<p style=\"text-align: center;\"><a href=\"\/es\/ahorro-de-dinero\/\" class=\"button\" data-event_tracking=\"button click\" data-event_tracking_section=\"body\" data-event_tracking_label=\"Learn more\">M\u00e1s informaci\u00f3n<\/a><\/p>","text_border":"none","stars":"","author":""}],"blocks":null,"icon_settings":{"desktop_aligment":"center","mobile_aligment":"center","if_no_icon_selected_left_space":false}}]},{"acf_fc_layout":"content_block","settings":{"name":"3rd party badges","columns":"3","display":"auto","background":"none","image_placement":"auto","padding":"","ab_component":"","ab_test_type":""},"blocks":[{"acf_fc_layout":"global_modules","module_to_use":2753931}]},{"acf_fc_layout":"content_block","settings":{"name":"Blog","columns":"1","display":"auto","background":"none","image_placement":"auto","padding":"","ab_component":"","ab_test_type":""},"blocks":[{"acf_fc_layout":"content","content_title":"","block_settings":{"disabled":"No"},"description":"<h2 style=\"text-align: center;\">La gu\u00eda de dinero de Oportun<\/h2>"},{"acf_fc_layout":"featured_posts","block_settings":{"disabled":"No"},"title":"","category":100},{"acf_fc_layout":"content","content_title":"","block_settings":{"disabled":"No"},"description":"<p style=\"text-align: center;\"><a href=\"\/es\/educacion-financiera\/\" class=\"button\" data-event_tracking=\"button click\" data-event_tracking_section=\"body\" data-event_tracking_label=\"View financial education\">Ver educaci\u00f3n financiera<\/a><\/p>"}]},{"acf_fc_layout":"content_block","settings":{"name":"Questions_Block","columns":"2","display":"auto","background":"none","image_placement":"right","padding":"","ab_component":"","ab_test_type":""},"blocks":[{"acf_fc_layout":"image","block_settings":{"disabled":"No"},"asset":2783223,"asset_mobile":null,"alt":"","border_radius_enabled":"yes","disabled_img_mobile":"no","youtube_embed_url":"","autoplay_video":false,"image_link_to":null,"lazy_load":true},{"acf_fc_layout":"content","content_title":"","block_settings":{"disabled":"No"},"description":"<h2>Eso es todo<\/h2>\r\n\u00bfTodav\u00eda tienes preguntas? Aqu\u00ed hay algunas que ya hemos respondido."},{"acf_fc_layout":"faq","select_a_category":[213,122,120,123,124,277,121],"font_size_of_categories_list":"normal","select_questions":[12109,12108,12107],"extra_questions":null},{"acf_fc_layout":"content","content_title":"","block_settings":{"disabled":"No"},"description":"<p style=\"text-align: left;\"><a href=\"\/es\/preguntas-frecuentes\/\" class=\"button\" data-event_tracking=\"button click\" data-event_tracking_section=\"body\" data-event_tracking_label=\"Read more\">Leer m\u00e1s<\/a><\/p>"}]},{"acf_fc_layout":"content_block","settings":{"name":"#1 App - Test 1Savings","columns":"1","display":"auto","background":"light-gray","image_placement":"left","padding":"","ab_component":"","ab_test_type":""},"blocks":[{"acf_fc_layout":"list","block_settings":{"disabled":"Yes"},"settings":{"list_type":"horizontal_list","list_style":"center","icon":{"source":""},"title":"","automatic_scrolling":false,"autoscrolling_speed":"mod","card_background":"default","icon_color":"default"},"items":[{"icon":"0","custom_bullet":"","border_around_icon":"border-none","custom_bullet_color":"black","title":"","text":"<img src=\"https:\/\/oportun.com\/wp-content\/uploads\/2024\/01\/oportun-best-savings-app.png\" alt=\"\" width=\"372\" height=\"307\" class=\"alignnone size-full wp-image-2681441\" style=\"width: 257px; height: 213px;\" \/>","text_border":"none","stars":"","author":""}],"blocks":null,"icon_settings":{"desktop_aligment":"center","mobile_aligment":"center","if_no_icon_selected_left_space":false}},{"acf_fc_layout":"content","content_title":"","block_settings":{"disabled":"No"},"description":"<div class=\"savings-app-badge\">\r\n<p style=\"display: inline-block; margin: 0;\"><img src=\"https:\/\/res.cloudinary.com\/oportun-dev-stg\/images\/v1693342262\/oportundev2\/oportun-best-savings-app\/oportun-best-savings-app.png?_i=AA\" alt=\"Graphic showing that Bankrate listed the Oportun app at #1 on a list of the \u201c8 best money savings apps of 2023&quot;\" width=\"372\" height=\"307\" class=\"alignnone wp-image-2608028\" style=\"width: auto; height: 141px; display: inline-block; max-width: unset;\" \/><\/p>\r\n\r\n<h2 style=\"text-align: center;\">La app #1 en ahorros de 2025 seg\u00fan <a href=\"https:\/\/www.bankrate.com\/personal-finance\/best-money-saving-apps\/\">Bankrate<\/a><\/h2>\r\n<\/div>"}]}]},"_links":{"self":[{"href":"https:\/\/oportun.com\/es\/wp-json\/wp\/v2\/pages\/11448","targetHints":{"allow":["GET"]}}],"collection":[{"href":"https:\/\/oportun.com\/es\/wp-json\/wp\/v2\/pages"}],"about":[{"href":"https:\/\/oportun.com\/es\/wp-json\/wp\/v2\/types\/page"}],"author":[{"embeddable":true,"href":"https:\/\/oportun.com\/es\/wp-json\/wp\/v2\/users\/1"}],"replies":[{"embeddable":true,"href":"https:\/\/oportun.com\/es\/wp-json\/wp\/v2\/comments?post=11448"}],"version-history":[{"count":3,"href":"https:\/\/oportun.com\/es\/wp-json\/wp\/v2\/pages\/11448\/revisions"}],"predecessor-version":[{"id":2787876,"href":"https:\/\/oportun.com\/es\/wp-json\/wp\/v2\/pages\/11448\/revisions\/2787876"}],"wp:attachment":[{"href":"https:\/\/oportun.com\/es\/wp-json\/wp\/v2\/media?parent=11448"}],"wp:term":[{"taxonomy":"folder","embeddable":true,"href":"https:\/\/oportun.com\/es\/wp-json\/wp\/v2\/folder?post=11448"}],"curies":[{"name":"wp","href":"https:\/\/api.w.org\/{rel}","templated":true}]}}